{"id":12456,"date":"2025-06-29T14:27:53","date_gmt":"2025-06-29T12:27:53","guid":{"rendered":"https:\/\/uj.adatbank.ro\/lexikon\/termek\/koncz-boldizsar\/"},"modified":"2025-06-29T14:27:53","modified_gmt":"2025-06-29T12:27:53","slug":"koncz-boldizsar","status":"publish","type":"product","link":"https:\/\/uj.adatbank.ro\/lexikon\/termek\/koncz-boldizsar\/","title":{"rendered":"KONCZ Boldizs\u00e1r"},"content":{"rendered":"<p>? \u2020 ? : kuruc kapit\u00e1ny. \u2013 Harc n\u00e9lk\u00fcl megh\u00f3doltatta Mv. -t a kurucoknak (1704). A marossz\u00e9ki kurucok elismert\u00e9k sz\u00e9ki f\u0151kapit\u00e1nynak, de a sz\u00e9k id\u0151k\u00f6zben R\u00e1k\u00f3czi p\u00e1rtiv\u00e1 v\u00e1lt el\u0151lj\u00e1r\u00f3s\u00e1ga megtagadta, r\u00f6vid id\u0151 alatt ezredparancsnok lett. 110 szem\u00e9lyt kitev\u0151 serege marossz\u00e9ki jobb\u00e1gyokb\u00f3l \u00e9s zsell\u00e9rekb\u0151l \u00e1llt. <br \/><strong>Irod.:<\/strong> P\u00e1l-Anal 2009<\/br><\/p>\n","protected":false},"excerpt":{"rendered":"<p>? \u2020 ? : kuruc kapit\u00e1ny. \u2013 Harc n\u00e9lk\u00fcl megh\u00f3doltatta Mv. -t a kurucoknak (1704). A marossz\u00e9ki kurucok elismert\u00e9k sz\u00e9ki f\u0151kapit\u00e1nynak, de a sz\u00e9k id\u0151k\u00f6zben R\u00e1k\u00f3czi p\u00e1rtiv\u00e1 v\u00e1lt el\u0151lj\u00e1r\u00f3s\u00e1ga megtagadta, r\u00f6vid id\u0151 alatt ezredparancsnok lett. 110 szem\u00e9lyt kitev\u0151 serege marossz\u00e9ki jobb\u00e1gyokb\u00f3l \u00e9s zsell\u00e9rekb\u0151l \u00e1llt. Irod.: P\u00e1l-Anal 2009<\/p>\n","protected":false},"featured_media":0,"comment_status":"open","ping_status":"closed","template":"","meta":[],"product_brand":[],"product_cat":[137],"product_tag":[],"class_list":{"0":"post-12456","1":"product","2":"type-product","3":"status-publish","5":"product_cat-maros-megyei-eletrajzi-lexikon","7":"first","8":"instock","9":"shipping-taxable","10":"product-type-simple"},"_links":{"self":[{"href":"https:\/\/uj.adatbank.ro\/lexikon\/wp-json\/wp\/v2\/product\/12456","targetHints":{"allow":["GET"]}}],"collection":[{"href":"https:\/\/uj.adatbank.ro\/lexikon\/wp-json\/wp\/v2\/product"}],"about":[{"href":"https:\/\/uj.adatbank.ro\/lexikon\/wp-json\/wp\/v2\/types\/product"}],"replies":[{"embeddable":true,"href":"https:\/\/uj.adatbank.ro\/lexikon\/wp-json\/wp\/v2\/comments?post=12456"}],"wp:attachment":[{"href":"https:\/\/uj.adatbank.ro\/lexikon\/wp-json\/wp\/v2\/media?parent=12456"}],"wp:term":[{"taxonomy":"product_brand","embeddable":true,"href":"https:\/\/uj.adatbank.ro\/lexikon\/wp-json\/wp\/v2\/product_brand?post=12456"},{"taxonomy":"product_cat","embeddable":true,"href":"https:\/\/uj.adatbank.ro\/lexikon\/wp-json\/wp\/v2\/product_cat?post=12456"},{"taxonomy":"product_tag","embeddable":true,"href":"https:\/\/uj.adatbank.ro\/lexikon\/wp-json\/wp\/v2\/product_tag?post=12456"}],"curies":[{"name":"wp","href":"https:\/\/api.w.org\/{rel}","templated":true}]}}