{"id":12457,"date":"2025-06-29T14:27:56","date_gmt":"2025-06-29T12:27:56","guid":{"rendered":"https:\/\/uj.adatbank.ro\/lexikon\/termek\/koncz-boldizsar-nagysolymosi\/"},"modified":"2025-06-29T14:27:56","modified_gmt":"2025-06-29T12:27:56","slug":"koncz-boldizsar-nagysolymosi","status":"publish","type":"product","link":"https:\/\/uj.adatbank.ro\/lexikon\/termek\/koncz-boldizsar-nagysolymosi\/","title":{"rendered":"KONCZ Boldizs\u00e1r, nagysolymosi"},"content":{"rendered":"<p>?. \u2020 ?: l\u00f3f\u0151. \u2013 A s\u00f3falvi s\u00f3b\u00e1ny\u00e1k f\u0151kamar\u00e1sa Bethlen G\u00e1bor fejedelem idej\u00e9n. Feles\u00e9ge: Incse Erzs\u00e9bet, gyermekeik: Mih\u00e1ly, J\u00e1nos, Andr\u00e1s, Istv\u00e1n, P\u00e1l, Boldizs\u00e1r \u00e9s Tam\u00e1s. \u2013 Fiaival egy\u00fctt c\u00edmeres adom\u00e1nylevelet kapott, \u00e9s a nagysolymosi h\u00e1z\u00e1ra mentess\u00e9get (1642. j\u00fan. 16.). Egyik unok\u00e1ja K. Boldizs\u00e1r, unit. lelk\u00e9sz Dics\u0151szentm\u00e1rtonban. <br \/><strong>Irod.:<\/strong> K\u00e9nosi-Uzoni 1.; P\u00e9ter H. M. 2013<\/br><\/p>\n","protected":false},"excerpt":{"rendered":"<p>?. \u2020 ?: l\u00f3f\u0151. \u2013 A s\u00f3falvi s\u00f3b\u00e1ny\u00e1k f\u0151kamar\u00e1sa Bethlen G\u00e1bor fejedelem idej\u00e9n. Feles\u00e9ge: Incse Erzs\u00e9bet, gyermekeik: Mih\u00e1ly, J\u00e1nos, Andr\u00e1s, Istv\u00e1n, P\u00e1l, Boldizs\u00e1r \u00e9s Tam\u00e1s. \u2013 Fiaival egy\u00fctt c\u00edmeres adom\u00e1nylevelet kapott, \u00e9s a nagysolymosi h\u00e1z\u00e1ra mentess\u00e9get (1642. j\u00fan. 16.). Egyik unok\u00e1ja K. Boldizs\u00e1r, unit. lelk\u00e9sz Dics\u0151szentm\u00e1rtonban. Irod.: K\u00e9nosi-Uzoni 1.; P\u00e9ter H. M. 2013<\/p>\n","protected":false},"featured_media":0,"comment_status":"open","ping_status":"closed","template":"","meta":[],"product_brand":[],"product_cat":[137],"product_tag":[],"class_list":{"0":"post-12457","1":"product","2":"type-product","3":"status-publish","5":"product_cat-maros-megyei-eletrajzi-lexikon","7":"first","8":"instock","9":"shipping-taxable","10":"product-type-simple"},"_links":{"self":[{"href":"https:\/\/uj.adatbank.ro\/lexikon\/wp-json\/wp\/v2\/product\/12457","targetHints":{"allow":["GET"]}}],"collection":[{"href":"https:\/\/uj.adatbank.ro\/lexikon\/wp-json\/wp\/v2\/product"}],"about":[{"href":"https:\/\/uj.adatbank.ro\/lexikon\/wp-json\/wp\/v2\/types\/product"}],"replies":[{"embeddable":true,"href":"https:\/\/uj.adatbank.ro\/lexikon\/wp-json\/wp\/v2\/comments?post=12457"}],"wp:attachment":[{"href":"https:\/\/uj.adatbank.ro\/lexikon\/wp-json\/wp\/v2\/media?parent=12457"}],"wp:term":[{"taxonomy":"product_brand","embeddable":true,"href":"https:\/\/uj.adatbank.ro\/lexikon\/wp-json\/wp\/v2\/product_brand?post=12457"},{"taxonomy":"product_cat","embeddable":true,"href":"https:\/\/uj.adatbank.ro\/lexikon\/wp-json\/wp\/v2\/product_cat?post=12457"},{"taxonomy":"product_tag","embeddable":true,"href":"https:\/\/uj.adatbank.ro\/lexikon\/wp-json\/wp\/v2\/product_tag?post=12457"}],"curies":[{"name":"wp","href":"https:\/\/api.w.org\/{rel}","templated":true}]}}