{"id":12458,"date":"2025-06-29T14:27:58","date_gmt":"2025-06-29T12:27:58","guid":{"rendered":"https:\/\/uj.adatbank.ro\/lexikon\/termek\/koncz-boldizsar-solymosi\/"},"modified":"2025-06-29T14:27:58","modified_gmt":"2025-06-29T12:27:58","slug":"koncz-boldizsar-solymosi","status":"publish","type":"product","link":"https:\/\/uj.adatbank.ro\/lexikon\/termek\/koncz-boldizsar-solymosi\/","title":{"rendered":"KONCZ Boldizs\u00e1r, solymosi"},"content":{"rendered":"<p>1624\u2020 Kv., 1684. \u00e1pr. 16..: unit. pap, majd p\u00fcsp\u00f6k. \u2013 K. Boldizs\u00e1r \u00e9s Incze Erzs\u00e9bet fia. \u2013 Unit. lelk\u00e9sz Dics\u0151szentm\u00e1rtonban. K\u00fck\u00fcll\u0151 megy\u00e9ben esperesnek v\u00e1lasztott\u00e1k a kv.-i konziszt\u00f3riumon, majd p\u00fcsp\u00f6k hal\u00e1l\u00e1ig (1663\u20131684). \u00c1d\u00e1moson v\u00e1lasztott\u00e1k meg p\u00fcsp\u00f6knek (1663. okt. 21.) <br \/><strong>Irod.:<\/strong> Kelemen Imre; Kelemen Lajos 1982; K\u00e9nosi-Uzoni 1.; P\u00e9ter H. M. 2013; Zov\u00e1nyi (1693\u20131724 m\u00e1rc.).<\/br><\/p>\n","protected":false},"excerpt":{"rendered":"<p>1624\u2020 Kv., 1684. \u00e1pr. 16..: unit. pap, majd p\u00fcsp\u00f6k. \u2013 K. Boldizs\u00e1r \u00e9s Incze Erzs\u00e9bet fia. \u2013 Unit. lelk\u00e9sz Dics\u0151szentm\u00e1rtonban. K\u00fck\u00fcll\u0151 megy\u00e9ben esperesnek v\u00e1lasztott\u00e1k a kv.-i konziszt\u00f3riumon, majd p\u00fcsp\u00f6k hal\u00e1l\u00e1ig (1663\u20131684). \u00c1d\u00e1moson v\u00e1lasztott\u00e1k meg p\u00fcsp\u00f6knek (1663. okt. 21.) Irod.: Kelemen Imre; Kelemen Lajos 1982; K\u00e9nosi-Uzoni 1.; P\u00e9ter H. M. 2013; Zov\u00e1nyi (1693\u20131724 m\u00e1rc.).<\/p>\n","protected":false},"featured_media":0,"comment_status":"open","ping_status":"closed","template":"","meta":[],"product_brand":[],"product_cat":[137],"product_tag":[],"class_list":{"0":"post-12458","1":"product","2":"type-product","3":"status-publish","5":"product_cat-maros-megyei-eletrajzi-lexikon","7":"first","8":"instock","9":"shipping-taxable","10":"product-type-simple"},"_links":{"self":[{"href":"https:\/\/uj.adatbank.ro\/lexikon\/wp-json\/wp\/v2\/product\/12458","targetHints":{"allow":["GET"]}}],"collection":[{"href":"https:\/\/uj.adatbank.ro\/lexikon\/wp-json\/wp\/v2\/product"}],"about":[{"href":"https:\/\/uj.adatbank.ro\/lexikon\/wp-json\/wp\/v2\/types\/product"}],"replies":[{"embeddable":true,"href":"https:\/\/uj.adatbank.ro\/lexikon\/wp-json\/wp\/v2\/comments?post=12458"}],"wp:attachment":[{"href":"https:\/\/uj.adatbank.ro\/lexikon\/wp-json\/wp\/v2\/media?parent=12458"}],"wp:term":[{"taxonomy":"product_brand","embeddable":true,"href":"https:\/\/uj.adatbank.ro\/lexikon\/wp-json\/wp\/v2\/product_brand?post=12458"},{"taxonomy":"product_cat","embeddable":true,"href":"https:\/\/uj.adatbank.ro\/lexikon\/wp-json\/wp\/v2\/product_cat?post=12458"},{"taxonomy":"product_tag","embeddable":true,"href":"https:\/\/uj.adatbank.ro\/lexikon\/wp-json\/wp\/v2\/product_tag?post=12458"}],"curies":[{"name":"wp","href":"https:\/\/api.w.org\/{rel}","templated":true}]}}