{"id":12459,"date":"2025-06-29T14:28:02","date_gmt":"2025-06-29T12:28:02","guid":{"rendered":"https:\/\/uj.adatbank.ro\/lexikon\/termek\/koncz-domokos\/"},"modified":"2025-06-29T14:28:02","modified_gmt":"2025-06-29T12:28:02","slug":"koncz-domokos","status":"publish","type":"product","link":"https:\/\/uj.adatbank.ro\/lexikon\/termek\/koncz-domokos\/","title":{"rendered":"KONCZ Domokos"},"content":{"rendered":"<p>? \u2020 ?: malomtulajdonos. \u2013 A N\u00e1zna falusi Koncz Malom (alap\u00edtott\u00e1k 1911) tulajdonosa. Az \u00e1llamos\u00edt\u00e1skor Chetele\u015f Simion (1924) munk\u00e1st b\u00edzt\u00e1k meg a napi egy vagon gabona meg\u0151rl\u00e9s\u00e9re k\u00e9pes malom vezet\u00e9s\u00e9vel (1948. j\u00fan. 18.). Mivel vesztes\u00e9gesen termelt, lev\u00e1ltott\u00e1k \u00e9s hely\u00e9be ideiglenesen Nemes J\u00e1nos-t b\u00edzt\u00e1k meg az \u00fcgyint\u00e9z\u00e9ssel (1949. m\u00e1rc. 15.). K\u00e9s\u0151bb, Maros Megye Ideiglenes Tan\u00e1csa hat\u00e1rozata \u00e9rtelm\u00e9ben, a malmot beolvasztott\u00e1k a mv.-i sz\u00e9khely\u0171 Interna\u0163ionala V\u00e1llalatba (1950. j\u00fal. 1. \u2013). <br \/><strong>Irod.:<\/strong> Bartos Zol\u00e1n<\/br><\/p>\n","protected":false},"excerpt":{"rendered":"<p>? \u2020 ?: malomtulajdonos. \u2013 A N\u00e1zna falusi Koncz Malom (alap\u00edtott\u00e1k 1911) tulajdonosa. Az \u00e1llamos\u00edt\u00e1skor Chetele\u015f Simion (1924) munk\u00e1st b\u00edzt\u00e1k meg a napi egy vagon gabona meg\u0151rl\u00e9s\u00e9re k\u00e9pes malom vezet\u00e9s\u00e9vel (1948. j\u00fan. 18.). Mivel vesztes\u00e9gesen termelt, lev\u00e1ltott\u00e1k \u00e9s hely\u00e9be ideiglenesen Nemes J\u00e1nos-t b\u00edzt\u00e1k meg az \u00fcgyint\u00e9z\u00e9ssel (1949. m\u00e1rc. 15.). K\u00e9s\u0151bb, Maros Megye Ideiglenes Tan\u00e1csa hat\u00e1rozata [&hellip;]<\/p>\n","protected":false},"featured_media":0,"comment_status":"open","ping_status":"closed","template":"","meta":[],"product_brand":[],"product_cat":[137],"product_tag":[],"class_list":{"0":"post-12459","1":"product","2":"type-product","3":"status-publish","5":"product_cat-maros-megyei-eletrajzi-lexikon","7":"first","8":"instock","9":"shipping-taxable","10":"product-type-simple"},"_links":{"self":[{"href":"https:\/\/uj.adatbank.ro\/lexikon\/wp-json\/wp\/v2\/product\/12459","targetHints":{"allow":["GET"]}}],"collection":[{"href":"https:\/\/uj.adatbank.ro\/lexikon\/wp-json\/wp\/v2\/product"}],"about":[{"href":"https:\/\/uj.adatbank.ro\/lexikon\/wp-json\/wp\/v2\/types\/product"}],"replies":[{"embeddable":true,"href":"https:\/\/uj.adatbank.ro\/lexikon\/wp-json\/wp\/v2\/comments?post=12459"}],"wp:attachment":[{"href":"https:\/\/uj.adatbank.ro\/lexikon\/wp-json\/wp\/v2\/media?parent=12459"}],"wp:term":[{"taxonomy":"product_brand","embeddable":true,"href":"https:\/\/uj.adatbank.ro\/lexikon\/wp-json\/wp\/v2\/product_brand?post=12459"},{"taxonomy":"product_cat","embeddable":true,"href":"https:\/\/uj.adatbank.ro\/lexikon\/wp-json\/wp\/v2\/product_cat?post=12459"},{"taxonomy":"product_tag","embeddable":true,"href":"https:\/\/uj.adatbank.ro\/lexikon\/wp-json\/wp\/v2\/product_tag?post=12459"}],"curies":[{"name":"wp","href":"https:\/\/api.w.org\/{rel}","templated":true}]}}