{"id":12461,"date":"2025-06-29T14:28:05","date_gmt":"2025-06-29T12:28:05","guid":{"rendered":"https:\/\/uj.adatbank.ro\/lexikon\/termek\/koncz-ferenc-2\/"},"modified":"2025-06-29T14:28:05","modified_gmt":"2025-06-29T12:28:05","slug":"koncz-ferenc-2","status":"publish","type":"product","link":"https:\/\/uj.adatbank.ro\/lexikon\/termek\/koncz-ferenc-2\/","title":{"rendered":"KONCZ Ferenc"},"content":{"rendered":"<p>1916., \u2020 Mv., 1998. j\u00fan. 18.: \u00fcgyv\u00e9d. \u2013 Gy\u00e9m\u00e1ntdiplom\u00e1s jog\u00e1sz. \u2013 Mv-en \u00fcgyv\u00e9d. A securitate jelent\u00e9se szerint nem volt alkalmazott (1951). <br \/><strong>Irod.:<\/strong> Bartos 2012; MMK<\/br><\/p>\n","protected":false},"excerpt":{"rendered":"<p>1916., \u2020 Mv., 1998. j\u00fan. 18.: \u00fcgyv\u00e9d. \u2013 Gy\u00e9m\u00e1ntdiplom\u00e1s jog\u00e1sz. \u2013 Mv-en \u00fcgyv\u00e9d. A securitate jelent\u00e9se szerint nem volt alkalmazott (1951). Irod.: Bartos 2012; MMK<\/p>\n","protected":false},"featured_media":0,"comment_status":"open","ping_status":"closed","template":"","meta":[],"product_brand":[],"product_cat":[137],"product_tag":[],"class_list":{"0":"post-12461","1":"product","2":"type-product","3":"status-publish","5":"product_cat-maros-megyei-eletrajzi-lexikon","7":"first","8":"instock","9":"shipping-taxable","10":"product-type-simple"},"_links":{"self":[{"href":"https:\/\/uj.adatbank.ro\/lexikon\/wp-json\/wp\/v2\/product\/12461","targetHints":{"allow":["GET"]}}],"collection":[{"href":"https:\/\/uj.adatbank.ro\/lexikon\/wp-json\/wp\/v2\/product"}],"about":[{"href":"https:\/\/uj.adatbank.ro\/lexikon\/wp-json\/wp\/v2\/types\/product"}],"replies":[{"embeddable":true,"href":"https:\/\/uj.adatbank.ro\/lexikon\/wp-json\/wp\/v2\/comments?post=12461"}],"wp:attachment":[{"href":"https:\/\/uj.adatbank.ro\/lexikon\/wp-json\/wp\/v2\/media?parent=12461"}],"wp:term":[{"taxonomy":"product_brand","embeddable":true,"href":"https:\/\/uj.adatbank.ro\/lexikon\/wp-json\/wp\/v2\/product_brand?post=12461"},{"taxonomy":"product_cat","embeddable":true,"href":"https:\/\/uj.adatbank.ro\/lexikon\/wp-json\/wp\/v2\/product_cat?post=12461"},{"taxonomy":"product_tag","embeddable":true,"href":"https:\/\/uj.adatbank.ro\/lexikon\/wp-json\/wp\/v2\/product_tag?post=12461"}],"curies":[{"name":"wp","href":"https:\/\/api.w.org\/{rel}","templated":true}]}}