{"id":12465,"date":"2025-06-29T14:28:12","date_gmt":"2025-06-29T12:28:12","guid":{"rendered":"https:\/\/uj.adatbank.ro\/lexikon\/termek\/koncz-gyula-koncz-iuliu\/"},"modified":"2025-06-29T14:28:12","modified_gmt":"2025-06-29T12:28:12","slug":"koncz-gyula-koncz-iuliu","status":"publish","type":"product","link":"https:\/\/uj.adatbank.ro\/lexikon\/termek\/koncz-gyula-koncz-iuliu\/","title":{"rendered":"KONCZ Gyula, Koncz Iuliu"},"content":{"rendered":"<p>Mez\u0151szentm\u00e1rton, 1901., \u2020 ? : f\u0151b\u00edr\u00f3 \u00e9s birtokos. \u2013 A gazd\u00e1lkod\u00e1st tanulta, \u00f6n\u00e1ll\u00f3 (1921\u2013) Farag\u00f3n, ugyanakkor a k\u00f6zs\u00e9g f\u0151b\u00edr\u00f3ja. Katona volt a 11. husz\u00e1rezredben. A securitate letart\u00f3ztatta ellens\u00e9ges magatart\u00e1sa miatt (Mv., 1955. m\u00e1rc. 28). <br \/><strong>Irod.:<\/strong> Bartos 2012; Sz\u00e9kelyf\u00f6ld \u00ed. k.<\/br><\/p>\n","protected":false},"excerpt":{"rendered":"<p>Mez\u0151szentm\u00e1rton, 1901., \u2020 ? : f\u0151b\u00edr\u00f3 \u00e9s birtokos. \u2013 A gazd\u00e1lkod\u00e1st tanulta, \u00f6n\u00e1ll\u00f3 (1921\u2013) Farag\u00f3n, ugyanakkor a k\u00f6zs\u00e9g f\u0151b\u00edr\u00f3ja. Katona volt a 11. husz\u00e1rezredben. A securitate letart\u00f3ztatta ellens\u00e9ges magatart\u00e1sa miatt (Mv., 1955. m\u00e1rc. 28). Irod.: Bartos 2012; Sz\u00e9kelyf\u00f6ld \u00ed. k.<\/p>\n","protected":false},"featured_media":0,"comment_status":"open","ping_status":"closed","template":"","meta":[],"product_brand":[],"product_cat":[137],"product_tag":[],"class_list":{"0":"post-12465","1":"product","2":"type-product","3":"status-publish","5":"product_cat-maros-megyei-eletrajzi-lexikon","7":"first","8":"instock","9":"shipping-taxable","10":"product-type-simple"},"_links":{"self":[{"href":"https:\/\/uj.adatbank.ro\/lexikon\/wp-json\/wp\/v2\/product\/12465","targetHints":{"allow":["GET"]}}],"collection":[{"href":"https:\/\/uj.adatbank.ro\/lexikon\/wp-json\/wp\/v2\/product"}],"about":[{"href":"https:\/\/uj.adatbank.ro\/lexikon\/wp-json\/wp\/v2\/types\/product"}],"replies":[{"embeddable":true,"href":"https:\/\/uj.adatbank.ro\/lexikon\/wp-json\/wp\/v2\/comments?post=12465"}],"wp:attachment":[{"href":"https:\/\/uj.adatbank.ro\/lexikon\/wp-json\/wp\/v2\/media?parent=12465"}],"wp:term":[{"taxonomy":"product_brand","embeddable":true,"href":"https:\/\/uj.adatbank.ro\/lexikon\/wp-json\/wp\/v2\/product_brand?post=12465"},{"taxonomy":"product_cat","embeddable":true,"href":"https:\/\/uj.adatbank.ro\/lexikon\/wp-json\/wp\/v2\/product_cat?post=12465"},{"taxonomy":"product_tag","embeddable":true,"href":"https:\/\/uj.adatbank.ro\/lexikon\/wp-json\/wp\/v2\/product_tag?post=12465"}],"curies":[{"name":"wp","href":"https:\/\/api.w.org\/{rel}","templated":true}]}}