{"id":12466,"date":"2025-06-29T14:28:13","date_gmt":"2025-06-29T12:28:13","guid":{"rendered":"https:\/\/uj.adatbank.ro\/lexikon\/termek\/koncz-henrik-nagysolymosi\/"},"modified":"2025-06-29T14:28:13","modified_gmt":"2025-06-29T12:28:13","slug":"koncz-henrik-nagysolymosi","status":"publish","type":"product","link":"https:\/\/uj.adatbank.ro\/lexikon\/termek\/koncz-henrik-nagysolymosi\/","title":{"rendered":"KONCZ Henrik, nagysolymosi"},"content":{"rendered":"<p>Sz\u00e9kelyudvarhely, 1858., \u2020 Bp., 1917. dec. 29.: alt\u00e1bornagy. \u2013 K. Andr\u00e1s \u00e9s Fronius Karolina fia. Feles\u00e9ge: Burd\u00e1cs Irma. Le\u00e1nya: Clarisse. \u2013 Tanult sz\u00fcl\u0151v\u00e1ros\u00e1ban \u00e9s Segesv\u00e1rt, majd Nagyszebenben a kad\u00e9tiskol\u00e1ban. Tanulm\u00e1nyait elv\u00e9gezve vad\u00e1szz\u00e1szl\u00f3aljn\u00e1l szolg\u00e1lt, ahol k\u00e9s\u0151bb f\u0151hadnagy lett \u00e9s \u00e1tment a honv\u00e9ds\u00e9ghez; honv\u00e9dezredes, honv\u00e9d\u0151rnagy, kinevezt\u00e9k a 22. honv\u00e9d gyalogezredhez sz\u00e1zadosnak Mv. -re (1889\u2013); Brass\u00f3ban szolg\u00e1lt, mint k\u00fcl\u00f6nalkalmaz\u00e1s\u00fa \u0151rnagy, cs. kir. alt\u00e1bornagy. A III. oszt. vaskorona-rend, a Ferenc J\u00f3zsef \u2013 rend, a spanyol lovag-rend lovagja. \u2013 <strong>F. m.:<\/strong><strong>ford.:<\/strong> Wuich: Fejteget\u00e9sek \u00e9s p\u00e9ld\u00e1k a f\u0151utas\u00edt\u00e1sokhoz (Bp., 1897), Schmidt Hugo: A parancsad\u00e1s technik\u00e1ja (Mv., 1900). <br \/><strong>Irod.:<\/strong> F\u00fcl\u00f6p\u2013Ferencz; Gy\u00e1szjelent\u0151; P\u00e9ter H. M. 2013; Szinnyei<\/br><\/p>\n","protected":false},"excerpt":{"rendered":"<p>Sz\u00e9kelyudvarhely, 1858., \u2020 Bp., 1917. dec. 29.: alt\u00e1bornagy. \u2013 K. Andr\u00e1s \u00e9s Fronius Karolina fia. Feles\u00e9ge: Burd\u00e1cs Irma. Le\u00e1nya: Clarisse. \u2013 Tanult sz\u00fcl\u0151v\u00e1ros\u00e1ban \u00e9s Segesv\u00e1rt, majd Nagyszebenben a kad\u00e9tiskol\u00e1ban. Tanulm\u00e1nyait elv\u00e9gezve vad\u00e1szz\u00e1szl\u00f3aljn\u00e1l szolg\u00e1lt, ahol k\u00e9s\u0151bb f\u0151hadnagy lett \u00e9s \u00e1tment a honv\u00e9ds\u00e9ghez; honv\u00e9dezredes, honv\u00e9d\u0151rnagy, kinevezt\u00e9k a 22. honv\u00e9d gyalogezredhez sz\u00e1zadosnak Mv. -re (1889\u2013); Brass\u00f3ban szolg\u00e1lt, mint [&hellip;]<\/p>\n","protected":false},"featured_media":0,"comment_status":"open","ping_status":"closed","template":"","meta":[],"product_brand":[],"product_cat":[137],"product_tag":[],"class_list":{"0":"post-12466","1":"product","2":"type-product","3":"status-publish","5":"product_cat-maros-megyei-eletrajzi-lexikon","7":"first","8":"instock","9":"shipping-taxable","10":"product-type-simple"},"_links":{"self":[{"href":"https:\/\/uj.adatbank.ro\/lexikon\/wp-json\/wp\/v2\/product\/12466","targetHints":{"allow":["GET"]}}],"collection":[{"href":"https:\/\/uj.adatbank.ro\/lexikon\/wp-json\/wp\/v2\/product"}],"about":[{"href":"https:\/\/uj.adatbank.ro\/lexikon\/wp-json\/wp\/v2\/types\/product"}],"replies":[{"embeddable":true,"href":"https:\/\/uj.adatbank.ro\/lexikon\/wp-json\/wp\/v2\/comments?post=12466"}],"wp:attachment":[{"href":"https:\/\/uj.adatbank.ro\/lexikon\/wp-json\/wp\/v2\/media?parent=12466"}],"wp:term":[{"taxonomy":"product_brand","embeddable":true,"href":"https:\/\/uj.adatbank.ro\/lexikon\/wp-json\/wp\/v2\/product_brand?post=12466"},{"taxonomy":"product_cat","embeddable":true,"href":"https:\/\/uj.adatbank.ro\/lexikon\/wp-json\/wp\/v2\/product_cat?post=12466"},{"taxonomy":"product_tag","embeddable":true,"href":"https:\/\/uj.adatbank.ro\/lexikon\/wp-json\/wp\/v2\/product_tag?post=12466"}],"curies":[{"name":"wp","href":"https:\/\/api.w.org\/{rel}","templated":true}]}}