{"id":12471,"date":"2025-06-29T14:28:20","date_gmt":"2025-06-29T12:28:20","guid":{"rendered":"https:\/\/uj.adatbank.ro\/lexikon\/termek\/koncz-janos\/"},"modified":"2025-06-29T14:28:20","modified_gmt":"2025-06-29T12:28:20","slug":"koncz-janos","status":"publish","type":"product","link":"https:\/\/uj.adatbank.ro\/lexikon\/termek\/koncz-janos\/","title":{"rendered":"KONCZ J\u00e1nos"},"content":{"rendered":"<p>? \u2020 ?: polg\u00e1rmester. \u2013 Marosszentgy\u00f6rgy polg\u00e1rmestere, aki a m. tannyelv\u0171 iskol\u00e1t k\u00e9t tanteremmel b\u0151v\u00edttette ki. Iskola igazgat\u00f3 akkor Gurza L\u00e1szl\u00f3 volt (1951). <br \/><strong>Irod.:<\/strong> S\u00e2ngeorgiu de Mure\u015f \u2013 \u015ecoala<\/br><\/p>\n","protected":false},"excerpt":{"rendered":"<p>? \u2020 ?: polg\u00e1rmester. \u2013 Marosszentgy\u00f6rgy polg\u00e1rmestere, aki a m. tannyelv\u0171 iskol\u00e1t k\u00e9t tanteremmel b\u0151v\u00edttette ki. Iskola igazgat\u00f3 akkor Gurza L\u00e1szl\u00f3 volt (1951). Irod.: S\u00e2ngeorgiu de Mure\u015f \u2013 \u015ecoala<\/p>\n","protected":false},"featured_media":0,"comment_status":"open","ping_status":"closed","template":"","meta":[],"product_brand":[],"product_cat":[137],"product_tag":[],"class_list":{"0":"post-12471","1":"product","2":"type-product","3":"status-publish","5":"product_cat-maros-megyei-eletrajzi-lexikon","7":"first","8":"instock","9":"shipping-taxable","10":"product-type-simple"},"_links":{"self":[{"href":"https:\/\/uj.adatbank.ro\/lexikon\/wp-json\/wp\/v2\/product\/12471","targetHints":{"allow":["GET"]}}],"collection":[{"href":"https:\/\/uj.adatbank.ro\/lexikon\/wp-json\/wp\/v2\/product"}],"about":[{"href":"https:\/\/uj.adatbank.ro\/lexikon\/wp-json\/wp\/v2\/types\/product"}],"replies":[{"embeddable":true,"href":"https:\/\/uj.adatbank.ro\/lexikon\/wp-json\/wp\/v2\/comments?post=12471"}],"wp:attachment":[{"href":"https:\/\/uj.adatbank.ro\/lexikon\/wp-json\/wp\/v2\/media?parent=12471"}],"wp:term":[{"taxonomy":"product_brand","embeddable":true,"href":"https:\/\/uj.adatbank.ro\/lexikon\/wp-json\/wp\/v2\/product_brand?post=12471"},{"taxonomy":"product_cat","embeddable":true,"href":"https:\/\/uj.adatbank.ro\/lexikon\/wp-json\/wp\/v2\/product_cat?post=12471"},{"taxonomy":"product_tag","embeddable":true,"href":"https:\/\/uj.adatbank.ro\/lexikon\/wp-json\/wp\/v2\/product_tag?post=12471"}],"curies":[{"name":"wp","href":"https:\/\/api.w.org\/{rel}","templated":true}]}}