{"id":12472,"date":"2025-06-29T14:28:24","date_gmt":"2025-06-29T12:28:24","guid":{"rendered":"https:\/\/uj.adatbank.ro\/lexikon\/termek\/koncz-janos-2\/"},"modified":"2025-06-29T14:28:24","modified_gmt":"2025-06-29T12:28:24","slug":"koncz-janos-2","status":"publish","type":"product","link":"https:\/\/uj.adatbank.ro\/lexikon\/termek\/koncz-janos-2\/","title":{"rendered":"KONCZ J\u00e1nos"},"content":{"rendered":"<p>Ludas, 1921. \u00e1pr. 21.? \u2020 ?: f\u00e9nyk\u00e9p\u00e9sz. \u2013 Tagja az AAF \u00e9s a mv. i Fotoklubbnak (1977\u2013). Fotoriporter \u00fajs\u00e1gok munkat\u00e1rsa (\u20131989). A mv.-i Ifjus\u00e1gi H\u00e1z f\u00e9nyk\u00e9p\u00e9szeti ir\u00e1ny\u00edt\u00f3ja, valamint a Diafragma Fot\u00f3klubb eln\u00f6ke. (1986\u201392). A Rom\u00e1n Fotom\u0171v\u00e9szek Sz\u00f6vets\u00e9g\u00e9nek tagja (1988). Sz\u00e1mos hazai \u00e9s nemzetk\u00f6zi ki\u00e1ll\u00edt\u00e1son vett r\u00e9szt, ahol kit\u00fcntet\u00e9seket kapott. &#8211; <strong>F. m.:<\/strong> t\u00e1rsszerz\u0151: Bolyaiak tere: tollvon\u00e1sok egy v\u00e1ros arck\u00e9p\u00e9hez (Nagy P\u00e1l. Mv., 1998), Targu Mures: ghid fotografic Tg. M., 1998). <br \/><strong>Irod.:<\/strong> C. L. (2001 \u00e1pr. 24.); Elm\u00falt jelen; Gy\u0151ri Lajos; US<\/br><\/p>\n","protected":false},"excerpt":{"rendered":"<p>Ludas, 1921. \u00e1pr. 21.? \u2020 ?: f\u00e9nyk\u00e9p\u00e9sz. \u2013 Tagja az AAF \u00e9s a mv. i Fotoklubbnak (1977\u2013). Fotoriporter \u00fajs\u00e1gok munkat\u00e1rsa (\u20131989). A mv.-i Ifjus\u00e1gi H\u00e1z f\u00e9nyk\u00e9p\u00e9szeti ir\u00e1ny\u00edt\u00f3ja, valamint a Diafragma Fot\u00f3klubb eln\u00f6ke. (1986\u201392). A Rom\u00e1n Fotom\u0171v\u00e9szek Sz\u00f6vets\u00e9g\u00e9nek tagja (1988). Sz\u00e1mos hazai \u00e9s nemzetk\u00f6zi ki\u00e1ll\u00edt\u00e1son vett r\u00e9szt, ahol kit\u00fcntet\u00e9seket kapott. &#8211; F. m.: t\u00e1rsszerz\u0151: Bolyaiak tere: [&hellip;]<\/p>\n","protected":false},"featured_media":0,"comment_status":"open","ping_status":"closed","template":"","meta":[],"product_brand":[],"product_cat":[137],"product_tag":[],"class_list":{"0":"post-12472","1":"product","2":"type-product","3":"status-publish","5":"product_cat-maros-megyei-eletrajzi-lexikon","7":"first","8":"instock","9":"shipping-taxable","10":"product-type-simple"},"_links":{"self":[{"href":"https:\/\/uj.adatbank.ro\/lexikon\/wp-json\/wp\/v2\/product\/12472","targetHints":{"allow":["GET"]}}],"collection":[{"href":"https:\/\/uj.adatbank.ro\/lexikon\/wp-json\/wp\/v2\/product"}],"about":[{"href":"https:\/\/uj.adatbank.ro\/lexikon\/wp-json\/wp\/v2\/types\/product"}],"replies":[{"embeddable":true,"href":"https:\/\/uj.adatbank.ro\/lexikon\/wp-json\/wp\/v2\/comments?post=12472"}],"wp:attachment":[{"href":"https:\/\/uj.adatbank.ro\/lexikon\/wp-json\/wp\/v2\/media?parent=12472"}],"wp:term":[{"taxonomy":"product_brand","embeddable":true,"href":"https:\/\/uj.adatbank.ro\/lexikon\/wp-json\/wp\/v2\/product_brand?post=12472"},{"taxonomy":"product_cat","embeddable":true,"href":"https:\/\/uj.adatbank.ro\/lexikon\/wp-json\/wp\/v2\/product_cat?post=12472"},{"taxonomy":"product_tag","embeddable":true,"href":"https:\/\/uj.adatbank.ro\/lexikon\/wp-json\/wp\/v2\/product_tag?post=12472"}],"curies":[{"name":"wp","href":"https:\/\/api.w.org\/{rel}","templated":true}]}}