{"id":12474,"date":"2025-06-29T14:28:27","date_gmt":"2025-06-29T12:28:27","guid":{"rendered":"https:\/\/uj.adatbank.ro\/lexikon\/termek\/koncz-janos-nagykendi\/"},"modified":"2025-06-29T14:28:27","modified_gmt":"2025-06-29T12:28:27","slug":"koncz-janos-nagykendi","status":"publish","type":"product","link":"https:\/\/uj.adatbank.ro\/lexikon\/termek\/koncz-janos-nagykendi\/","title":{"rendered":"KONCZ J\u00e1nos, nagykendi"},"content":{"rendered":"<p>? \u2020 ?: nemes. \u2013 Kit\u00fcnt m\u00e1r az iskol\u00e1ban, majd a kv.-i Kassay Istv\u00e1n mellett a kisebb kancell\u00e1ri\u00e1n, jobb\u00e1gys\u00e1g\u00e1b\u00f3l f\u00fcldes\u00fara, cikm\u00e1rtoni Darlaczi Ferenc felszabad\u00edtotta. I. R\u00e1k\u00f3czi Gy\u00f6rgy \u00e9rdemei\u00e9rt c\u00edmeres nemess\u00e9ggel t\u00fcntette ki (1634. m\u00e1rc. 23.). <br \/><strong>Irod.:<\/strong> S\u00e1ndor Imre<\/br><\/p>\n","protected":false},"excerpt":{"rendered":"<p>? \u2020 ?: nemes. \u2013 Kit\u00fcnt m\u00e1r az iskol\u00e1ban, majd a kv.-i Kassay Istv\u00e1n mellett a kisebb kancell\u00e1ri\u00e1n, jobb\u00e1gys\u00e1g\u00e1b\u00f3l f\u00fcldes\u00fara, cikm\u00e1rtoni Darlaczi Ferenc felszabad\u00edtotta. I. R\u00e1k\u00f3czi Gy\u00f6rgy \u00e9rdemei\u00e9rt c\u00edmeres nemess\u00e9ggel t\u00fcntette ki (1634. m\u00e1rc. 23.). Irod.: S\u00e1ndor Imre<\/p>\n","protected":false},"featured_media":0,"comment_status":"open","ping_status":"closed","template":"","meta":[],"product_brand":[],"product_cat":[137],"product_tag":[],"class_list":{"0":"post-12474","1":"product","2":"type-product","3":"status-publish","5":"product_cat-maros-megyei-eletrajzi-lexikon","7":"first","8":"instock","9":"shipping-taxable","10":"product-type-simple"},"_links":{"self":[{"href":"https:\/\/uj.adatbank.ro\/lexikon\/wp-json\/wp\/v2\/product\/12474","targetHints":{"allow":["GET"]}}],"collection":[{"href":"https:\/\/uj.adatbank.ro\/lexikon\/wp-json\/wp\/v2\/product"}],"about":[{"href":"https:\/\/uj.adatbank.ro\/lexikon\/wp-json\/wp\/v2\/types\/product"}],"replies":[{"embeddable":true,"href":"https:\/\/uj.adatbank.ro\/lexikon\/wp-json\/wp\/v2\/comments?post=12474"}],"wp:attachment":[{"href":"https:\/\/uj.adatbank.ro\/lexikon\/wp-json\/wp\/v2\/media?parent=12474"}],"wp:term":[{"taxonomy":"product_brand","embeddable":true,"href":"https:\/\/uj.adatbank.ro\/lexikon\/wp-json\/wp\/v2\/product_brand?post=12474"},{"taxonomy":"product_cat","embeddable":true,"href":"https:\/\/uj.adatbank.ro\/lexikon\/wp-json\/wp\/v2\/product_cat?post=12474"},{"taxonomy":"product_tag","embeddable":true,"href":"https:\/\/uj.adatbank.ro\/lexikon\/wp-json\/wp\/v2\/product_tag?post=12474"}],"curies":[{"name":"wp","href":"https:\/\/api.w.org\/{rel}","templated":true}]}}