{"id":12475,"date":"2025-06-29T14:28:28","date_gmt":"2025-06-29T12:28:28","guid":{"rendered":"https:\/\/uj.adatbank.ro\/lexikon\/termek\/koncz-janos-nagysolymosi\/"},"modified":"2025-06-29T14:28:28","modified_gmt":"2025-06-29T12:28:28","slug":"koncz-janos-nagysolymosi","status":"publish","type":"product","link":"https:\/\/uj.adatbank.ro\/lexikon\/termek\/koncz-janos-nagysolymosi\/","title":{"rendered":"KONCZ J\u00e1nos, nagysolymosi."},"content":{"rendered":"<p>Dics\u0151szentm\u00e1rton, 1880. okt. 13., \u2020 Csepel 1973: dr., k\u00f6zs\u00e9gi f\u0151jegyz\u0151. \u2013 A sz\u00fcleit 9 \u00e9ves kor\u00e1ban elvesztette. Feles\u00e9ge: Moln\u00e1r Gizella \u2013 Elemi iskol\u00e1it Brass\u00f3ban, Dics\u0151szentm\u00e1rtonban a k\u00f6z\u00e9piskol\u00e1t Kv.-on az Unit\u00e1rius F\u0151gimn.-ban (1900), a jogot Bp.-en \u00e9s Kv.-on v\u00e9gezte, majd a bp.-i k\u00f6zigazgat\u00e1si tanfolyamon jegyz\u0151i oklevelet szerzett (1904). Mocsonokon helyettesjegyz\u0151 (1906\u2013); Sz\u00e9kelyderzsen k\u00f6rjegyz\u0151 (1907), Dics\u0151szentm\u00e1rtonban v\u00e1rosi f\u0151jegyz\u0151 \u00e9s helyettes polg\u00e1rmester (1912\u2013), Csepel f\u0151jegyz\u0151je (1918\u20131945), az Orsz\u00e1gos Jegyz\u0151 Egyes\u00fclet d\u00edsztagja volt. \u00e9s a Jegyz\u0151 Orsz. \u00c1rvah\u00e1z Egyes. eln\u00f6ke. Versei, elbesz\u00e9l\u00e9sei \u00e9s k\u00f6zigazgat\u00e1si <strong>Cikkei:<\/strong> Aranyosvid\u00e9k, a nyitrami Ellen\u0151r, Unit Egyh\u00e1z, Budapest, Sz\u00e9kelyudvarhely, Orsz\u00e1g Vil\u00e1g, V\u00e1rmegye, Erd. Lapok, Nyugatmagyarorsz\u00e1gi H\u00edrad\u00f3, V\u00e1rosok Lapja, Az \u00dajs\u00e1g, K\u00f6zs\u00e9gi K\u00f6zl\u00f6ny, A N\u00e9p, Sz\u00f3zat, Hangya. F\u0151- \u00e9s felel\u0151s szerkeszt\u0151je a K\u00f6zigazgat\u00e1si K\u00f6zl\u00f6ny-nek, Attil-nak. \u2013 <strong>F. m.:<\/strong> Hajnalka (Mv., 1912); A k\u00f6zs\u00e9gi jegyz\u0151 szoci\u00e1lis hivat\u00e1sa (Bp., 1914); A jegyz\u0151k\u00e9pz\u00e9s reformja (Bp., 1920); A munk\u00e1sk\u00e9rd\u00e9s megold\u00e1sa nemzeti alapon (Bp., 1921); A k\u00f6zs\u00e9gi k\u00f6zigazgat\u00e1s reform\u00e1l\u00e1sa (Bp., 1923); Mes\u00e9k (Bp., 1925); A falu sorsa (Bp., 1927); A k\u00f6zs. racion\u00e1liz\u00e1l\u00e1sa (1937); <strong>t\u00e1rssz.:<\/strong> K\u00f6zigazgat\u00e1si \u00fatmutat\u00f3 (Bp., 1947); el\u0151sz\u00f3: Kajdy B\u00e9la: Vez\u00e9rk\u00f6nyv a k\u00f6zs\u00e9gi k\u00f6zigazgat\u00e1shoz (Bp., 1932). <br \/><strong>Irod.:<\/strong> Guly\u00e1s; Kelemen<\/br><\/p>\n","protected":false},"excerpt":{"rendered":"<p>Dics\u0151szentm\u00e1rton, 1880. okt. 13., \u2020 Csepel 1973: dr., k\u00f6zs\u00e9gi f\u0151jegyz\u0151. \u2013 A sz\u00fcleit 9 \u00e9ves kor\u00e1ban elvesztette. Feles\u00e9ge: Moln\u00e1r Gizella \u2013 Elemi iskol\u00e1it Brass\u00f3ban, Dics\u0151szentm\u00e1rtonban a k\u00f6z\u00e9piskol\u00e1t Kv.-on az Unit\u00e1rius F\u0151gimn.-ban (1900), a jogot Bp.-en \u00e9s Kv.-on v\u00e9gezte, majd a bp.-i k\u00f6zigazgat\u00e1si tanfolyamon jegyz\u0151i oklevelet szerzett (1904). Mocsonokon helyettesjegyz\u0151 (1906\u2013); Sz\u00e9kelyderzsen k\u00f6rjegyz\u0151 (1907), Dics\u0151szentm\u00e1rtonban v\u00e1rosi [&hellip;]<\/p>\n","protected":false},"featured_media":0,"comment_status":"open","ping_status":"closed","template":"","meta":[],"product_brand":[],"product_cat":[137],"product_tag":[],"class_list":{"0":"post-12475","1":"product","2":"type-product","3":"status-publish","5":"product_cat-maros-megyei-eletrajzi-lexikon","7":"first","8":"instock","9":"shipping-taxable","10":"product-type-simple"},"_links":{"self":[{"href":"https:\/\/uj.adatbank.ro\/lexikon\/wp-json\/wp\/v2\/product\/12475","targetHints":{"allow":["GET"]}}],"collection":[{"href":"https:\/\/uj.adatbank.ro\/lexikon\/wp-json\/wp\/v2\/product"}],"about":[{"href":"https:\/\/uj.adatbank.ro\/lexikon\/wp-json\/wp\/v2\/types\/product"}],"replies":[{"embeddable":true,"href":"https:\/\/uj.adatbank.ro\/lexikon\/wp-json\/wp\/v2\/comments?post=12475"}],"wp:attachment":[{"href":"https:\/\/uj.adatbank.ro\/lexikon\/wp-json\/wp\/v2\/media?parent=12475"}],"wp:term":[{"taxonomy":"product_brand","embeddable":true,"href":"https:\/\/uj.adatbank.ro\/lexikon\/wp-json\/wp\/v2\/product_brand?post=12475"},{"taxonomy":"product_cat","embeddable":true,"href":"https:\/\/uj.adatbank.ro\/lexikon\/wp-json\/wp\/v2\/product_cat?post=12475"},{"taxonomy":"product_tag","embeddable":true,"href":"https:\/\/uj.adatbank.ro\/lexikon\/wp-json\/wp\/v2\/product_tag?post=12475"}],"curies":[{"name":"wp","href":"https:\/\/api.w.org\/{rel}","templated":true}]}}