{"id":12477,"date":"2025-06-29T14:28:32","date_gmt":"2025-06-29T12:28:32","guid":{"rendered":"https:\/\/uj.adatbank.ro\/lexikon\/termek\/koncz-jozsef-2\/"},"modified":"2025-06-29T14:28:32","modified_gmt":"2025-06-29T12:28:32","slug":"koncz-jozsef-2","status":"publish","type":"product","link":"https:\/\/uj.adatbank.ro\/lexikon\/termek\/koncz-jozsef-2\/","title":{"rendered":"KONCZ J\u00f3zsef"},"content":{"rendered":"<p>B\u00f6z\u00f6d, 1856., \u2020 Nagyselyk., 1892. j\u00fal. 14.: tan\u00edt\u00f3. \u2013 Tanulm\u00e1nyait sz\u00fcl\u0151hely\u00e9n kezdte, Makkfalv\u00e1n folytatta, majd a mv.-i Ref. Koll. -ba ment (1867\u201374), ahol nagyb\u00e1tyja K. J\u00f3zsef tan\u00e1r \u00e9s \u00edr\u00f3 t\u00e1mogat\u00e1s\u00e1val tanult.; ezut\u00e1n D\u00e9v\u00e1n j\u00e1rt a tan\u00edt\u0151k\u00e9pz\u0151ben h\u00e1rom\u00e9vet, majd katona h\u00e1rom\u00e9vig; tan\u00edt\u00f3i vizsg\u00e1t a zilahi k\u00e9pz\u0151ben tett \u00e9s egy \u00e9vig mag\u00e1nnevel\u0151 volt Terj\u00e9n; a nagyk\u00fck\u00fcll\u0151megyei tanfel\u00fcgyel\u0151s\u00e9gen dolgozott; a nagyselyki \u00e1llami iskol\u00e1ban tan\u00edtott (1885\u201392). A nagyk\u00fck\u00fcll\u0151megyei Tan\u00edt\u00f3egyes\u00fclet medgyesi fi\u00f3kk\u00f6r\u00e9nek h\u00e1rom \u00e9vig eln\u00f6ke, az EMKE kiskapusi fi\u00f3kk\u00f6r\u00e9nek titk\u00e1ra volt, Nagyselyken n\u00e9pk\u00f6nyvt\u00e1rt l\u00e9tes\u00edtett. \u00cdrt az EMKE Utikalauz\u00e1ban \u00e9s a Magyar T\u0151rt\u00e9neti T\u00e1rsaulatnak is k\u00fcld\u00f6tt cikkeket. \u2013 <strong>F. m.:<\/strong> Maros-Illye v\u00e1ra \u00e9s uradalma (D\u00e9va, 1899); ford., bevezet\u00e9s, jegyz..: Benk\u0151 J\u00f3zsef : Hunyadmegy\u00e9r\u0151l (D\u00e9va, 1901), <br \/><strong>Irod.:<\/strong> Rugonfalvi Kiss; Szinnyei<\/br><\/p>\n","protected":false},"excerpt":{"rendered":"<p>B\u00f6z\u00f6d, 1856., \u2020 Nagyselyk., 1892. j\u00fal. 14.: tan\u00edt\u00f3. \u2013 Tanulm\u00e1nyait sz\u00fcl\u0151hely\u00e9n kezdte, Makkfalv\u00e1n folytatta, majd a mv.-i Ref. Koll. -ba ment (1867\u201374), ahol nagyb\u00e1tyja K. J\u00f3zsef tan\u00e1r \u00e9s \u00edr\u00f3 t\u00e1mogat\u00e1s\u00e1val tanult.; ezut\u00e1n D\u00e9v\u00e1n j\u00e1rt a tan\u00edt\u0151k\u00e9pz\u0151ben h\u00e1rom\u00e9vet, majd katona h\u00e1rom\u00e9vig; tan\u00edt\u00f3i vizsg\u00e1t a zilahi k\u00e9pz\u0151ben tett \u00e9s egy \u00e9vig mag\u00e1nnevel\u0151 volt Terj\u00e9n; a nagyk\u00fck\u00fcll\u0151megyei tanfel\u00fcgyel\u0151s\u00e9gen [&hellip;]<\/p>\n","protected":false},"featured_media":0,"comment_status":"open","ping_status":"closed","template":"","meta":[],"product_brand":[],"product_cat":[137],"product_tag":[],"class_list":{"0":"post-12477","1":"product","2":"type-product","3":"status-publish","5":"product_cat-maros-megyei-eletrajzi-lexikon","7":"first","8":"instock","9":"shipping-taxable","10":"product-type-simple"},"_links":{"self":[{"href":"https:\/\/uj.adatbank.ro\/lexikon\/wp-json\/wp\/v2\/product\/12477","targetHints":{"allow":["GET"]}}],"collection":[{"href":"https:\/\/uj.adatbank.ro\/lexikon\/wp-json\/wp\/v2\/product"}],"about":[{"href":"https:\/\/uj.adatbank.ro\/lexikon\/wp-json\/wp\/v2\/types\/product"}],"replies":[{"embeddable":true,"href":"https:\/\/uj.adatbank.ro\/lexikon\/wp-json\/wp\/v2\/comments?post=12477"}],"wp:attachment":[{"href":"https:\/\/uj.adatbank.ro\/lexikon\/wp-json\/wp\/v2\/media?parent=12477"}],"wp:term":[{"taxonomy":"product_brand","embeddable":true,"href":"https:\/\/uj.adatbank.ro\/lexikon\/wp-json\/wp\/v2\/product_brand?post=12477"},{"taxonomy":"product_cat","embeddable":true,"href":"https:\/\/uj.adatbank.ro\/lexikon\/wp-json\/wp\/v2\/product_cat?post=12477"},{"taxonomy":"product_tag","embeddable":true,"href":"https:\/\/uj.adatbank.ro\/lexikon\/wp-json\/wp\/v2\/product_tag?post=12477"}],"curies":[{"name":"wp","href":"https:\/\/api.w.org\/{rel}","templated":true}]}}