{"id":12478,"date":"2025-06-29T14:28:34","date_gmt":"2025-06-29T12:28:34","guid":{"rendered":"https:\/\/uj.adatbank.ro\/lexikon\/termek\/koncz-jozsef-nagysolymosi\/"},"modified":"2025-06-29T14:28:34","modified_gmt":"2025-06-29T12:28:34","slug":"koncz-jozsef-nagysolymosi","status":"publish","type":"product","link":"https:\/\/uj.adatbank.ro\/lexikon\/termek\/koncz-jozsef-nagysolymosi\/","title":{"rendered":"KONCZ J\u00f3zsef, nagysolymosi"},"content":{"rendered":"<p>B\u00f6z\u00f6d, 1829. nov. 11., \u2020 Mv., 1906. m\u00e1rc. 3.: tan\u00e1r, ref. lelk\u00e9sz, k\u00f6nyvt\u00e1ros, t\u00f6rt\u00e9net\u00edr\u00f3. \u2013 Kisnemesi sz\u00e9kely csal\u00e1db\u00f3l sz\u00fcletett, azonos nev\u0171 apj\u00e1t, kor\u00e1n elvesztette (\u20201836). Feles\u00e9ge: kib\u00e9di P\u00e9terffy Karolina (1837 \u2020. Mv., 1923. febr. 23.) \u2013 Tanul\u00e1s\u00e1t sz\u00fcl\u0151faluj\u00e1ban kezdte, majd Makkfalv\u00e1n a br. Wessel\u00e9nyi Mikl\u00f3s \u00e1ltal alap\u00edtott (1835) nemzeti iskol\u00e1ban (1839\u201341), a sz\u00e9kelykereszt\u00fari Unit. Gimn.-ban majd a mv.-i Ref. Koll.-ban (1843\u2013) folytatta. Bolyai Farkas tan\u00edtv\u00e1nya volt. A szabads\u00e1gharc alatt mint honv\u00e9d szolg\u00e1lt a XI. z\u00e1szl\u00f3aljban, \u00e9s k\u00fczd\u00f6tt az oroszok ellen. A forradalom lever\u00e9se ut\u00e1n \u00fcld\u00f6zt\u00e9k, majd folytatta tanulm\u00e1nyait Mv-en (1850. szept. \u2013) \u00e9s le\u00e9retts\u00e9gizett (1854). A koll. tanul\u00f3ja k\u00e9nt szemtan\u00faja volt a sz\u00e9kely v\u00e9rtan\u00fak kiv\u00e9gz\u00e9s\u00e9nek (1854. m\u00e1rc. 10). Teol\u00f3giai tanfolyamot a kv. -nagyenyedi papnevel\u0151ben v\u00e9gzett \u00e9s papi szigorlatot tett (1854\u20131856). Mint tan\u00edt\u00f3 dolgozott a mv.-i Ref. Koll.-ban (1856\u201358) \u00e9s ugyanakkor a k\u00f6nyvt\u00e1r vezet\u0151je volt (1857\u201358). K\u00fclf\u00f6ldi egyetemeken folytatta tanul\u00e1s\u00e1t: Marburg (1858\u2013), Basel (1859), Z\u00fcrich (1860), ahol teol\u00f3gi\u00e1t, b\u00f6lcseletet \u00e9s term\u00e9szetrajzot tanult. Hazat\u00e9rve megn\u0151s\u00fclt. Mv.-en a Ref. Koll. seg\u00e9dtan\u00e1ra (1860\u201374), k\u00e9s\u0151bb rendes tan\u00e1ri min\u0151s\u00e9gben (1874\u20131900) a latin irodalmat tan\u00edtotta (1860. szept. \u2013), emellett a ref. egyh. -n\u00e1l lelk\u00e9szi teend\u0151ket is ell\u00e1tott. P\u00e9terffy K\u00e1roly nyugalomba vonul\u00e1sa ut\u00e1n (1867), tan\u00edtott az egyh\u00e1zk\u00f6z\u00f6ss\u00e9g polg\u00e1ri le\u00e1nyiskol\u00e1j\u00e1ban, valamint a rom. kat. gimn.-ban is; a tan\u00edt\u00f3kari gy\u0171l\u00e9sek jegyz\u0151je (1862\u201367); \u00fajra a Ref. Koll. k\u00f6nyvt\u00e1r\u00e1rosa lett (1871\u2013) \u00e9s a k\u00f6nyvt\u00e1r 14 \u00e9vig gy\u0171lt k\u00f6nyveit rendszerezte, c\u00edmt\u00e1razta; a lev\u00e9lt\u00e1rnak okleveleit P\u00e1ll K\u00e1roly kart\u00e1rs\u00e1val egy\u00fctt feldolgozta \u00e9s az 1865\u201375-ben felgy\u0171lt anyag\u00e1t, id\u0151- \u00e9s t\u00e1rgyrendi \u00e9s bet\u0171soros lajstromba vezette (1875\u2013). Sz\u00e1mos \u00edr\u00e1sa jelent meg a k\u00f6nyvt\u00e1r kincseir\u0151l. Gyarap\u00edtotta a k\u00f6nyvt\u00e1r \u00e1llom\u00e1ny\u00e1t sz\u00e1mos r\u00e9gi magyar m\u0171vel, t\u00f6bb k\u00e9zirattal \u00e9s c\u00edmeres lev\u00e9llel. Meg\u00edrta a koll. k\u00f6nyvt\u00e1r\u00e1nak \u00e9s nyomd\u00e1j\u00e1nak ismertet\u00e9s\u00e9t. Az el\u00f6lj\u00e1r\u00f3s\u00e1gi gy\u0171l\u00e9sek jegyz\u0151je (1880\u201381), az el\u0151lj\u00e1r\u00f3s\u00e1g tanvezet\u0151nek v\u00e1lasztotta (1881\u201391), egy\u00fattal az iskola p\u00e9nzseg\u00e9lyeit is kezelte (1865\u201379). Hivatalos teend\u0151i mellet a Teleki csal\u00e1d lev\u00e9lt\u00e1ra egyr\u00e9sz\u00e9nek rendez\u00e9s\u00e9vel is foglalkozott, egyszersmind a Teleki-lev\u00e9lt\u00e1r \u0151re (1896\u2013), \u0151 az aki a lev\u00e9lt\u00e1r \u00e9rt\u00e9keire h\u00edvta fel az \u00e9rdekl\u0151d\u0151k, a vil\u00e1g figyelm\u00e9t. Nyugd\u00edjazt\u00e1k (1899). A marossz\u00e9ki honv\u00e9degylet \u0151re. A mv.-i ref. egyh\u00e1ztan\u00e1cs, egyh. k\u00e9pvisel\u0151 test\u00fclet \u00e9s egyh. iskolasz\u00e9k tagja, a Stef\u00e1nia Kisded\u00f3v\u00f3 Int\u00e9zet, a M-Torda megyei \u00c1lt. Tan. Test\u00fclet, a M. T\u00f6rt\u00e9nelmi T\u00e1rsulat, a M. Protest\u00e1ns Irodalmi T\u00e1rsas\u00e1g v\u00e1lasztm\u00e1nyi tagja; a KZST eln\u00f6ke (1904\u2013) hal\u00e1l\u00e1ig. Irodalmunk buzg\u00f3 munkat\u00e1rsak\u00e9nt sz\u00e1mos teljes\u00edtm\u00e9ny f\u0171z\u0151dik nev\u00e1hez: P\u00e9csi Simon bibliaford\u00edt\u00e1s\u00e1nak felfedez\u00e9se, Szenczi Moln\u00e1r Albert \u00e9s P\u00e1pai P\u00e1roz Ferenc napl\u00f3j\u00e1nak, I. R\u00e1k\u00f3czi Gy\u00f6rgy \u00fatinapl\u00f3j\u00e1nak, Enyedi Lakatos M\u00e1rton kr\u00f3nik\u00e1j\u00e1mak, a Lupuj vajd\u00e1r\u00f3l sz\u00f3l\u00f3 \u00e9nek \u00e9s P\u00e9csi Simon \u00e9letrajza k\u00f6zread\u00e1s\u00e1val nagy \u00e9rdemeket szerzett. Meg\u00edrta a mv.-i ref. koll. t\u00f6rt\u00e9net\u00e9t. \u00d6ssze\u00e1ll\u00edtotta a k\u00f6nyvt\u00e1r katal\u00f3gus\u00e1t, valamint a Teleki T\u00e9ka kartofilaceumainak \u00e9s miscellane\u00e1inak c\u00edmt\u00e1rait, kidolgozta a koll\u00e9giumi k\u00f6nyvt\u00e1r halotti besz\u00e9deinek c\u00edmjegyz\u00e9k\u00e9t. A kutat\u00f3munka seg\u00edt\u00e9se \u00e9rdek\u00e9ben megkezdt\u00e9k a forr\u00e1sanyag rendszeres felkutat\u00e1s\u00e1t, \u00e9s k\u00f6zz\u00e9t\u00e9tel\u00e9t, seg\u00edtett\u00e9k az egy\u00e9ni kutat\u00f3munk\u00e1t. Megv\u00e1s\u00e1rolta Erd\u0151szentgy\u00f6rgy\u00f6n a Rh\u00e9dei csal\u00e1d k\u00f6nyvt\u00e1ri hagyat\u00e9k\u00e1b\u00f3l azt az \u00d3- \u00e9s \u00dajsz\u00f6vets\u00e9get mag\u00e1ba foglal\u00f3 k\u00f3dexet, amelyben van egyp\u00e1r m. mondat, amely a Mv.-i sorok \u00e9s glossz\u00e1k n\u00e9ven, mint a hatodik m. nyelveml\u00e9k v\u00e1lt ismertt\u00e9 (1410-b\u0151l, felfedez\u0151je Farcz\u00e1di Elek) \u00e9s ma a Koncz k\u00f3dex nevet viseli. Nagysz\u00e1m\u00fa cikk\u00e9ben, tanulm\u00e1ny\u00e1ban \u00e9s adatk\u00f6zl\u00e9s\u00e9ben f\u0151k\u00e9nt Erd\u00e9ly politika-, gazdas\u00e1g-, irodalom- m\u0171vel\u0151d\u00e9s- egyh\u00e1z\u00adt\u00f6rt\u00e9net\u00e9vel foglalkozott. Cikkei, k\u00f6zl\u00e9sei : Mv.-i Ev. Ref. Koll\u00e9gium \u00e9rtes\u00edt\u0151je; Erd\u00e9lyi Protest\u00e1ns K\u00f6zl\u00f6ny, Magyar Protest\u00e1ns Egyh\u00e1zi \u00e9s Iskolai Figyel\u0151, Protest\u00e1ns Egyh\u00e1zi \u00e9s Iskolai Lap, T\u00f6rt\u00e9neti Lapok, Egyh\u00e1zi \u00e9s Iskolai Szemle, Erd\u00e9lyi Figyel\u0151, M. K\u00f6nyvszemle, Typogr\u00e1phia, Kereszt\u00e9ny Magvet\u0151, T\u00f6rt\u00e9nelmi T\u00e1r, Nyomd\u00e1szok \u00c9vk\u00f6nyve, Figyel\u0151, Turul, Sz\u00e1zadok, Haz\u00e1nk, Irodalomt\u00f6rt\u00e9neti K\u00f6zlem\u00e9nyek, Gazdas\u00e1gt\u00f6rt\u00e9nelmi Szemle, Erd\u00e9lyi Gazda, V\u00e1s\u00e1rhelyi F\u00fczetek, Sz\u00e9kely Lapok-ban. Munkat\u00e1rsa a T\u00f6rt\u00e9nelmi T\u00e1rnak, Hadt\u00f6rt\u00e9neti K\u00f6zlem\u00e9nyeknek, valamint Szinnyei J\u00f3zsef: Magyar \u00edr\u00f3k \u00e9lete \u00e9s m\u0171vei munk\u00e1j\u00e1nak. Hozz\u00e1fogott \u00f6n\u00e9letrajz\u00e1hoz de nem fejezhette be. Levelez\u00e9st folytatott Nicolae Densu\u015fianuval (1880\u201393). \u2013 <strong>F. m.:<\/strong> A mv.-i Ev. Ref. Koll\u00e9gium k\u00f6nyvt\u00e1r\u00e1nak \u00e9s nyomd\u00e1j\u00e1nak ismertet\u00e9se (Mv., 1877); Bethlen G\u00e1bor fejedelem v\u00e9grendelete (Mv., 1878); A mv.-i Ev. Ref. Koll\u00e9gium k\u00f6nyvt\u00e1ra t\u00f6bbes p\u00e9ld\u00e1nyainak cz\u00edmjegyz\u00e9ke (Mv., 1881; 1884; 1898); A mv.-i Ev. Ref. Collegium k\u00f6nyvnyomd\u00e1ja term\u00e9keinek jegyz\u00e9ke 1786\u20131867 (Mv., 1882); A mv.-i Ev. Ref. R\u00e9gi Iskola ismertet\u00e9se 1557\u20131718 (Mv., 1884); A mv.-i Ev. Ref. Koll\u00e9gium k\u00f6nyvnyomd\u00e1j\u00e1nak sz\u00e1z\u00e9ves t\u00f6rt\u00e9nete 1786\u20131886 (Mv., 1887); Tofeus Mih\u00e1ly erd\u00e9lyi ev. ref. p\u00fcsp\u00f6k \u00e9lete (Kv., 1893); A mv.-i Ev. Ref. Koll\u00e9gium t\u00f6rt\u00e9nete (1557\u20131895) (Kv., 1896; Mv., 2006); G\u00f6csi M\u00e1t\u00e9, a marosv\u00e1s\u00e1rhelyi ev. ref. egyh\u00e1zk\u00f6zs\u00e9g legels\u0151 papja \u00e9s az erd\u00e9lyi ev. ref. \u00e1llam harmadik p\u00fcsp\u00f6ke. (Mv., 1905.) Adatok a b\u00f6z\u00f6di ev. ref. egyh\u00e1zk\u00f6zs\u00e9g t\u00f6rt\u00e9net\u00e9hez. Ezt megel\u0151zi a hit\u00faj\u00edt\u00e1s kezdete, terjed\u00e9se \u00e9s a t\u00falhajtott \u00faj\u00edt\u00e1s k\u00f6vetkezm\u00e9nye. A szombatoss\u00e1g v\u00e1zlata 1867-ig (Mv., 1905); antol\u00f3gia: Mv. \u00e9s V\u00e1rtemploma (Bp., 1990); szerk: A R\u00f3mai Szent Birodalmi gr\u00f3f Sz\u00e9ki Teleki csal\u00e1d oklev\u00e9lt\u00e1ra (Bp., 1895); S\u00e1ndor Imre : Cz\u00edmerlevelek (Bp., 1910\u201312); ford., bev., cikkek: Geleji Katona Istv\u00e1n k\u00f6nyveinek lajstroma=magyar K\u00f6nyvszemle, 7\/1899 Szent\u00e1brah\u00e1mi (Lomb\u00e1rd) Mih\u00e1ly: Besz\u00e9d homor\u00f3dszentm\u00e1rtoni B\u00edr\u00f3 S\u00e1muel f\u00f6l\u00f6tt (Kv., 1903); Eml\u00e9kezetnek k\u00f6nyve \/ Koncz J\u00f3zsef bevezet\u0151j\u00e9vel  =  Marossz\u00e9ki kr\u00f3nik\u00e1k 1. \/ V\u00e1logatta \u00e9s sajt\u00f3 al\u00e1 rendezte Sebesty\u00e9n Mih\u00e1ly (Mv., 2010). <strong>K\u00e9ziratban:<\/strong><strong>ford.:<\/strong> Horatius majdnem eg\u00e9szen, Vergilius, Ovidius, Juvenalis, Terentius, Sallustius, Seneca, Cicero; A mvi f\u0151iskola k\u00f6nyvt\u00e1r\u00e1nak c\u00edmt\u00e1rai; A Teleki-k\u00f6nyvt\u00e1r kartofilaciumai s miscell\u00e1ne\u00e1inak c\u00edmt\u00e1rai; egyh\u00e1zi besz\u00e9dei. <br \/><strong>Irod.:<\/strong> Csekme; De\u00e9 Nagy; De\u00e9 Nagy Anik\u00f3: K. J. (1829\u20131906) (N\u00fa., M\u00fazsa 542. sz., 2002. j\u00fan. 8.); De\u00e9 Nagy Anik\u00f3 2007 ; Er\u0151s v\u00e1runk; Fogarasi; G\u00e1ldi L\u00e1szl\u00f3 : Siebenb\u00fcrgen im Aufbau der ungarischen Kultur (Bp. -Leipzig-Milano, s. a.); Guly\u00e1s; Gy\u00e1szjelent\u0151; Id\u0151t\u00e1r 2; Kelemen Lajos; Nagysolymosi K. J. (1829\u20131906) = Kelemen Lajos 2006; Kelemen Lajos 2009; Kimpi\u00e1n Annam\u00e1ria: A k\u00f6nyv mint jutalom megjelen\u00e9se a marosv\u00e1s\u00e1rhelyi Reform\u00e1tus Koll\u00e9giumban = Sebesty\u00e9n-Spielmann; Kiss-K\u00e1lm\u00e1n-Bierbrunner; Makfalva; Marosi-KZST; M\u00e1th\u00e9-Haller; M\u00c9L; Mv. t\u00f6rt. 2.; Mv.-i sorok; Nagyjaink; N\u00fa. (2002. j\u00fan. 8); Ol\u00e1h-G\u00e1l; P\u00e1l-Antal 2009; P\u00e1lmay J\u00f3zsef; Par\u00e1di; Pataki J\u00f3zsef: A magyar-rom\u00e1n tudom\u00e1nyos kapcsolatok t\u00f6rt\u00e9net\u00e9hez= Eml\u00e9kk. K. L. 80; P\u00e9ter H. M. 2013; Pint\u00e9r; R. k. okt. \u2013 1; R. k. okt. \u20132; RMIL; Rugonfalvi Kiss; Sebesty\u00e9n; Szinnyei; Szinnyei J.; Turnowsky S\u00e1ndor: Eml\u00e9kbesz\u00e9d K. J. f\u00f6l\u00f6tt (Mv., 1906); \u00daj M. Athenas (Bp., 1887); \u00daM\u00c9L; \u00daMIL; Vida Tekei Erka: A marosv\u00e1s\u00e1rhelyi ev. Reform\u00e1tus Koll\u00e9gium t\u00f6rt\u00e9net\u00e9nek t\u00f6rt\u00e9nete = Iskol\u00e1k, iskolamesterek; Weisz Szid\u00f3nia\u2026a Teleki-nemzets\u00e9g mv.-i lev\u00e9lt\u00e1ra = Telekiek; Zov\u00e1nyi<\/br><\/p>\n","protected":false},"excerpt":{"rendered":"<p>B\u00f6z\u00f6d, 1829. nov. 11., \u2020 Mv., 1906. m\u00e1rc. 3.: tan\u00e1r, ref. lelk\u00e9sz, k\u00f6nyvt\u00e1ros, t\u00f6rt\u00e9net\u00edr\u00f3. \u2013 Kisnemesi sz\u00e9kely csal\u00e1db\u00f3l sz\u00fcletett, azonos nev\u0171 apj\u00e1t, kor\u00e1n elvesztette (\u20201836). Feles\u00e9ge: kib\u00e9di P\u00e9terffy Karolina (1837 \u2020. Mv., 1923. febr. 23.) \u2013 Tanul\u00e1s\u00e1t sz\u00fcl\u0151faluj\u00e1ban kezdte, majd Makkfalv\u00e1n a br. Wessel\u00e9nyi Mikl\u00f3s \u00e1ltal alap\u00edtott (1835) nemzeti iskol\u00e1ban (1839\u201341), a sz\u00e9kelykereszt\u00fari Unit. Gimn.-ban [&hellip;]<\/p>\n","protected":false},"featured_media":0,"comment_status":"open","ping_status":"closed","template":"","meta":[],"product_brand":[],"product_cat":[137],"product_tag":[],"class_list":{"0":"post-12478","1":"product","2":"type-product","3":"status-publish","5":"product_cat-maros-megyei-eletrajzi-lexikon","7":"first","8":"instock","9":"shipping-taxable","10":"product-type-simple"},"_links":{"self":[{"href":"https:\/\/uj.adatbank.ro\/lexikon\/wp-json\/wp\/v2\/product\/12478","targetHints":{"allow":["GET"]}}],"collection":[{"href":"https:\/\/uj.adatbank.ro\/lexikon\/wp-json\/wp\/v2\/product"}],"about":[{"href":"https:\/\/uj.adatbank.ro\/lexikon\/wp-json\/wp\/v2\/types\/product"}],"replies":[{"embeddable":true,"href":"https:\/\/uj.adatbank.ro\/lexikon\/wp-json\/wp\/v2\/comments?post=12478"}],"wp:attachment":[{"href":"https:\/\/uj.adatbank.ro\/lexikon\/wp-json\/wp\/v2\/media?parent=12478"}],"wp:term":[{"taxonomy":"product_brand","embeddable":true,"href":"https:\/\/uj.adatbank.ro\/lexikon\/wp-json\/wp\/v2\/product_brand?post=12478"},{"taxonomy":"product_cat","embeddable":true,"href":"https:\/\/uj.adatbank.ro\/lexikon\/wp-json\/wp\/v2\/product_cat?post=12478"},{"taxonomy":"product_tag","embeddable":true,"href":"https:\/\/uj.adatbank.ro\/lexikon\/wp-json\/wp\/v2\/product_tag?post=12478"}],"curies":[{"name":"wp","href":"https:\/\/api.w.org\/{rel}","templated":true}]}}