{"id":12480,"date":"2025-06-29T14:28:40","date_gmt":"2025-06-29T12:28:40","guid":{"rendered":"https:\/\/uj.adatbank.ro\/lexikon\/termek\/koncz-lazar\/"},"modified":"2025-06-29T14:28:40","modified_gmt":"2025-06-29T12:28:40","slug":"koncz-lazar","status":"publish","type":"product","link":"https:\/\/uj.adatbank.ro\/lexikon\/termek\/koncz-lazar\/","title":{"rendered":"KONCZ L\u00e1z\u00e1r"},"content":{"rendered":"<p>1801 dec. 17., \u2020 1843. nov. 15.: tan\u00e1r. \u2013 Papp\u00e1 szentelt\u00e9k (1826. \u00e1pr. 11.). K\u00e1pl\u00e1n Cs\u00edksomly\u00f3n. Pl\u00e9b\u00e1nos Bal\u00e1nb\u00e1ny\u00e1n (1826), Cs\u00edkszentl\u00e9leken (1833), Gy\u00edmesb\u00fckk\u00f6n (1836), Nagyerny\u00e9n (1839\u2013). <br \/><strong>Irod.:<\/strong> Ferenczi S\u00e1ndor 2009<\/br><\/p>\n","protected":false},"excerpt":{"rendered":"<p>1801 dec. 17., \u2020 1843. nov. 15.: tan\u00e1r. \u2013 Papp\u00e1 szentelt\u00e9k (1826. \u00e1pr. 11.). K\u00e1pl\u00e1n Cs\u00edksomly\u00f3n. Pl\u00e9b\u00e1nos Bal\u00e1nb\u00e1ny\u00e1n (1826), Cs\u00edkszentl\u00e9leken (1833), Gy\u00edmesb\u00fckk\u00f6n (1836), Nagyerny\u00e9n (1839\u2013). Irod.: Ferenczi S\u00e1ndor 2009<\/p>\n","protected":false},"featured_media":0,"comment_status":"open","ping_status":"closed","template":"","meta":[],"product_brand":[],"product_cat":[137],"product_tag":[],"class_list":{"0":"post-12480","1":"product","2":"type-product","3":"status-publish","5":"product_cat-maros-megyei-eletrajzi-lexikon","7":"first","8":"instock","9":"shipping-taxable","10":"product-type-simple"},"_links":{"self":[{"href":"https:\/\/uj.adatbank.ro\/lexikon\/wp-json\/wp\/v2\/product\/12480","targetHints":{"allow":["GET"]}}],"collection":[{"href":"https:\/\/uj.adatbank.ro\/lexikon\/wp-json\/wp\/v2\/product"}],"about":[{"href":"https:\/\/uj.adatbank.ro\/lexikon\/wp-json\/wp\/v2\/types\/product"}],"replies":[{"embeddable":true,"href":"https:\/\/uj.adatbank.ro\/lexikon\/wp-json\/wp\/v2\/comments?post=12480"}],"wp:attachment":[{"href":"https:\/\/uj.adatbank.ro\/lexikon\/wp-json\/wp\/v2\/media?parent=12480"}],"wp:term":[{"taxonomy":"product_brand","embeddable":true,"href":"https:\/\/uj.adatbank.ro\/lexikon\/wp-json\/wp\/v2\/product_brand?post=12480"},{"taxonomy":"product_cat","embeddable":true,"href":"https:\/\/uj.adatbank.ro\/lexikon\/wp-json\/wp\/v2\/product_cat?post=12480"},{"taxonomy":"product_tag","embeddable":true,"href":"https:\/\/uj.adatbank.ro\/lexikon\/wp-json\/wp\/v2\/product_tag?post=12480"}],"curies":[{"name":"wp","href":"https:\/\/api.w.org\/{rel}","templated":true}]}}