{"id":12481,"date":"2025-06-29T14:28:43","date_gmt":"2025-06-29T12:28:43","guid":{"rendered":"https:\/\/uj.adatbank.ro\/lexikon\/termek\/koncz-marton\/"},"modified":"2025-06-29T14:28:43","modified_gmt":"2025-06-29T12:28:43","slug":"koncz-marton","status":"publish","type":"product","link":"https:\/\/uj.adatbank.ro\/lexikon\/termek\/koncz-marton\/","title":{"rendered":"KONCZ M\u00e1rton"},"content":{"rendered":"<p>1615., \u2020 Mv., 1648. j\u00fan.: nemes ember \u2013 Nagy Szab\u00f3 Ferencnek a kr\u00f3nika\u00edr\u00f3nak volt a veje. Feles\u00e9ge Nagy Szab\u00f3 Ferenc l\u00e1nya Anna (1642. aug. 6. \u2013) Pestisben meghaltak a gyermekei. Reverz\u00e1list \u00e1ll\u00edtott ki arr\u00f3l, hogy a v\u00e1rban lev\u0151 h\u00e1za \u00e9s \u00f6r\u00f6ks\u00e9ge ut\u00e1n nemes l\u00e9t\u00e9re is viseli a v\u00e1rosi k\u00f6zterheket (1642). A padl\u00e1sra ment galambokat etetni s onnan lezuhant \u00e9s k\u00e9t nap m\u00falva meghalt. S\u00edrk\u00f6ve a Mv.-i ref. temet\u0151ben rajta c\u00edmere. \u00d6zvegye f\u00e9rjhez ment K\u00fcpeczi Mikl\u00f3shoz (1649. m\u00e1j.) <br \/><strong>Irod.:<\/strong> Csekme; K. L. M\u0171v. t\u00f6rt. tan. 1.; P\u00e1lmay J\u00f3zsef, P\u00e1lmay S\u00e1ndor: Szoblah\u00f3i P\u00e1lmay J\u00f3zsef csal\u00e1dt\u0151rt\u00e9net\u00edr\u00f3 mag\u00e1nlev\u00e9lt\u00e1r\u00e1nak anyaga (Mv., 1911)<\/br><\/p>\n","protected":false},"excerpt":{"rendered":"<p>1615., \u2020 Mv., 1648. j\u00fan.: nemes ember \u2013 Nagy Szab\u00f3 Ferencnek a kr\u00f3nika\u00edr\u00f3nak volt a veje. Feles\u00e9ge Nagy Szab\u00f3 Ferenc l\u00e1nya Anna (1642. aug. 6. \u2013) Pestisben meghaltak a gyermekei. Reverz\u00e1list \u00e1ll\u00edtott ki arr\u00f3l, hogy a v\u00e1rban lev\u0151 h\u00e1za \u00e9s \u00f6r\u00f6ks\u00e9ge ut\u00e1n nemes l\u00e9t\u00e9re is viseli a v\u00e1rosi k\u00f6zterheket (1642). A padl\u00e1sra ment galambokat etetni [&hellip;]<\/p>\n","protected":false},"featured_media":0,"comment_status":"open","ping_status":"closed","template":"","meta":[],"product_brand":[],"product_cat":[137],"product_tag":[],"class_list":{"0":"post-12481","1":"product","2":"type-product","3":"status-publish","5":"product_cat-maros-megyei-eletrajzi-lexikon","7":"first","8":"instock","9":"shipping-taxable","10":"product-type-simple"},"_links":{"self":[{"href":"https:\/\/uj.adatbank.ro\/lexikon\/wp-json\/wp\/v2\/product\/12481","targetHints":{"allow":["GET"]}}],"collection":[{"href":"https:\/\/uj.adatbank.ro\/lexikon\/wp-json\/wp\/v2\/product"}],"about":[{"href":"https:\/\/uj.adatbank.ro\/lexikon\/wp-json\/wp\/v2\/types\/product"}],"replies":[{"embeddable":true,"href":"https:\/\/uj.adatbank.ro\/lexikon\/wp-json\/wp\/v2\/comments?post=12481"}],"wp:attachment":[{"href":"https:\/\/uj.adatbank.ro\/lexikon\/wp-json\/wp\/v2\/media?parent=12481"}],"wp:term":[{"taxonomy":"product_brand","embeddable":true,"href":"https:\/\/uj.adatbank.ro\/lexikon\/wp-json\/wp\/v2\/product_brand?post=12481"},{"taxonomy":"product_cat","embeddable":true,"href":"https:\/\/uj.adatbank.ro\/lexikon\/wp-json\/wp\/v2\/product_cat?post=12481"},{"taxonomy":"product_tag","embeddable":true,"href":"https:\/\/uj.adatbank.ro\/lexikon\/wp-json\/wp\/v2\/product_tag?post=12481"}],"curies":[{"name":"wp","href":"https:\/\/api.w.org\/{rel}","templated":true}]}}