{"id":12483,"date":"2025-06-29T14:28:48","date_gmt":"2025-06-29T12:28:48","guid":{"rendered":"https:\/\/uj.adatbank.ro\/lexikon\/termek\/koncz-marton-3\/"},"modified":"2025-06-29T14:28:48","modified_gmt":"2025-06-29T12:28:48","slug":"koncz-marton-3","status":"publish","type":"product","link":"https:\/\/uj.adatbank.ro\/lexikon\/termek\/koncz-marton-3\/","title":{"rendered":"KONCZ M\u00e1rton"},"content":{"rendered":"<p>Mv., 1911., \u2020 ?: keresked\u0151. \u2013 Tanulm\u00e1nyai elv\u00e9gz\u00e9se ut\u00e1n, \u00f6n\u00e1ll\u00f3 keresked\u0151 lett Sz\u00e9kelyudvarhelyen (1939). A MP tagja, a magyar kult\u00fara t\u00e1mogat\u00f3ja volt. <br \/><strong>Irod.:<\/strong> Sz\u00e9kelyf\u00f6ld \u00ed. k.<\/br><\/p>\n","protected":false},"excerpt":{"rendered":"<p>Mv., 1911., \u2020 ?: keresked\u0151. \u2013 Tanulm\u00e1nyai elv\u00e9gz\u00e9se ut\u00e1n, \u00f6n\u00e1ll\u00f3 keresked\u0151 lett Sz\u00e9kelyudvarhelyen (1939). A MP tagja, a magyar kult\u00fara t\u00e1mogat\u00f3ja volt. Irod.: Sz\u00e9kelyf\u00f6ld \u00ed. k.<\/p>\n","protected":false},"featured_media":0,"comment_status":"open","ping_status":"closed","template":"","meta":[],"product_brand":[],"product_cat":[137],"product_tag":[],"class_list":{"0":"post-12483","1":"product","2":"type-product","3":"status-publish","5":"product_cat-maros-megyei-eletrajzi-lexikon","7":"first","8":"instock","9":"shipping-taxable","10":"product-type-simple"},"_links":{"self":[{"href":"https:\/\/uj.adatbank.ro\/lexikon\/wp-json\/wp\/v2\/product\/12483","targetHints":{"allow":["GET"]}}],"collection":[{"href":"https:\/\/uj.adatbank.ro\/lexikon\/wp-json\/wp\/v2\/product"}],"about":[{"href":"https:\/\/uj.adatbank.ro\/lexikon\/wp-json\/wp\/v2\/types\/product"}],"replies":[{"embeddable":true,"href":"https:\/\/uj.adatbank.ro\/lexikon\/wp-json\/wp\/v2\/comments?post=12483"}],"wp:attachment":[{"href":"https:\/\/uj.adatbank.ro\/lexikon\/wp-json\/wp\/v2\/media?parent=12483"}],"wp:term":[{"taxonomy":"product_brand","embeddable":true,"href":"https:\/\/uj.adatbank.ro\/lexikon\/wp-json\/wp\/v2\/product_brand?post=12483"},{"taxonomy":"product_cat","embeddable":true,"href":"https:\/\/uj.adatbank.ro\/lexikon\/wp-json\/wp\/v2\/product_cat?post=12483"},{"taxonomy":"product_tag","embeddable":true,"href":"https:\/\/uj.adatbank.ro\/lexikon\/wp-json\/wp\/v2\/product_tag?post=12483"}],"curies":[{"name":"wp","href":"https:\/\/api.w.org\/{rel}","templated":true}]}}