{"id":12484,"date":"2025-06-29T14:28:50","date_gmt":"2025-06-29T12:28:50","guid":{"rendered":"https:\/\/uj.adatbank.ro\/lexikon\/termek\/koncz-mihaly-szekelyvasarhelyi\/"},"modified":"2025-06-29T14:28:50","modified_gmt":"2025-06-29T12:28:50","slug":"koncz-mihaly-szekelyvasarhelyi","status":"publish","type":"product","link":"https:\/\/uj.adatbank.ro\/lexikon\/termek\/koncz-mihaly-szekelyvasarhelyi\/","title":{"rendered":"KONCZ Mih\u00e1ly, sz\u00e9kelyv\u00e1s\u00e1rhelyi"},"content":{"rendered":"<p>? \u2020 ?: v\u00e1rosi nemes. &#8211; A Mv.-en \u00e9l\u0151 \u00f6t nemesi csal\u00e1d egyike (1602). K. Boldizs\u00e1r \u00e9s Incse Erzs\u00e9bet fia. Feles\u00e9ge: Kepe Kata (\u2020 1637). \u2013 Tam\u00e1s testv\u00e9r\u00e9vel egy\u00fctt B\u00e1sta feleskette Sz\u00e9kelyv\u00e1s\u00e1rhelyen a cs\u00e1sz\u00e1r h\u0171s\u00e9g\u00e9re (1594. aug. 10.), Barcsay \u00c1kos fejedelem egyik k\u00eds\u00e9r\u0151je a t\u00f6r\u00f6k fejedelemhez. <br \/><strong>Irod.:<\/strong> Documente privitoare la istoria Ardealului, Moldovei \u015fi \u0162\u0103rii Rom\u00e2ne\u015fti (Buc., 1929\u201338); P\u00e1l-Antal 2009; P\u00e1l-Antal 2013; P\u00e1lmay; P\u00e9ter H. M. 2013; SzOkl, 5<\/br><\/p>\n","protected":false},"excerpt":{"rendered":"<p>? \u2020 ?: v\u00e1rosi nemes. &#8211; A Mv.-en \u00e9l\u0151 \u00f6t nemesi csal\u00e1d egyike (1602). K. Boldizs\u00e1r \u00e9s Incse Erzs\u00e9bet fia. Feles\u00e9ge: Kepe Kata (\u2020 1637). \u2013 Tam\u00e1s testv\u00e9r\u00e9vel egy\u00fctt B\u00e1sta feleskette Sz\u00e9kelyv\u00e1s\u00e1rhelyen a cs\u00e1sz\u00e1r h\u0171s\u00e9g\u00e9re (1594. aug. 10.), Barcsay \u00c1kos fejedelem egyik k\u00eds\u00e9r\u0151je a t\u00f6r\u00f6k fejedelemhez. Irod.: Documente privitoare la istoria Ardealului, Moldovei \u015fi \u0162\u0103rii [&hellip;]<\/p>\n","protected":false},"featured_media":0,"comment_status":"open","ping_status":"closed","template":"","meta":[],"product_brand":[],"product_cat":[137],"product_tag":[],"class_list":{"0":"post-12484","1":"product","2":"type-product","3":"status-publish","5":"product_cat-maros-megyei-eletrajzi-lexikon","7":"first","8":"instock","9":"shipping-taxable","10":"product-type-simple"},"_links":{"self":[{"href":"https:\/\/uj.adatbank.ro\/lexikon\/wp-json\/wp\/v2\/product\/12484","targetHints":{"allow":["GET"]}}],"collection":[{"href":"https:\/\/uj.adatbank.ro\/lexikon\/wp-json\/wp\/v2\/product"}],"about":[{"href":"https:\/\/uj.adatbank.ro\/lexikon\/wp-json\/wp\/v2\/types\/product"}],"replies":[{"embeddable":true,"href":"https:\/\/uj.adatbank.ro\/lexikon\/wp-json\/wp\/v2\/comments?post=12484"}],"wp:attachment":[{"href":"https:\/\/uj.adatbank.ro\/lexikon\/wp-json\/wp\/v2\/media?parent=12484"}],"wp:term":[{"taxonomy":"product_brand","embeddable":true,"href":"https:\/\/uj.adatbank.ro\/lexikon\/wp-json\/wp\/v2\/product_brand?post=12484"},{"taxonomy":"product_cat","embeddable":true,"href":"https:\/\/uj.adatbank.ro\/lexikon\/wp-json\/wp\/v2\/product_cat?post=12484"},{"taxonomy":"product_tag","embeddable":true,"href":"https:\/\/uj.adatbank.ro\/lexikon\/wp-json\/wp\/v2\/product_tag?post=12484"}],"curies":[{"name":"wp","href":"https:\/\/api.w.org\/{rel}","templated":true}]}}