{"id":12485,"date":"2025-06-29T14:28:52","date_gmt":"2025-06-29T12:28:52","guid":{"rendered":"https:\/\/uj.adatbank.ro\/lexikon\/termek\/koncz-miklos\/"},"modified":"2025-06-29T14:28:52","modified_gmt":"2025-06-29T12:28:52","slug":"koncz-miklos","status":"publish","type":"product","link":"https:\/\/uj.adatbank.ro\/lexikon\/termek\/koncz-miklos\/","title":{"rendered":"KONCZ Mikl\u00f3s"},"content":{"rendered":"<p>Mv., 1921. dec. 17., \u2020 Medgyes, 1985. febr. 18. Mv.-en temett\u00e9k el a r. k. temet\u0151ben: orvos. \u2013 Mv.-en \u00e1ltal\u00e1nos iskol\u00e1t ill. gimn\u00e1ziumot v\u00e9gzett (1928\u201339), orvosegyetemi hallgat\u00f3 Bp.-en (1941\u201344), Mv.-en a BTE mv.-i orvosi kar\u00e1nak els\u0151 doktorai sor\u00e1ban v\u00e9gzett (1945\u201347), cum laude (1947). F\u0151orvosi vizsg\u00e1t tett (1962). Radn\u00f3ton orvos (1947\u201349), Mv.-en a Gyermekklinik\u00e1n tan\u00e1rseg\u00e9d (1949\u201352), Medgyesen gyermekgy\u00f3gy\u00e1sz-szakorvos, ill. igazgat\u00f3 f\u0151orvos (1952\u201379). \u00c9rdem\u00e9rmet (1955), antifasiszta veter\u00e1n kit\u00fcntet\u00e9st kapott (1964). <br \/><strong>Irod.:<\/strong> Kusz\u00e1lik; [Nekrol\u00f3g] (V. Z., 1985. febr. 19.)<\/br><\/p>\n","protected":false},"excerpt":{"rendered":"<p>Mv., 1921. dec. 17., \u2020 Medgyes, 1985. febr. 18. Mv.-en temett\u00e9k el a r. k. temet\u0151ben: orvos. \u2013 Mv.-en \u00e1ltal\u00e1nos iskol\u00e1t ill. gimn\u00e1ziumot v\u00e9gzett (1928\u201339), orvosegyetemi hallgat\u00f3 Bp.-en (1941\u201344), Mv.-en a BTE mv.-i orvosi kar\u00e1nak els\u0151 doktorai sor\u00e1ban v\u00e9gzett (1945\u201347), cum laude (1947). F\u0151orvosi vizsg\u00e1t tett (1962). Radn\u00f3ton orvos (1947\u201349), Mv.-en a Gyermekklinik\u00e1n tan\u00e1rseg\u00e9d (1949\u201352), [&hellip;]<\/p>\n","protected":false},"featured_media":0,"comment_status":"open","ping_status":"closed","template":"","meta":[],"product_brand":[],"product_cat":[137],"product_tag":[],"class_list":{"0":"post-12485","1":"product","2":"type-product","3":"status-publish","5":"product_cat-maros-megyei-eletrajzi-lexikon","7":"first","8":"instock","9":"shipping-taxable","10":"product-type-simple"},"_links":{"self":[{"href":"https:\/\/uj.adatbank.ro\/lexikon\/wp-json\/wp\/v2\/product\/12485","targetHints":{"allow":["GET"]}}],"collection":[{"href":"https:\/\/uj.adatbank.ro\/lexikon\/wp-json\/wp\/v2\/product"}],"about":[{"href":"https:\/\/uj.adatbank.ro\/lexikon\/wp-json\/wp\/v2\/types\/product"}],"replies":[{"embeddable":true,"href":"https:\/\/uj.adatbank.ro\/lexikon\/wp-json\/wp\/v2\/comments?post=12485"}],"wp:attachment":[{"href":"https:\/\/uj.adatbank.ro\/lexikon\/wp-json\/wp\/v2\/media?parent=12485"}],"wp:term":[{"taxonomy":"product_brand","embeddable":true,"href":"https:\/\/uj.adatbank.ro\/lexikon\/wp-json\/wp\/v2\/product_brand?post=12485"},{"taxonomy":"product_cat","embeddable":true,"href":"https:\/\/uj.adatbank.ro\/lexikon\/wp-json\/wp\/v2\/product_cat?post=12485"},{"taxonomy":"product_tag","embeddable":true,"href":"https:\/\/uj.adatbank.ro\/lexikon\/wp-json\/wp\/v2\/product_tag?post=12485"}],"curies":[{"name":"wp","href":"https:\/\/api.w.org\/{rel}","templated":true}]}}