{"id":12486,"date":"2025-06-29T14:28:55","date_gmt":"2025-06-29T12:28:55","guid":{"rendered":"https:\/\/uj.adatbank.ro\/lexikon\/termek\/koncz-miklosne-vitus-ilona\/"},"modified":"2025-06-29T14:28:55","modified_gmt":"2025-06-29T12:28:55","slug":"koncz-miklosne-vitus-ilona","status":"publish","type":"product","link":"https:\/\/uj.adatbank.ro\/lexikon\/termek\/koncz-miklosne-vitus-ilona\/","title":{"rendered":"KONCZ Mikl\u00f3sn\u00e9; Vitus Ilona"},"content":{"rendered":"<p>Radn\u00f3t, 1927. febr. 19. \u2020 ? : tan\u00e1r. \u2013 Mv.-en \u00e9retts\u00e9gizett, az egyetemet kv.-on a BTE biol\u00f3gia-k\u00e9mia szak\u00e1n v\u00e9gezte (1950). Tan\u00e1r Mv.-en a Bolyai Farkas Liceumban (1953\u201353); Medgyesen (1953\u20131982). <br \/><strong>Irod.:<\/strong> KKACs<\/br><\/p>\n","protected":false},"excerpt":{"rendered":"<p>Radn\u00f3t, 1927. febr. 19. \u2020 ? : tan\u00e1r. \u2013 Mv.-en \u00e9retts\u00e9gizett, az egyetemet kv.-on a BTE biol\u00f3gia-k\u00e9mia szak\u00e1n v\u00e9gezte (1950). Tan\u00e1r Mv.-en a Bolyai Farkas Liceumban (1953\u201353); Medgyesen (1953\u20131982). Irod.: KKACs<\/p>\n","protected":false},"featured_media":0,"comment_status":"open","ping_status":"closed","template":"","meta":[],"product_brand":[],"product_cat":[137],"product_tag":[],"class_list":{"0":"post-12486","1":"product","2":"type-product","3":"status-publish","5":"product_cat-maros-megyei-eletrajzi-lexikon","7":"first","8":"instock","9":"shipping-taxable","10":"product-type-simple"},"_links":{"self":[{"href":"https:\/\/uj.adatbank.ro\/lexikon\/wp-json\/wp\/v2\/product\/12486","targetHints":{"allow":["GET"]}}],"collection":[{"href":"https:\/\/uj.adatbank.ro\/lexikon\/wp-json\/wp\/v2\/product"}],"about":[{"href":"https:\/\/uj.adatbank.ro\/lexikon\/wp-json\/wp\/v2\/types\/product"}],"replies":[{"embeddable":true,"href":"https:\/\/uj.adatbank.ro\/lexikon\/wp-json\/wp\/v2\/comments?post=12486"}],"wp:attachment":[{"href":"https:\/\/uj.adatbank.ro\/lexikon\/wp-json\/wp\/v2\/media?parent=12486"}],"wp:term":[{"taxonomy":"product_brand","embeddable":true,"href":"https:\/\/uj.adatbank.ro\/lexikon\/wp-json\/wp\/v2\/product_brand?post=12486"},{"taxonomy":"product_cat","embeddable":true,"href":"https:\/\/uj.adatbank.ro\/lexikon\/wp-json\/wp\/v2\/product_cat?post=12486"},{"taxonomy":"product_tag","embeddable":true,"href":"https:\/\/uj.adatbank.ro\/lexikon\/wp-json\/wp\/v2\/product_tag?post=12486"}],"curies":[{"name":"wp","href":"https:\/\/api.w.org\/{rel}","templated":true}]}}