{"id":12487,"date":"2025-06-29T14:28:57","date_gmt":"2025-06-29T12:28:57","guid":{"rendered":"https:\/\/uj.adatbank.ro\/lexikon\/termek\/koncz-pal\/"},"modified":"2025-06-29T14:28:57","modified_gmt":"2025-06-29T12:28:57","slug":"koncz-pal","status":"publish","type":"product","link":"https:\/\/uj.adatbank.ro\/lexikon\/termek\/koncz-pal\/","title":{"rendered":"KONCZ P\u00e1l"},"content":{"rendered":"<p>1772.?, \u2020 Ezs\u00e9betv\u00e1ros, 1830. jan. 6.: r. k. pap. \u2013 Kv.-on szentelt\u00e9k papp\u00e1. K\u00e1pl\u00e1n Sz\u00e9kelyudvarhelyen (1793). Pl\u00e9b\u00e1nos Cs\u00edkmindszenten (1797), Drass\u00f3ban (1798), Abosfalv\u00e1n (1802\u201309), Top\u00e1nfalv\u00e1n (1809). Sz\u00e9kesegyh\u00e1zi k\u00e1pl\u00e1n Gyulafeh\u00e9rv\u00e1ron (1810), majd tan\u00e1r nyugd\u00edjaz\u00e1s\u00e1ig (1819). <br \/><strong>Irod.:<\/strong> Ferenczi S\u00e1ndor 2009<\/br><\/p>\n","protected":false},"excerpt":{"rendered":"<p>1772.?, \u2020 Ezs\u00e9betv\u00e1ros, 1830. jan. 6.: r. k. pap. \u2013 Kv.-on szentelt\u00e9k papp\u00e1. K\u00e1pl\u00e1n Sz\u00e9kelyudvarhelyen (1793). Pl\u00e9b\u00e1nos Cs\u00edkmindszenten (1797), Drass\u00f3ban (1798), Abosfalv\u00e1n (1802\u201309), Top\u00e1nfalv\u00e1n (1809). Sz\u00e9kesegyh\u00e1zi k\u00e1pl\u00e1n Gyulafeh\u00e9rv\u00e1ron (1810), majd tan\u00e1r nyugd\u00edjaz\u00e1s\u00e1ig (1819). Irod.: Ferenczi S\u00e1ndor 2009<\/p>\n","protected":false},"featured_media":0,"comment_status":"open","ping_status":"closed","template":"","meta":[],"product_brand":[],"product_cat":[137],"product_tag":[],"class_list":{"0":"post-12487","1":"product","2":"type-product","3":"status-publish","5":"product_cat-maros-megyei-eletrajzi-lexikon","7":"first","8":"instock","9":"shipping-taxable","10":"product-type-simple"},"_links":{"self":[{"href":"https:\/\/uj.adatbank.ro\/lexikon\/wp-json\/wp\/v2\/product\/12487","targetHints":{"allow":["GET"]}}],"collection":[{"href":"https:\/\/uj.adatbank.ro\/lexikon\/wp-json\/wp\/v2\/product"}],"about":[{"href":"https:\/\/uj.adatbank.ro\/lexikon\/wp-json\/wp\/v2\/types\/product"}],"replies":[{"embeddable":true,"href":"https:\/\/uj.adatbank.ro\/lexikon\/wp-json\/wp\/v2\/comments?post=12487"}],"wp:attachment":[{"href":"https:\/\/uj.adatbank.ro\/lexikon\/wp-json\/wp\/v2\/media?parent=12487"}],"wp:term":[{"taxonomy":"product_brand","embeddable":true,"href":"https:\/\/uj.adatbank.ro\/lexikon\/wp-json\/wp\/v2\/product_brand?post=12487"},{"taxonomy":"product_cat","embeddable":true,"href":"https:\/\/uj.adatbank.ro\/lexikon\/wp-json\/wp\/v2\/product_cat?post=12487"},{"taxonomy":"product_tag","embeddable":true,"href":"https:\/\/uj.adatbank.ro\/lexikon\/wp-json\/wp\/v2\/product_tag?post=12487"}],"curies":[{"name":"wp","href":"https:\/\/api.w.org\/{rel}","templated":true}]}}