{"id":12488,"date":"2025-06-29T14:28:58","date_gmt":"2025-06-29T12:28:58","guid":{"rendered":"https:\/\/uj.adatbank.ro\/lexikon\/termek\/koncz-pal-lorincrevi\/"},"modified":"2025-06-29T14:28:58","modified_gmt":"2025-06-29T12:28:58","slug":"koncz-pal-lorincrevi","status":"publish","type":"product","link":"https:\/\/uj.adatbank.ro\/lexikon\/termek\/koncz-pal-lorincrevi\/","title":{"rendered":"KONCZ P\u00e1l, l\u0151rincr\u00e9vi"},"content":{"rendered":"<p>? \u2020 ?: v\u00e1rosi nemes. \u2013 Koncz Boldizs\u00e1r \u00e9s Incse Erzs\u00e9bet fia. \u2013 T\u00f6bbedmag\u00e1val Sz\u00e9kelyv\u00e1s\u00e1rhelyen, mint v\u00e1rosi bir\u00e1k homogi\u00e1lis esk\u00fct tettek B\u00e1st\u00e1nak (1603. febr. 7.). <br \/><strong>Irod.:<\/strong> P\u00e1l-Antal 2009; P\u00e1lmay P\u00e9ter H. M. 2013; SzOkl, 5; SzOkl \u00das 4<\/br><\/p>\n","protected":false},"excerpt":{"rendered":"<p>? \u2020 ?: v\u00e1rosi nemes. \u2013 Koncz Boldizs\u00e1r \u00e9s Incse Erzs\u00e9bet fia. \u2013 T\u00f6bbedmag\u00e1val Sz\u00e9kelyv\u00e1s\u00e1rhelyen, mint v\u00e1rosi bir\u00e1k homogi\u00e1lis esk\u00fct tettek B\u00e1st\u00e1nak (1603. febr. 7.). Irod.: P\u00e1l-Antal 2009; P\u00e1lmay P\u00e9ter H. M. 2013; SzOkl, 5; SzOkl \u00das 4<\/p>\n","protected":false},"featured_media":0,"comment_status":"open","ping_status":"closed","template":"","meta":[],"product_brand":[],"product_cat":[137],"product_tag":[],"class_list":{"0":"post-12488","1":"product","2":"type-product","3":"status-publish","5":"product_cat-maros-megyei-eletrajzi-lexikon","7":"first","8":"instock","9":"shipping-taxable","10":"product-type-simple"},"_links":{"self":[{"href":"https:\/\/uj.adatbank.ro\/lexikon\/wp-json\/wp\/v2\/product\/12488","targetHints":{"allow":["GET"]}}],"collection":[{"href":"https:\/\/uj.adatbank.ro\/lexikon\/wp-json\/wp\/v2\/product"}],"about":[{"href":"https:\/\/uj.adatbank.ro\/lexikon\/wp-json\/wp\/v2\/types\/product"}],"replies":[{"embeddable":true,"href":"https:\/\/uj.adatbank.ro\/lexikon\/wp-json\/wp\/v2\/comments?post=12488"}],"wp:attachment":[{"href":"https:\/\/uj.adatbank.ro\/lexikon\/wp-json\/wp\/v2\/media?parent=12488"}],"wp:term":[{"taxonomy":"product_brand","embeddable":true,"href":"https:\/\/uj.adatbank.ro\/lexikon\/wp-json\/wp\/v2\/product_brand?post=12488"},{"taxonomy":"product_cat","embeddable":true,"href":"https:\/\/uj.adatbank.ro\/lexikon\/wp-json\/wp\/v2\/product_cat?post=12488"},{"taxonomy":"product_tag","embeddable":true,"href":"https:\/\/uj.adatbank.ro\/lexikon\/wp-json\/wp\/v2\/product_tag?post=12488"}],"curies":[{"name":"wp","href":"https:\/\/api.w.org\/{rel}","templated":true}]}}