{"id":12489,"date":"2025-06-29T14:29:00","date_gmt":"2025-06-29T12:29:00","guid":{"rendered":"https:\/\/uj.adatbank.ro\/lexikon\/termek\/koncz-sandor\/"},"modified":"2025-06-29T14:29:00","modified_gmt":"2025-06-29T12:29:00","slug":"koncz-sandor","status":"publish","type":"product","link":"https:\/\/uj.adatbank.ro\/lexikon\/termek\/koncz-sandor\/","title":{"rendered":"KONCZ S\u00e1ndor"},"content":{"rendered":"<p>Di\u00f3sgy\u0151r, 1913. j\u00fan. 25., \u2020 S\u00e1rospatak, 1983. m\u00e1rc. 29.: ref. lelk\u00e9sz, teol. tan\u00e1r, lev\u00e9lt\u00e1ros. \u2013 A s\u00e1rospataki ref. teol akad. -n (1931\u201336), Glasgow-ban (1933\u201334, 1936\u201337), Berlinben folytatott teol. tanulm\u00e1nyokat (1937\u201338). A debreceni egy.-en teol. doktori oklevelet szer\u00adzett (1938). Konventi misszi\u00f3i lelk\u00e9sz Bp.-en (1938\u2013). Mv.-en int\u00e9zeti lelk\u00e9sz (1942\u2013), a debreceni egy. ref. hittud, kar\u00e1n mag\u00e1ntan\u00e1r (1943\u2013). A II. vh.-ban sz\u00e1zadosi rangban t\u00e1bori lelk\u00e9sz. S\u00e1rospatakon teol. tan\u00e1r (1947\u201351). <br \/><strong>Irod.:<\/strong> Berekm\u00e9ri 2015; Id\u0151t\u00e1r 3; \u00daM\u00c9L<\/br><\/p>\n","protected":false},"excerpt":{"rendered":"<p>Di\u00f3sgy\u0151r, 1913. j\u00fan. 25., \u2020 S\u00e1rospatak, 1983. m\u00e1rc. 29.: ref. lelk\u00e9sz, teol. tan\u00e1r, lev\u00e9lt\u00e1ros. \u2013 A s\u00e1rospataki ref. teol akad. -n (1931\u201336), Glasgow-ban (1933\u201334, 1936\u201337), Berlinben folytatott teol. tanulm\u00e1nyokat (1937\u201338). A debreceni egy.-en teol. doktori oklevelet szer\u00adzett (1938). Konventi misszi\u00f3i lelk\u00e9sz Bp.-en (1938\u2013). Mv.-en int\u00e9zeti lelk\u00e9sz (1942\u2013), a debreceni egy. ref. hittud, kar\u00e1n mag\u00e1ntan\u00e1r (1943\u2013). [&hellip;]<\/p>\n","protected":false},"featured_media":0,"comment_status":"open","ping_status":"closed","template":"","meta":[],"product_brand":[],"product_cat":[137],"product_tag":[],"class_list":{"0":"post-12489","1":"product","2":"type-product","3":"status-publish","5":"product_cat-maros-megyei-eletrajzi-lexikon","7":"first","8":"instock","9":"shipping-taxable","10":"product-type-simple"},"_links":{"self":[{"href":"https:\/\/uj.adatbank.ro\/lexikon\/wp-json\/wp\/v2\/product\/12489","targetHints":{"allow":["GET"]}}],"collection":[{"href":"https:\/\/uj.adatbank.ro\/lexikon\/wp-json\/wp\/v2\/product"}],"about":[{"href":"https:\/\/uj.adatbank.ro\/lexikon\/wp-json\/wp\/v2\/types\/product"}],"replies":[{"embeddable":true,"href":"https:\/\/uj.adatbank.ro\/lexikon\/wp-json\/wp\/v2\/comments?post=12489"}],"wp:attachment":[{"href":"https:\/\/uj.adatbank.ro\/lexikon\/wp-json\/wp\/v2\/media?parent=12489"}],"wp:term":[{"taxonomy":"product_brand","embeddable":true,"href":"https:\/\/uj.adatbank.ro\/lexikon\/wp-json\/wp\/v2\/product_brand?post=12489"},{"taxonomy":"product_cat","embeddable":true,"href":"https:\/\/uj.adatbank.ro\/lexikon\/wp-json\/wp\/v2\/product_cat?post=12489"},{"taxonomy":"product_tag","embeddable":true,"href":"https:\/\/uj.adatbank.ro\/lexikon\/wp-json\/wp\/v2\/product_tag?post=12489"}],"curies":[{"name":"wp","href":"https:\/\/api.w.org\/{rel}","templated":true}]}}