{"id":12490,"date":"2025-06-29T14:29:02","date_gmt":"2025-06-29T12:29:02","guid":{"rendered":"https:\/\/uj.adatbank.ro\/lexikon\/termek\/koncz-tamas-szekelyvasarhelyi\/"},"modified":"2025-06-29T14:29:02","modified_gmt":"2025-06-29T12:29:02","slug":"koncz-tamas-szekelyvasarhelyi","status":"publish","type":"product","link":"https:\/\/uj.adatbank.ro\/lexikon\/termek\/koncz-tamas-szekelyvasarhelyi\/","title":{"rendered":"KONCZ Tam\u00e1s, sz\u00e9kelyv\u00e1s\u00e1rhelyi"},"content":{"rendered":"<p>? \u2020 ? : v\u00e1rosi nemes. \u2013 Egyike az \u00f6t v\u00e1s\u00e1rhelyi nemes csal\u00e1dnak (1602). Koncz Boldizs\u00e1r \u00e9s Incse Erzs\u00e9bet fia. \u2013 Testv\u00e9reivel nyert nemess\u00e9get B\u00e1thory Zsigmondt\u00f3l (1594. aug. 10.). T\u00f6bbedmag\u00e1val Sz\u00e9kelyv\u00e1s\u00e1rhelyen, mint v\u00e1rosi bir\u00e1k homogi\u00e1lis esk\u00fct tettek B\u00e1st\u00e1nak (1603. febr. 7.), B\u00e1thory G\u00e1bort\u00f3l birtokaira adom\u00e1nylevelet kapott (1609. dec. 12.). <br \/><strong>Irod.:<\/strong> Documente privitoare la istoria Ardealului, Moldovei \u015fi \u0162\u0103rii Rom\u00e2ne\u015fti (Buc., 1929\u201338); P\u00e1l-Antal 2009; P\u00e1l-Antal 2013; P\u00e1lmay, SzOkl, 5 SzOkl \u00das 4<\/br><\/p>\n","protected":false},"excerpt":{"rendered":"<p>? \u2020 ? : v\u00e1rosi nemes. \u2013 Egyike az \u00f6t v\u00e1s\u00e1rhelyi nemes csal\u00e1dnak (1602). Koncz Boldizs\u00e1r \u00e9s Incse Erzs\u00e9bet fia. \u2013 Testv\u00e9reivel nyert nemess\u00e9get B\u00e1thory Zsigmondt\u00f3l (1594. aug. 10.). T\u00f6bbedmag\u00e1val Sz\u00e9kelyv\u00e1s\u00e1rhelyen, mint v\u00e1rosi bir\u00e1k homogi\u00e1lis esk\u00fct tettek B\u00e1st\u00e1nak (1603. febr. 7.), B\u00e1thory G\u00e1bort\u00f3l birtokaira adom\u00e1nylevelet kapott (1609. dec. 12.). Irod.: Documente privitoare la istoria Ardealului, [&hellip;]<\/p>\n","protected":false},"featured_media":0,"comment_status":"open","ping_status":"closed","template":"","meta":[],"product_brand":[],"product_cat":[137],"product_tag":[],"class_list":{"0":"post-12490","1":"product","2":"type-product","3":"status-publish","5":"product_cat-maros-megyei-eletrajzi-lexikon","7":"first","8":"instock","9":"shipping-taxable","10":"product-type-simple"},"_links":{"self":[{"href":"https:\/\/uj.adatbank.ro\/lexikon\/wp-json\/wp\/v2\/product\/12490","targetHints":{"allow":["GET"]}}],"collection":[{"href":"https:\/\/uj.adatbank.ro\/lexikon\/wp-json\/wp\/v2\/product"}],"about":[{"href":"https:\/\/uj.adatbank.ro\/lexikon\/wp-json\/wp\/v2\/types\/product"}],"replies":[{"embeddable":true,"href":"https:\/\/uj.adatbank.ro\/lexikon\/wp-json\/wp\/v2\/comments?post=12490"}],"wp:attachment":[{"href":"https:\/\/uj.adatbank.ro\/lexikon\/wp-json\/wp\/v2\/media?parent=12490"}],"wp:term":[{"taxonomy":"product_brand","embeddable":true,"href":"https:\/\/uj.adatbank.ro\/lexikon\/wp-json\/wp\/v2\/product_brand?post=12490"},{"taxonomy":"product_cat","embeddable":true,"href":"https:\/\/uj.adatbank.ro\/lexikon\/wp-json\/wp\/v2\/product_cat?post=12490"},{"taxonomy":"product_tag","embeddable":true,"href":"https:\/\/uj.adatbank.ro\/lexikon\/wp-json\/wp\/v2\/product_tag?post=12490"}],"curies":[{"name":"wp","href":"https:\/\/api.w.org\/{rel}","templated":true}]}}