{"id":12492,"date":"2025-06-29T14:29:06","date_gmt":"2025-06-29T12:29:06","guid":{"rendered":"https:\/\/uj.adatbank.ro\/lexikon\/termek\/koncz-lorincrevi-es-szekelyvasarhelyi-kontz\/"},"modified":"2025-06-29T14:29:06","modified_gmt":"2025-06-29T12:29:06","slug":"koncz-lorincrevi-es-szekelyvasarhelyi-kontz","status":"publish","type":"product","link":"https:\/\/uj.adatbank.ro\/lexikon\/termek\/koncz-lorincrevi-es-szekelyvasarhelyi-kontz\/","title":{"rendered":"KONCZ, l\u0151rincr\u00e9vi \u00e9s sz\u00e9kelyv\u00e1s\u00e1rhelyi; Kontz"},"content":{"rendered":"<p>a sz\u00e9kely csal\u00e1d szerepl\u00e9se 16., 17. sz. ismeretes. Eredetileg egy volt a csal\u00e1d, csak k\u00e9s\u0151bb (1607 k\u00f6r\u00fcl) v\u00e1lik el k\u00e9t r\u00e9szre. K. P\u00e1l \u00e9s lesz\u00e1rmozattai a l\u0151rincr\u00e9vi el\u0151nevet \u00e9s K. Tam\u00e1s a sz\u00e9kely, illetve a marosv\u00e1s\u00e1rhelyi el\u0151nevet haszn\u00e1lt\u00e1k. <br \/><strong>Irod.:<\/strong> P\u00e1lmay.<\/br><\/p>\n","protected":false},"excerpt":{"rendered":"<p>a sz\u00e9kely csal\u00e1d szerepl\u00e9se 16., 17. sz. ismeretes. Eredetileg egy volt a csal\u00e1d, csak k\u00e9s\u0151bb (1607 k\u00f6r\u00fcl) v\u00e1lik el k\u00e9t r\u00e9szre. K. P\u00e1l \u00e9s lesz\u00e1rmozattai a l\u0151rincr\u00e9vi el\u0151nevet \u00e9s K. Tam\u00e1s a sz\u00e9kely, illetve a marosv\u00e1s\u00e1rhelyi el\u0151nevet haszn\u00e1lt\u00e1k. Irod.: P\u00e1lmay.<\/p>\n","protected":false},"featured_media":0,"comment_status":"open","ping_status":"closed","template":"","meta":[],"product_brand":[],"product_cat":[137],"product_tag":[],"class_list":{"0":"post-12492","1":"product","2":"type-product","3":"status-publish","5":"product_cat-maros-megyei-eletrajzi-lexikon","7":"first","8":"instock","9":"shipping-taxable","10":"product-type-simple"},"_links":{"self":[{"href":"https:\/\/uj.adatbank.ro\/lexikon\/wp-json\/wp\/v2\/product\/12492","targetHints":{"allow":["GET"]}}],"collection":[{"href":"https:\/\/uj.adatbank.ro\/lexikon\/wp-json\/wp\/v2\/product"}],"about":[{"href":"https:\/\/uj.adatbank.ro\/lexikon\/wp-json\/wp\/v2\/types\/product"}],"replies":[{"embeddable":true,"href":"https:\/\/uj.adatbank.ro\/lexikon\/wp-json\/wp\/v2\/comments?post=12492"}],"wp:attachment":[{"href":"https:\/\/uj.adatbank.ro\/lexikon\/wp-json\/wp\/v2\/media?parent=12492"}],"wp:term":[{"taxonomy":"product_brand","embeddable":true,"href":"https:\/\/uj.adatbank.ro\/lexikon\/wp-json\/wp\/v2\/product_brand?post=12492"},{"taxonomy":"product_cat","embeddable":true,"href":"https:\/\/uj.adatbank.ro\/lexikon\/wp-json\/wp\/v2\/product_cat?post=12492"},{"taxonomy":"product_tag","embeddable":true,"href":"https:\/\/uj.adatbank.ro\/lexikon\/wp-json\/wp\/v2\/product_tag?post=12492"}],"curies":[{"name":"wp","href":"https:\/\/api.w.org\/{rel}","templated":true}]}}