{"id":12493,"date":"2025-06-29T14:29:10","date_gmt":"2025-06-29T12:29:10","guid":{"rendered":"https:\/\/uj.adatbank.ro\/lexikon\/termek\/konczei-imre-haromszeki-altorjai-kontzei-imre\/"},"modified":"2025-06-29T14:29:10","modified_gmt":"2025-06-29T12:29:10","slug":"konczei-imre-haromszeki-altorjai-kontzei-imre","status":"publish","type":"product","link":"https:\/\/uj.adatbank.ro\/lexikon\/termek\/konczei-imre-haromszeki-altorjai-kontzei-imre\/","title":{"rendered":"K\u00d6NCZEI Imre, h\u00e1romsz\u00e9ki altorjai, K\u00f6ntzei Imre"},"content":{"rendered":"<p>1763.? \u2020 Mv., 1799. aug. 7. A mv.-i Keresztel\u0151 Szent J\u00e1nos-pl\u00e9b\u00e1nia kript\u00e1j\u00e1ba temett\u00e9k: paptan\u00e1r. \u2013 Paptan\u00e1r a mv.-i r. k. tanod\u00e1ban a k\u00f6lt\u00e9szet tan\u00e1ra (1790\u2013). <br \/><strong>Irod.:<\/strong> Ferenczi S\u00e1ndor 2009; Kr\u00f3n. F\u00fcz. (1939. 4\/9); M\u00e1th\u00e9 \u00c9va: Besz\u00e9des s\u00edrfel\u00edratok (Kr\u00f3nika, 2010. nov. 5\u20137.); Mv.-i Pl\u00e9b\u00e1niatemplom kript\u00e1ja; Pusk\u00e1s Attila \u2013 s\u00edrfeliratok; Sz\u00e1sz- Barab\u00e1s-Pusk\u00e1s<\/br><\/p>\n","protected":false},"excerpt":{"rendered":"<p>1763.? \u2020 Mv., 1799. aug. 7. A mv.-i Keresztel\u0151 Szent J\u00e1nos-pl\u00e9b\u00e1nia kript\u00e1j\u00e1ba temett\u00e9k: paptan\u00e1r. \u2013 Paptan\u00e1r a mv.-i r. k. tanod\u00e1ban a k\u00f6lt\u00e9szet tan\u00e1ra (1790\u2013). Irod.: Ferenczi S\u00e1ndor 2009; Kr\u00f3n. F\u00fcz. (1939. 4\/9); M\u00e1th\u00e9 \u00c9va: Besz\u00e9des s\u00edrfel\u00edratok (Kr\u00f3nika, 2010. nov. 5\u20137.); Mv.-i Pl\u00e9b\u00e1niatemplom kript\u00e1ja; Pusk\u00e1s Attila \u2013 s\u00edrfeliratok; Sz\u00e1sz- Barab\u00e1s-Pusk\u00e1s<\/p>\n","protected":false},"featured_media":0,"comment_status":"open","ping_status":"closed","template":"","meta":[],"product_brand":[],"product_cat":[137],"product_tag":[],"class_list":{"0":"post-12493","1":"product","2":"type-product","3":"status-publish","5":"product_cat-maros-megyei-eletrajzi-lexikon","7":"first","8":"instock","9":"shipping-taxable","10":"product-type-simple"},"_links":{"self":[{"href":"https:\/\/uj.adatbank.ro\/lexikon\/wp-json\/wp\/v2\/product\/12493","targetHints":{"allow":["GET"]}}],"collection":[{"href":"https:\/\/uj.adatbank.ro\/lexikon\/wp-json\/wp\/v2\/product"}],"about":[{"href":"https:\/\/uj.adatbank.ro\/lexikon\/wp-json\/wp\/v2\/types\/product"}],"replies":[{"embeddable":true,"href":"https:\/\/uj.adatbank.ro\/lexikon\/wp-json\/wp\/v2\/comments?post=12493"}],"wp:attachment":[{"href":"https:\/\/uj.adatbank.ro\/lexikon\/wp-json\/wp\/v2\/media?parent=12493"}],"wp:term":[{"taxonomy":"product_brand","embeddable":true,"href":"https:\/\/uj.adatbank.ro\/lexikon\/wp-json\/wp\/v2\/product_brand?post=12493"},{"taxonomy":"product_cat","embeddable":true,"href":"https:\/\/uj.adatbank.ro\/lexikon\/wp-json\/wp\/v2\/product_cat?post=12493"},{"taxonomy":"product_tag","embeddable":true,"href":"https:\/\/uj.adatbank.ro\/lexikon\/wp-json\/wp\/v2\/product_tag?post=12493"}],"curies":[{"name":"wp","href":"https:\/\/api.w.org\/{rel}","templated":true}]}}