{"id":12495,"date":"2025-06-29T14:29:13","date_gmt":"2025-06-29T12:29:13","guid":{"rendered":"https:\/\/uj.adatbank.ro\/lexikon\/termek\/konczwald-endre\/"},"modified":"2025-06-29T14:29:13","modified_gmt":"2025-06-29T12:29:13","slug":"konczwald-endre","status":"publish","type":"product","link":"https:\/\/uj.adatbank.ro\/lexikon\/termek\/konczwald-endre\/","title":{"rendered":"KONCZWALD Endre"},"content":{"rendered":"<p>? \u2020 ?: b\u00edr\u00f3, t\u00f6rv\u00e9nysz\u00e9ki eln\u00f6k. \u2013 A mv.-i t\u00f6rv\u00e9nysz\u00e9k eln\u00f6k\u00e9nek nevezt\u00e9k ki (1913). A IV Orsz\u00e1gos Patronag Kongresszus el\u0151k\u00e9sz\u00edt\u0151 bizotts\u00e1g\u00e1nak tagja (Kv., 1914). Repatri\u00e1lt Mo.-ra (1920). <br \/><strong>Irod.:<\/strong> A IV. Orsz\u00e1gos Patronage-Kongresszus iratai (Kv., 1914); Id\u0151t\u00e1r 2 ; Id\u0151t\u00e1r 3<\/br><\/p>\n","protected":false},"excerpt":{"rendered":"<p>? \u2020 ?: b\u00edr\u00f3, t\u00f6rv\u00e9nysz\u00e9ki eln\u00f6k. \u2013 A mv.-i t\u00f6rv\u00e9nysz\u00e9k eln\u00f6k\u00e9nek nevezt\u00e9k ki (1913). A IV Orsz\u00e1gos Patronag Kongresszus el\u0151k\u00e9sz\u00edt\u0151 bizotts\u00e1g\u00e1nak tagja (Kv., 1914). Repatri\u00e1lt Mo.-ra (1920). Irod.: A IV. Orsz\u00e1gos Patronage-Kongresszus iratai (Kv., 1914); Id\u0151t\u00e1r 2 ; Id\u0151t\u00e1r 3<\/p>\n","protected":false},"featured_media":0,"comment_status":"open","ping_status":"closed","template":"","meta":[],"product_brand":[],"product_cat":[137],"product_tag":[],"class_list":{"0":"post-12495","1":"product","2":"type-product","3":"status-publish","5":"product_cat-maros-megyei-eletrajzi-lexikon","7":"first","8":"instock","9":"shipping-taxable","10":"product-type-simple"},"_links":{"self":[{"href":"https:\/\/uj.adatbank.ro\/lexikon\/wp-json\/wp\/v2\/product\/12495","targetHints":{"allow":["GET"]}}],"collection":[{"href":"https:\/\/uj.adatbank.ro\/lexikon\/wp-json\/wp\/v2\/product"}],"about":[{"href":"https:\/\/uj.adatbank.ro\/lexikon\/wp-json\/wp\/v2\/types\/product"}],"replies":[{"embeddable":true,"href":"https:\/\/uj.adatbank.ro\/lexikon\/wp-json\/wp\/v2\/comments?post=12495"}],"wp:attachment":[{"href":"https:\/\/uj.adatbank.ro\/lexikon\/wp-json\/wp\/v2\/media?parent=12495"}],"wp:term":[{"taxonomy":"product_brand","embeddable":true,"href":"https:\/\/uj.adatbank.ro\/lexikon\/wp-json\/wp\/v2\/product_brand?post=12495"},{"taxonomy":"product_cat","embeddable":true,"href":"https:\/\/uj.adatbank.ro\/lexikon\/wp-json\/wp\/v2\/product_cat?post=12495"},{"taxonomy":"product_tag","embeddable":true,"href":"https:\/\/uj.adatbank.ro\/lexikon\/wp-json\/wp\/v2\/product_tag?post=12495"}],"curies":[{"name":"wp","href":"https:\/\/api.w.org\/{rel}","templated":true}]}}