{"id":12496,"date":"2025-06-29T14:29:15","date_gmt":"2025-06-29T12:29:15","guid":{"rendered":"https:\/\/uj.adatbank.ro\/lexikon\/termek\/konderth-ottilie\/"},"modified":"2025-06-29T14:29:15","modified_gmt":"2025-06-29T12:29:15","slug":"konderth-ottilie","status":"publish","type":"product","link":"https:\/\/uj.adatbank.ro\/lexikon\/termek\/konderth-ottilie\/","title":{"rendered":"KONDERTH, Ottilie"},"content":{"rendered":"<p>? \u2020 1944 : \u00f3von\u0151. \u2013 A sz\u00e1szr\u00e9geni ovod\u00e1ban testv\u00e9r\u00e9vel, Emma K. -tel volt az \u00faj ovoda vezet\u0151je (1897\u20131925). Egyszerre mentek nyugd\u00edjba (1931) \u00e9s \u00f6ngyilkosok lettek az \u00faj rendszer bevezet\u00e9sekor (1944). <br \/><strong>Irod.:<\/strong> S\u00e4chsisch-Regen<\/br><\/p>\n","protected":false},"excerpt":{"rendered":"<p>? \u2020 1944 : \u00f3von\u0151. \u2013 A sz\u00e1szr\u00e9geni ovod\u00e1ban testv\u00e9r\u00e9vel, Emma K. -tel volt az \u00faj ovoda vezet\u0151je (1897\u20131925). Egyszerre mentek nyugd\u00edjba (1931) \u00e9s \u00f6ngyilkosok lettek az \u00faj rendszer bevezet\u00e9sekor (1944). Irod.: S\u00e4chsisch-Regen<\/p>\n","protected":false},"featured_media":0,"comment_status":"open","ping_status":"closed","template":"","meta":[],"product_brand":[],"product_cat":[137],"product_tag":[],"class_list":{"0":"post-12496","1":"product","2":"type-product","3":"status-publish","5":"product_cat-maros-megyei-eletrajzi-lexikon","7":"first","8":"instock","9":"shipping-taxable","10":"product-type-simple"},"_links":{"self":[{"href":"https:\/\/uj.adatbank.ro\/lexikon\/wp-json\/wp\/v2\/product\/12496","targetHints":{"allow":["GET"]}}],"collection":[{"href":"https:\/\/uj.adatbank.ro\/lexikon\/wp-json\/wp\/v2\/product"}],"about":[{"href":"https:\/\/uj.adatbank.ro\/lexikon\/wp-json\/wp\/v2\/types\/product"}],"replies":[{"embeddable":true,"href":"https:\/\/uj.adatbank.ro\/lexikon\/wp-json\/wp\/v2\/comments?post=12496"}],"wp:attachment":[{"href":"https:\/\/uj.adatbank.ro\/lexikon\/wp-json\/wp\/v2\/media?parent=12496"}],"wp:term":[{"taxonomy":"product_brand","embeddable":true,"href":"https:\/\/uj.adatbank.ro\/lexikon\/wp-json\/wp\/v2\/product_brand?post=12496"},{"taxonomy":"product_cat","embeddable":true,"href":"https:\/\/uj.adatbank.ro\/lexikon\/wp-json\/wp\/v2\/product_cat?post=12496"},{"taxonomy":"product_tag","embeddable":true,"href":"https:\/\/uj.adatbank.ro\/lexikon\/wp-json\/wp\/v2\/product_tag?post=12496"}],"curies":[{"name":"wp","href":"https:\/\/api.w.org\/{rel}","templated":true}]}}