{"id":12498,"date":"2025-06-29T14:29:19","date_gmt":"2025-06-29T12:29:19","guid":{"rendered":"https:\/\/uj.adatbank.ro\/lexikon\/termek\/kondrad-2\/"},"modified":"2025-06-29T14:29:19","modified_gmt":"2025-06-29T12:29:19","slug":"kondrad-2","status":"publish","type":"product","link":"https:\/\/uj.adatbank.ro\/lexikon\/termek\/kondrad-2\/","title":{"rendered":"KONDR\u00c1D"},"content":{"rendered":"<p>? \u2020 ?: r. k. pap. \u2013 Mikl\u00f3stelke pl\u00e9b\u00e1niatemplom papja \u00e9s rektora (1353), el\u0151dje J\u00e1nos volt. <br \/><strong>Irod.:<\/strong> L\u00e9sty\u00e1n \u2013 templomok<\/br><\/p>\n","protected":false},"excerpt":{"rendered":"<p>? \u2020 ?: r. k. pap. \u2013 Mikl\u00f3stelke pl\u00e9b\u00e1niatemplom papja \u00e9s rektora (1353), el\u0151dje J\u00e1nos volt. Irod.: L\u00e9sty\u00e1n \u2013 templomok<\/p>\n","protected":false},"featured_media":0,"comment_status":"open","ping_status":"closed","template":"","meta":[],"product_brand":[],"product_cat":[137],"product_tag":[],"class_list":{"0":"post-12498","1":"product","2":"type-product","3":"status-publish","5":"product_cat-maros-megyei-eletrajzi-lexikon","7":"first","8":"instock","9":"shipping-taxable","10":"product-type-simple"},"_links":{"self":[{"href":"https:\/\/uj.adatbank.ro\/lexikon\/wp-json\/wp\/v2\/product\/12498","targetHints":{"allow":["GET"]}}],"collection":[{"href":"https:\/\/uj.adatbank.ro\/lexikon\/wp-json\/wp\/v2\/product"}],"about":[{"href":"https:\/\/uj.adatbank.ro\/lexikon\/wp-json\/wp\/v2\/types\/product"}],"replies":[{"embeddable":true,"href":"https:\/\/uj.adatbank.ro\/lexikon\/wp-json\/wp\/v2\/comments?post=12498"}],"wp:attachment":[{"href":"https:\/\/uj.adatbank.ro\/lexikon\/wp-json\/wp\/v2\/media?parent=12498"}],"wp:term":[{"taxonomy":"product_brand","embeddable":true,"href":"https:\/\/uj.adatbank.ro\/lexikon\/wp-json\/wp\/v2\/product_brand?post=12498"},{"taxonomy":"product_cat","embeddable":true,"href":"https:\/\/uj.adatbank.ro\/lexikon\/wp-json\/wp\/v2\/product_cat?post=12498"},{"taxonomy":"product_tag","embeddable":true,"href":"https:\/\/uj.adatbank.ro\/lexikon\/wp-json\/wp\/v2\/product_tag?post=12498"}],"curies":[{"name":"wp","href":"https:\/\/api.w.org\/{rel}","templated":true}]}}