{"id":12499,"date":"2025-06-29T14:29:21","date_gmt":"2025-06-29T12:29:21","guid":{"rendered":"https:\/\/uj.adatbank.ro\/lexikon\/termek\/kondrad-jozsef\/"},"modified":"2025-06-29T14:29:21","modified_gmt":"2025-06-29T12:29:21","slug":"kondrad-jozsef","status":"publish","type":"product","link":"https:\/\/uj.adatbank.ro\/lexikon\/termek\/kondrad-jozsef\/","title":{"rendered":"KONDR\u00c1D J\u00f3zsef"},"content":{"rendered":"<p>Mv., 1899., \u2020 ?: puskam\u0171ves \u00e9s mechanikus. \u2013 Iskol\u00e1i elv\u00e9gz\u00e9se ut\u00e1n az ipari p\u00e1ly\u00e1ra l\u00e9pett, \u00f6n\u00e1ll\u00f3 lett Mv.-en (1933). A MP tagja, az \u00c9p\u00edt\u0151ipari Egylet v\u00e9grehajt\u00f3bizotts\u00e1gi tagja volt. Az els\u0151 vh.-ban a 32. gy. e. ben harcolt. <br \/><strong>Irod.:<\/strong> Sz\u00e9kelyf\u00f6ld \u00ed. k.<\/br><\/p>\n","protected":false},"excerpt":{"rendered":"<p>Mv., 1899., \u2020 ?: puskam\u0171ves \u00e9s mechanikus. \u2013 Iskol\u00e1i elv\u00e9gz\u00e9se ut\u00e1n az ipari p\u00e1ly\u00e1ra l\u00e9pett, \u00f6n\u00e1ll\u00f3 lett Mv.-en (1933). A MP tagja, az \u00c9p\u00edt\u0151ipari Egylet v\u00e9grehajt\u00f3bizotts\u00e1gi tagja volt. Az els\u0151 vh.-ban a 32. gy. e. ben harcolt. Irod.: Sz\u00e9kelyf\u00f6ld \u00ed. k.<\/p>\n","protected":false},"featured_media":0,"comment_status":"open","ping_status":"closed","template":"","meta":[],"product_brand":[],"product_cat":[137],"product_tag":[],"class_list":{"0":"post-12499","1":"product","2":"type-product","3":"status-publish","5":"product_cat-maros-megyei-eletrajzi-lexikon","7":"first","8":"instock","9":"shipping-taxable","10":"product-type-simple"},"_links":{"self":[{"href":"https:\/\/uj.adatbank.ro\/lexikon\/wp-json\/wp\/v2\/product\/12499","targetHints":{"allow":["GET"]}}],"collection":[{"href":"https:\/\/uj.adatbank.ro\/lexikon\/wp-json\/wp\/v2\/product"}],"about":[{"href":"https:\/\/uj.adatbank.ro\/lexikon\/wp-json\/wp\/v2\/types\/product"}],"replies":[{"embeddable":true,"href":"https:\/\/uj.adatbank.ro\/lexikon\/wp-json\/wp\/v2\/comments?post=12499"}],"wp:attachment":[{"href":"https:\/\/uj.adatbank.ro\/lexikon\/wp-json\/wp\/v2\/media?parent=12499"}],"wp:term":[{"taxonomy":"product_brand","embeddable":true,"href":"https:\/\/uj.adatbank.ro\/lexikon\/wp-json\/wp\/v2\/product_brand?post=12499"},{"taxonomy":"product_cat","embeddable":true,"href":"https:\/\/uj.adatbank.ro\/lexikon\/wp-json\/wp\/v2\/product_cat?post=12499"},{"taxonomy":"product_tag","embeddable":true,"href":"https:\/\/uj.adatbank.ro\/lexikon\/wp-json\/wp\/v2\/product_tag?post=12499"}],"curies":[{"name":"wp","href":"https:\/\/api.w.org\/{rel}","templated":true}]}}