{"id":12500,"date":"2025-06-29T14:29:22","date_gmt":"2025-06-29T12:29:22","guid":{"rendered":"https:\/\/uj.adatbank.ro\/lexikon\/termek\/kondrai-gergely\/"},"modified":"2025-06-29T14:29:22","modified_gmt":"2025-06-29T12:29:22","slug":"kondrai-gergely","status":"publish","type":"product","link":"https:\/\/uj.adatbank.ro\/lexikon\/termek\/kondrai-gergely\/","title":{"rendered":"KONDRAI Gergely"},"content":{"rendered":"<p>1772. \u2020 Mv., 1847. febr. 23. <br \/><strong>Irod.:<\/strong> Pusk\u00e1s -Sz\u00e1sz \u00c1. R.<\/br><\/p>\n","protected":false},"excerpt":{"rendered":"<p>1772. \u2020 Mv., 1847. febr. 23. Irod.: Pusk\u00e1s -Sz\u00e1sz \u00c1. R.<\/p>\n","protected":false},"featured_media":0,"comment_status":"open","ping_status":"closed","template":"","meta":[],"product_brand":[],"product_cat":[137],"product_tag":[],"class_list":{"0":"post-12500","1":"product","2":"type-product","3":"status-publish","5":"product_cat-maros-megyei-eletrajzi-lexikon","7":"first","8":"instock","9":"shipping-taxable","10":"product-type-simple"},"_links":{"self":[{"href":"https:\/\/uj.adatbank.ro\/lexikon\/wp-json\/wp\/v2\/product\/12500","targetHints":{"allow":["GET"]}}],"collection":[{"href":"https:\/\/uj.adatbank.ro\/lexikon\/wp-json\/wp\/v2\/product"}],"about":[{"href":"https:\/\/uj.adatbank.ro\/lexikon\/wp-json\/wp\/v2\/types\/product"}],"replies":[{"embeddable":true,"href":"https:\/\/uj.adatbank.ro\/lexikon\/wp-json\/wp\/v2\/comments?post=12500"}],"wp:attachment":[{"href":"https:\/\/uj.adatbank.ro\/lexikon\/wp-json\/wp\/v2\/media?parent=12500"}],"wp:term":[{"taxonomy":"product_brand","embeddable":true,"href":"https:\/\/uj.adatbank.ro\/lexikon\/wp-json\/wp\/v2\/product_brand?post=12500"},{"taxonomy":"product_cat","embeddable":true,"href":"https:\/\/uj.adatbank.ro\/lexikon\/wp-json\/wp\/v2\/product_cat?post=12500"},{"taxonomy":"product_tag","embeddable":true,"href":"https:\/\/uj.adatbank.ro\/lexikon\/wp-json\/wp\/v2\/product_tag?post=12500"}],"curies":[{"name":"wp","href":"https:\/\/api.w.org\/{rel}","templated":true}]}}