{"id":12501,"date":"2025-06-29T14:29:24","date_gmt":"2025-06-29T12:29:24","guid":{"rendered":"https:\/\/uj.adatbank.ro\/lexikon\/termek\/kondrai-gero\/"},"modified":"2025-06-29T14:29:24","modified_gmt":"2025-06-29T12:29:24","slug":"kondrai-gero","status":"publish","type":"product","link":"https:\/\/uj.adatbank.ro\/lexikon\/termek\/kondrai-gero\/","title":{"rendered":"KONDRAI Ger\u0151"},"content":{"rendered":"<p>Mez\u0151b\u00e1nd, 1913 j\u00fan. 27., \u2020 Bp., 1994. okt. 24.: orvos, seb\u00e9sz, oszteol\u00f3gus. \u2013 A kv.-i Ferdin\u00e1nd TE \u00e1lt. orvosi okl. -t szerzett (1937). Nagyv\u00e1radon a Megyei K\u00f3rh\u00e1z Seb\u00e9szeti Oszt\u00e1ly\u00e1n alorvos (1937\u20131938), a debreceni Tisza Istv\u00e1n Tudom\u00e1nyegyetem Klinik\u00e1j\u00e1nak m\u0171t\u0151n\u00f6vend\u00e9ke (1939\u20131940), a Kv.-i Ferenc J\u00f3zsef Tudom\u00e9nyegyetem Seb\u00e9szeti M\u0171t\u00e9ttani Tansz\u00e9k gyakornoka, egy. tan\u00e1rseg\u00e9de (1940\u20131944). A m\u00e1t\u00e9szalkai Megyei K\u00f3rh\u00e1z Seb\u00e9szeti Oszt. -nak alorvosa (1945\u20131946), seb\u00e9szf\u0151orvosa (1946\u20131951; 1958\u20131970); k\u00f6zben a k\u00f3rh\u00e1z igazgat\u00f3 f\u0151orvosa (1951\u20131958), egy\u00fattal a kisv\u00e1rdai ment\u0151szolg\u00e1lat vezet\u0151je is (1951\u20131959). A II. vh.-ban mint z\u00e1szl\u00f3s a 69. hat\u00e1rvad\u00e1sz csoportn\u00e1l frontszolg\u00e1latot teljes\u00edtett, amerikai hadifogs\u00e1gban volt (1944\u20131945). C\u00edmzetes egyetemi tan\u00e1r volt Bp.-en. K\u00eds\u00e9rletes csot\u00e1t\u00fcltet\u00e9ssel, csonttranszplant\u00e1i\u00f3s \u00e9s tart\u00f3s\u00edt\u00e1si m\u00f3dszerek \u00f6sszehasonl\u00edt\u00f3 vizsg\u00e1lat\u00e1val, ezzel \u00f6sszef\u00fcgg\u0151en s\u00e9rvm\u0171t\u00e9tek \u00e9s pajzsmirigym\u0171t\u00e9tek korszer\u0171s\u00edt\u00e9s\u00e9vel foglalkozott. Jelent\u0151s eredm\u00e9nyeket \u00e9rt el a csonttranszplant\u00e1ci\u00f3 immunbiol\u00f3giai folyamatainak felt\u00e1r\u00e1sa ter\u00e9n. M\u00f3dos\u00edtotta a vil\u00e1gszerte igen elterjedt \u00fan. kieli csontk\u00e9sz\u00edtm\u00e9ny elnevez\u00e9s\u0171 csontkonzerv\u00e1l\u00f3 m\u00f3dszert. Szakdolgozatai a : Magyar seb\u00e9szet, Orvosi Hetilap, Acta Morphologica. Magyar Radiok\u00f3gia \u2013 <strong>F. m.:<\/strong> Seb\u00e9szeti m\u0171t\u00e9ttan. Nov\u00e1k E. -vel (Bp., 1944); Kieli csontk\u00e9sz\u00edtm\u00e9ny elm\u00e9leti alapjai, el\u0151\u00e1ll\u00edt\u00e1sa \u00e9s alkalmaz\u00e1sa. Beny\u00fajtott kand. \u00c9rtekez\u00e9s (Kisv\u00e1rda, 1967). \u2013.<br \/><strong>Irod.:<\/strong> R\u00daL<\/br><\/p>\n","protected":false},"excerpt":{"rendered":"<p>Mez\u0151b\u00e1nd, 1913 j\u00fan. 27., \u2020 Bp., 1994. okt. 24.: orvos, seb\u00e9sz, oszteol\u00f3gus. \u2013 A kv.-i Ferdin\u00e1nd TE \u00e1lt. orvosi okl. -t szerzett (1937). Nagyv\u00e1radon a Megyei K\u00f3rh\u00e1z Seb\u00e9szeti Oszt\u00e1ly\u00e1n alorvos (1937\u20131938), a debreceni Tisza Istv\u00e1n Tudom\u00e1nyegyetem Klinik\u00e1j\u00e1nak m\u0171t\u0151n\u00f6vend\u00e9ke (1939\u20131940), a Kv.-i Ferenc J\u00f3zsef Tudom\u00e9nyegyetem Seb\u00e9szeti M\u0171t\u00e9ttani Tansz\u00e9k gyakornoka, egy. tan\u00e1rseg\u00e9de (1940\u20131944). A m\u00e1t\u00e9szalkai Megyei K\u00f3rh\u00e1z [&hellip;]<\/p>\n","protected":false},"featured_media":0,"comment_status":"open","ping_status":"closed","template":"","meta":[],"product_brand":[],"product_cat":[137],"product_tag":[],"class_list":{"0":"post-12501","1":"product","2":"type-product","3":"status-publish","5":"product_cat-maros-megyei-eletrajzi-lexikon","7":"first","8":"instock","9":"shipping-taxable","10":"product-type-simple"},"_links":{"self":[{"href":"https:\/\/uj.adatbank.ro\/lexikon\/wp-json\/wp\/v2\/product\/12501","targetHints":{"allow":["GET"]}}],"collection":[{"href":"https:\/\/uj.adatbank.ro\/lexikon\/wp-json\/wp\/v2\/product"}],"about":[{"href":"https:\/\/uj.adatbank.ro\/lexikon\/wp-json\/wp\/v2\/types\/product"}],"replies":[{"embeddable":true,"href":"https:\/\/uj.adatbank.ro\/lexikon\/wp-json\/wp\/v2\/comments?post=12501"}],"wp:attachment":[{"href":"https:\/\/uj.adatbank.ro\/lexikon\/wp-json\/wp\/v2\/media?parent=12501"}],"wp:term":[{"taxonomy":"product_brand","embeddable":true,"href":"https:\/\/uj.adatbank.ro\/lexikon\/wp-json\/wp\/v2\/product_brand?post=12501"},{"taxonomy":"product_cat","embeddable":true,"href":"https:\/\/uj.adatbank.ro\/lexikon\/wp-json\/wp\/v2\/product_cat?post=12501"},{"taxonomy":"product_tag","embeddable":true,"href":"https:\/\/uj.adatbank.ro\/lexikon\/wp-json\/wp\/v2\/product_tag?post=12501"}],"curies":[{"name":"wp","href":"https:\/\/api.w.org\/{rel}","templated":true}]}}