{"id":12503,"date":"2025-06-29T14:29:26","date_gmt":"2025-06-29T12:29:26","guid":{"rendered":"https:\/\/uj.adatbank.ro\/lexikon\/termek\/kondrai-marton\/"},"modified":"2025-06-29T14:29:26","modified_gmt":"2025-06-29T12:29:26","slug":"kondrai-marton","status":"publish","type":"product","link":"https:\/\/uj.adatbank.ro\/lexikon\/termek\/kondrai-marton\/","title":{"rendered":"KONDRAI M\u00e1rton"},"content":{"rendered":"<p>? \u2020 Mv., ?. Feles\u00e9ge: Duducz Rebeka. Fi\u00fak: J\u00e1nos (1848. m\u00e1j. 27. &#8211; ?.). <br \/><strong>Irod.:<\/strong> Pusk\u00e1s -Sz\u00e1sz \u00c1. R.<\/br><\/p>\n","protected":false},"excerpt":{"rendered":"<p>? \u2020 Mv., ?. Feles\u00e9ge: Duducz Rebeka. Fi\u00fak: J\u00e1nos (1848. m\u00e1j. 27. &#8211; ?.). Irod.: Pusk\u00e1s -Sz\u00e1sz \u00c1. R.<\/p>\n","protected":false},"featured_media":0,"comment_status":"open","ping_status":"closed","template":"","meta":[],"product_brand":[],"product_cat":[137],"product_tag":[],"class_list":{"0":"post-12503","1":"product","2":"type-product","3":"status-publish","5":"product_cat-maros-megyei-eletrajzi-lexikon","7":"first","8":"instock","9":"shipping-taxable","10":"product-type-simple"},"_links":{"self":[{"href":"https:\/\/uj.adatbank.ro\/lexikon\/wp-json\/wp\/v2\/product\/12503","targetHints":{"allow":["GET"]}}],"collection":[{"href":"https:\/\/uj.adatbank.ro\/lexikon\/wp-json\/wp\/v2\/product"}],"about":[{"href":"https:\/\/uj.adatbank.ro\/lexikon\/wp-json\/wp\/v2\/types\/product"}],"replies":[{"embeddable":true,"href":"https:\/\/uj.adatbank.ro\/lexikon\/wp-json\/wp\/v2\/comments?post=12503"}],"wp:attachment":[{"href":"https:\/\/uj.adatbank.ro\/lexikon\/wp-json\/wp\/v2\/media?parent=12503"}],"wp:term":[{"taxonomy":"product_brand","embeddable":true,"href":"https:\/\/uj.adatbank.ro\/lexikon\/wp-json\/wp\/v2\/product_brand?post=12503"},{"taxonomy":"product_cat","embeddable":true,"href":"https:\/\/uj.adatbank.ro\/lexikon\/wp-json\/wp\/v2\/product_cat?post=12503"},{"taxonomy":"product_tag","embeddable":true,"href":"https:\/\/uj.adatbank.ro\/lexikon\/wp-json\/wp\/v2\/product_tag?post=12503"}],"curies":[{"name":"wp","href":"https:\/\/api.w.org\/{rel}","templated":true}]}}