{"id":12504,"date":"2025-06-29T14:29:29","date_gmt":"2025-06-29T12:29:29","guid":{"rendered":"https:\/\/uj.adatbank.ro\/lexikon\/termek\/kondrath-katalin-dr\/"},"modified":"2025-06-29T14:29:29","modified_gmt":"2025-06-29T12:29:29","slug":"kondrath-katalin-dr","status":"publish","type":"product","link":"https:\/\/uj.adatbank.ro\/lexikon\/termek\/kondrath-katalin-dr\/","title":{"rendered":"KONDR\u00c1TH Katalin, dr."},"content":{"rendered":"<p>Mv., 1928., \u2020 Mv., 2003 nov. 25.: orvos. &#8211; Mv.-en k\u00f6z\u00e9piskol\u00e1s \u00e9s az orvosi egyetem hallgat\u00f3jak\u00e9nt v\u00e9gzett (1953). K\u00f6rzeti orvos Cs\u00edkr\u00e1koson 2\u20133 \u00e9vet, Mv.-en, k\u00f6rzeti f\u0151orvos. Ahelyi V\u00f6r\u00f6skereszt eg\u00e9szs\u00e9g\u00fcgyi nevel\u00e9si tev\u00e9kenys\u00e9g\u00e9t er\u0151s\u00edtette. <br \/><strong>Irod.:<\/strong> Kiss\u2013P\u00e9terffy\u2013P\u00e9terffy ; Kiss Cs. M 4.<\/br><\/p>\n","protected":false},"excerpt":{"rendered":"<p>Mv., 1928., \u2020 Mv., 2003 nov. 25.: orvos. &#8211; Mv.-en k\u00f6z\u00e9piskol\u00e1s \u00e9s az orvosi egyetem hallgat\u00f3jak\u00e9nt v\u00e9gzett (1953). K\u00f6rzeti orvos Cs\u00edkr\u00e1koson 2\u20133 \u00e9vet, Mv.-en, k\u00f6rzeti f\u0151orvos. Ahelyi V\u00f6r\u00f6skereszt eg\u00e9szs\u00e9g\u00fcgyi nevel\u00e9si tev\u00e9kenys\u00e9g\u00e9t er\u0151s\u00edtette. Irod.: Kiss\u2013P\u00e9terffy\u2013P\u00e9terffy ; Kiss Cs. M 4.<\/p>\n","protected":false},"featured_media":0,"comment_status":"open","ping_status":"closed","template":"","meta":[],"product_brand":[],"product_cat":[137],"product_tag":[],"class_list":{"0":"post-12504","1":"product","2":"type-product","3":"status-publish","5":"product_cat-maros-megyei-eletrajzi-lexikon","7":"first","8":"instock","9":"shipping-taxable","10":"product-type-simple"},"_links":{"self":[{"href":"https:\/\/uj.adatbank.ro\/lexikon\/wp-json\/wp\/v2\/product\/12504","targetHints":{"allow":["GET"]}}],"collection":[{"href":"https:\/\/uj.adatbank.ro\/lexikon\/wp-json\/wp\/v2\/product"}],"about":[{"href":"https:\/\/uj.adatbank.ro\/lexikon\/wp-json\/wp\/v2\/types\/product"}],"replies":[{"embeddable":true,"href":"https:\/\/uj.adatbank.ro\/lexikon\/wp-json\/wp\/v2\/comments?post=12504"}],"wp:attachment":[{"href":"https:\/\/uj.adatbank.ro\/lexikon\/wp-json\/wp\/v2\/media?parent=12504"}],"wp:term":[{"taxonomy":"product_brand","embeddable":true,"href":"https:\/\/uj.adatbank.ro\/lexikon\/wp-json\/wp\/v2\/product_brand?post=12504"},{"taxonomy":"product_cat","embeddable":true,"href":"https:\/\/uj.adatbank.ro\/lexikon\/wp-json\/wp\/v2\/product_cat?post=12504"},{"taxonomy":"product_tag","embeddable":true,"href":"https:\/\/uj.adatbank.ro\/lexikon\/wp-json\/wp\/v2\/product_tag?post=12504"}],"curies":[{"name":"wp","href":"https:\/\/api.w.org\/{rel}","templated":true}]}}