{"id":12505,"date":"2025-06-29T14:29:33","date_gmt":"2025-06-29T12:29:33","guid":{"rendered":"https:\/\/uj.adatbank.ro\/lexikon\/termek\/koni-miklos-nicolaus\/"},"modified":"2025-06-29T14:29:33","modified_gmt":"2025-06-29T12:29:33","slug":"koni-miklos-nicolaus","status":"publish","type":"product","link":"https:\/\/uj.adatbank.ro\/lexikon\/termek\/koni-miklos-nicolaus\/","title":{"rendered":"KONI, Mikl\u00f3s, Nicolaus"},"content":{"rendered":"<p>? \u2020 ? : szobr\u00e1sz. \u2013 Mv.-i, kiskora \u00f3ta szobr\u00e1sztehets\u00e9g volt. B\u00e9csben \u00e9lt \u00e9s dolgozott (19 \u00e9ves kor\u00e1t\u00f3l). \u00c1llamf\u0151k, politikusok, nagy h\u00edr\u0171 m\u0171v\u00e9szek tartoztak megrendel\u0151i k\u00f6z\u00e9. Megmint\u00e1zta Fey kancell\u00e1r, Clemens Kraus, a b\u00e9csi opera f\u0151zeneigazgat\u00f3ja, Pilsudszki marsall szobr\u00e1t. M\u0171terme volt B\u00e9csben, Iro.-ban, Londonban, P\u00e1rizsban, Sv\u00e1jcban \u00e9s New Yorkban. Amerik\u00e1ba v\u00e1ndorolt ki (1941), az amerikai-angol sz\u00e9pm\u0171v\u00e9szeti t\u00e1rsas\u00e1g felk\u00e9r\u00e9s\u00e9re t\u00f6bb nagyv\u00e1rosban rendezett ki\u00e1ll\u00edt\u00e1st. A K\u00e9szenl\u00e9t szoborcsoport az \u00fajj\u00e1\u00e9led\u0151 angol nemzet szimb\u00f3luma, az Amerikai sas szoborcsoport ut\u00e1n Churchill minisztereln\u00f6k\u00f6t mint\u00e1zta meg. A h\u00e1bor\u00fa sor\u00e1n mint t\u00e1bori orvos, tagja volt az angol hadseregnek. A h\u00e1bor\u00fa ut\u00e1n tudom\u00e1nyos m\u0171vet \u00edrt Humanokr\u00e1cia c. \u00e9s elk\u00e9pzel\u00e9seit szoborban is elk\u00e9sz\u00edtette. Eur\u00f3pai \u00e9s amerikai m\u00fazeumokban kb. 1600 szobra van. Az Amerikai Sz\u00e9pm\u0171v\u00e9szeti Akad\u00e9mia tagjai sor\u00e1ba v\u00e1lasztotta (1943). <br \/><strong>Irod.:<\/strong> \u00d6kr\u00f6s; S. Haj\u00f3s Alice: Nicolaus Koni, a kiv\u00e1l\u00f3 szobr\u00e1sz p\u00e1lyafut\u00e1sa Mv. -t\u0151l a newyorki Sz\u00e9pm\u0171v\u00e9szeti Akad\u00e9mi\u00e1ig (Szabad Sz\u00f3, 1946. febr. 2.)<\/br><\/p>\n","protected":false},"excerpt":{"rendered":"<p>? \u2020 ? : szobr\u00e1sz. \u2013 Mv.-i, kiskora \u00f3ta szobr\u00e1sztehets\u00e9g volt. B\u00e9csben \u00e9lt \u00e9s dolgozott (19 \u00e9ves kor\u00e1t\u00f3l). \u00c1llamf\u0151k, politikusok, nagy h\u00edr\u0171 m\u0171v\u00e9szek tartoztak megrendel\u0151i k\u00f6z\u00e9. Megmint\u00e1zta Fey kancell\u00e1r, Clemens Kraus, a b\u00e9csi opera f\u0151zeneigazgat\u00f3ja, Pilsudszki marsall szobr\u00e1t. M\u0171terme volt B\u00e9csben, Iro.-ban, Londonban, P\u00e1rizsban, Sv\u00e1jcban \u00e9s New Yorkban. Amerik\u00e1ba v\u00e1ndorolt ki (1941), az amerikai-angol sz\u00e9pm\u0171v\u00e9szeti [&hellip;]<\/p>\n","protected":false},"featured_media":0,"comment_status":"open","ping_status":"closed","template":"","meta":[],"product_brand":[],"product_cat":[137],"product_tag":[],"class_list":{"0":"post-12505","1":"product","2":"type-product","3":"status-publish","5":"product_cat-maros-megyei-eletrajzi-lexikon","7":"first","8":"instock","9":"shipping-taxable","10":"product-type-simple"},"_links":{"self":[{"href":"https:\/\/uj.adatbank.ro\/lexikon\/wp-json\/wp\/v2\/product\/12505","targetHints":{"allow":["GET"]}}],"collection":[{"href":"https:\/\/uj.adatbank.ro\/lexikon\/wp-json\/wp\/v2\/product"}],"about":[{"href":"https:\/\/uj.adatbank.ro\/lexikon\/wp-json\/wp\/v2\/types\/product"}],"replies":[{"embeddable":true,"href":"https:\/\/uj.adatbank.ro\/lexikon\/wp-json\/wp\/v2\/comments?post=12505"}],"wp:attachment":[{"href":"https:\/\/uj.adatbank.ro\/lexikon\/wp-json\/wp\/v2\/media?parent=12505"}],"wp:term":[{"taxonomy":"product_brand","embeddable":true,"href":"https:\/\/uj.adatbank.ro\/lexikon\/wp-json\/wp\/v2\/product_brand?post=12505"},{"taxonomy":"product_cat","embeddable":true,"href":"https:\/\/uj.adatbank.ro\/lexikon\/wp-json\/wp\/v2\/product_cat?post=12505"},{"taxonomy":"product_tag","embeddable":true,"href":"https:\/\/uj.adatbank.ro\/lexikon\/wp-json\/wp\/v2\/product_tag?post=12505"}],"curies":[{"name":"wp","href":"https:\/\/api.w.org\/{rel}","templated":true}]}}