{"id":12506,"date":"2025-06-29T14:29:34","date_gmt":"2025-06-29T12:29:34","guid":{"rendered":"https:\/\/uj.adatbank.ro\/lexikon\/termek\/konig-jozsef-konig-iosif\/"},"modified":"2025-06-29T14:29:34","modified_gmt":"2025-06-29T12:29:34","slug":"konig-jozsef-konig-iosif","status":"publish","type":"product","link":"https:\/\/uj.adatbank.ro\/lexikon\/termek\/konig-jozsef-konig-iosif\/","title":{"rendered":"K\u00d6NIG J\u00f3zsef, K\u00f6nig Iosif"},"content":{"rendered":"<p>? \u2020 ?: cip\u00e9sz, politikus. \u2013 A MAT p\u00e1rtbizotts\u00e1g\u00e1ban a kultur\u00e1lis oszt. munkat\u00e1rsa (1955 k. \u2013), a P\u00e1rtkoll\u00e9gium tagja. Maros megyei p\u00e1rtbizotts\u00e1g b\u00fcr\u00f3j\u00e1nak tagja (1968\u2013). <br \/><strong>Irod.:<\/strong> Aranykorszak; Bartos 2012; Bottoni 2008<\/br><\/p>\n","protected":false},"excerpt":{"rendered":"<p>? \u2020 ?: cip\u00e9sz, politikus. \u2013 A MAT p\u00e1rtbizotts\u00e1g\u00e1ban a kultur\u00e1lis oszt. munkat\u00e1rsa (1955 k. \u2013), a P\u00e1rtkoll\u00e9gium tagja. Maros megyei p\u00e1rtbizotts\u00e1g b\u00fcr\u00f3j\u00e1nak tagja (1968\u2013). Irod.: Aranykorszak; Bartos 2012; Bottoni 2008<\/p>\n","protected":false},"featured_media":0,"comment_status":"open","ping_status":"closed","template":"","meta":[],"product_brand":[],"product_cat":[137],"product_tag":[],"class_list":{"0":"post-12506","1":"product","2":"type-product","3":"status-publish","5":"product_cat-maros-megyei-eletrajzi-lexikon","7":"first","8":"instock","9":"shipping-taxable","10":"product-type-simple"},"_links":{"self":[{"href":"https:\/\/uj.adatbank.ro\/lexikon\/wp-json\/wp\/v2\/product\/12506","targetHints":{"allow":["GET"]}}],"collection":[{"href":"https:\/\/uj.adatbank.ro\/lexikon\/wp-json\/wp\/v2\/product"}],"about":[{"href":"https:\/\/uj.adatbank.ro\/lexikon\/wp-json\/wp\/v2\/types\/product"}],"replies":[{"embeddable":true,"href":"https:\/\/uj.adatbank.ro\/lexikon\/wp-json\/wp\/v2\/comments?post=12506"}],"wp:attachment":[{"href":"https:\/\/uj.adatbank.ro\/lexikon\/wp-json\/wp\/v2\/media?parent=12506"}],"wp:term":[{"taxonomy":"product_brand","embeddable":true,"href":"https:\/\/uj.adatbank.ro\/lexikon\/wp-json\/wp\/v2\/product_brand?post=12506"},{"taxonomy":"product_cat","embeddable":true,"href":"https:\/\/uj.adatbank.ro\/lexikon\/wp-json\/wp\/v2\/product_cat?post=12506"},{"taxonomy":"product_tag","embeddable":true,"href":"https:\/\/uj.adatbank.ro\/lexikon\/wp-json\/wp\/v2\/product_tag?post=12506"}],"curies":[{"name":"wp","href":"https:\/\/api.w.org\/{rel}","templated":true}]}}