{"id":12507,"date":"2025-06-29T14:29:36","date_gmt":"2025-06-29T12:29:36","guid":{"rendered":"https:\/\/uj.adatbank.ro\/lexikon\/termek\/konig-karoly\/"},"modified":"2025-06-29T14:29:36","modified_gmt":"2025-06-29T12:29:36","slug":"konig-karoly","status":"publish","type":"product","link":"https:\/\/uj.adatbank.ro\/lexikon\/termek\/konig-karoly\/","title":{"rendered":"K\u00d6NIG K\u00e1roly"},"content":{"rendered":"<p>Mv., 1874, \u2020 ? : fodr\u00e1sz, lapszerkeszt\u0151. \u2013R\u00e9szt vett az I. vh.-ban (1914\u201318) \u0151rmesteri rangban. Mv.-en \u00e9lt, ipar\u00e1nak m\u0171v\u00e9sze volt, A fodr\u00e1sz iparosok kik\u00e9pz\u00e9se k\u00f6r\u00fcl el\u00e9v\u00fclhetetlen \u00e9rdemeket szerzett. A szakma fejleszt\u00e9se c\u00e9lj\u00e1b\u00f3l illusztr\u00e1lt k\u00f6nyveket, foly\u00f3iratokat adott ki, tulajdonosa \u00e9s szerkeszt\u0151je a Fodr\u00e1szok Lapja c. k\u00e9thetente megjelen\u0151 szaklapnak (1902\u20131903), majd \u00faj v\u00e1ltozatban (1910\u201340), a magyaro.-i borb\u00e9lyok, fodr\u00e1szok \u00e9s par\u00f3kak\u00e9sz\u00edt\u0151k orsz\u00e1gos szaklapja alc\u00edmet viselte ill. az erd\u00e9lyi \u00e9s b\u00e1n\u00e1ti fodr\u00e1szok, majd a rom\u00e1niai fodr\u00e1szok szaklapja volt. M\u00fcnchen polg\u00e1rmester elismer\u0151 oklev\u00e9llel t\u00fcntette ki lapj\u00e1t a fodr\u00e9szok bajororsz\u00e1gi kongresszus\u00e1n. \u2013 <strong>F. m.:<\/strong> Azondol\u00e1ci\u00f3 (A haj hull\u00e1mos\u00edt\u00e1sa). (Tg. M., 1926). <br \/><strong>Irod.:<\/strong> Erd\u00e9lyi ezredek; Ferenczi 1928; Guly\u00e1s; Id\u0151t\u00e1r 2; \u00d6kr\u00f6s; Popt\u0103ma\u015f- M\u00f3zes<\/br><\/p>\n","protected":false},"excerpt":{"rendered":"<p>Mv., 1874, \u2020 ? : fodr\u00e1sz, lapszerkeszt\u0151. \u2013R\u00e9szt vett az I. vh.-ban (1914\u201318) \u0151rmesteri rangban. Mv.-en \u00e9lt, ipar\u00e1nak m\u0171v\u00e9sze volt, A fodr\u00e1sz iparosok kik\u00e9pz\u00e9se k\u00f6r\u00fcl el\u00e9v\u00fclhetetlen \u00e9rdemeket szerzett. A szakma fejleszt\u00e9se c\u00e9lj\u00e1b\u00f3l illusztr\u00e1lt k\u00f6nyveket, foly\u00f3iratokat adott ki, tulajdonosa \u00e9s szerkeszt\u0151je a Fodr\u00e1szok Lapja c. k\u00e9thetente megjelen\u0151 szaklapnak (1902\u20131903), majd \u00faj v\u00e1ltozatban (1910\u201340), a magyaro.-i borb\u00e9lyok, [&hellip;]<\/p>\n","protected":false},"featured_media":0,"comment_status":"open","ping_status":"closed","template":"","meta":[],"product_brand":[],"product_cat":[137],"product_tag":[],"class_list":{"0":"post-12507","1":"product","2":"type-product","3":"status-publish","5":"product_cat-maros-megyei-eletrajzi-lexikon","7":"first","8":"instock","9":"shipping-taxable","10":"product-type-simple"},"_links":{"self":[{"href":"https:\/\/uj.adatbank.ro\/lexikon\/wp-json\/wp\/v2\/product\/12507","targetHints":{"allow":["GET"]}}],"collection":[{"href":"https:\/\/uj.adatbank.ro\/lexikon\/wp-json\/wp\/v2\/product"}],"about":[{"href":"https:\/\/uj.adatbank.ro\/lexikon\/wp-json\/wp\/v2\/types\/product"}],"replies":[{"embeddable":true,"href":"https:\/\/uj.adatbank.ro\/lexikon\/wp-json\/wp\/v2\/comments?post=12507"}],"wp:attachment":[{"href":"https:\/\/uj.adatbank.ro\/lexikon\/wp-json\/wp\/v2\/media?parent=12507"}],"wp:term":[{"taxonomy":"product_brand","embeddable":true,"href":"https:\/\/uj.adatbank.ro\/lexikon\/wp-json\/wp\/v2\/product_brand?post=12507"},{"taxonomy":"product_cat","embeddable":true,"href":"https:\/\/uj.adatbank.ro\/lexikon\/wp-json\/wp\/v2\/product_cat?post=12507"},{"taxonomy":"product_tag","embeddable":true,"href":"https:\/\/uj.adatbank.ro\/lexikon\/wp-json\/wp\/v2\/product_tag?post=12507"}],"curies":[{"name":"wp","href":"https:\/\/api.w.org\/{rel}","templated":true}]}}