{"id":12508,"date":"2025-06-29T14:29:38","date_gmt":"2025-06-29T12:29:38","guid":{"rendered":"https:\/\/uj.adatbank.ro\/lexikon\/termek\/konnert-fritz\/"},"modified":"2025-06-29T14:29:38","modified_gmt":"2025-06-29T12:29:38","slug":"konnert-fritz","status":"publish","type":"product","link":"https:\/\/uj.adatbank.ro\/lexikon\/termek\/konnert-fritz\/","title":{"rendered":"KONNERT Fritz"},"content":{"rendered":"<p>? \u2020 ?: keresked\u0151, k\u00e9pvisel\u0151. \u2013 Segesv\u00e1ri keresked\u0151. A Rom\u00e1n Parlamentben Kisk\u00fck\u00fcll\u0151 vm.-i k\u00e9pvisel\u0151je, a N\u00e9met P\u00e1rt tagja, a kereskedelmi kamar\u00e1k \u00e1tszervez\u00e9s\u00e9nek m\u00f3dj\u00e1hoz emelt sz\u00f3t a parlamentben, de m\u00e1s gazdas\u00e1gi k\u00e9rd\u00e9sekkel is foglalkozott (1929). K\u00e9s\u0151bb a liber\u00e1lisok oldal\u00e1n egyed\u00fcli szen\u00e1tora volt Kisk\u00fck\u00fcll\u0151 vm. -nek a parlamentben (1937\u2013). <br \/><strong>Irod.:<\/strong> Pan\u0103<\/br><\/p>\n","protected":false},"excerpt":{"rendered":"<p>? \u2020 ?: keresked\u0151, k\u00e9pvisel\u0151. \u2013 Segesv\u00e1ri keresked\u0151. A Rom\u00e1n Parlamentben Kisk\u00fck\u00fcll\u0151 vm.-i k\u00e9pvisel\u0151je, a N\u00e9met P\u00e1rt tagja, a kereskedelmi kamar\u00e1k \u00e1tszervez\u00e9s\u00e9nek m\u00f3dj\u00e1hoz emelt sz\u00f3t a parlamentben, de m\u00e1s gazdas\u00e1gi k\u00e9rd\u00e9sekkel is foglalkozott (1929). K\u00e9s\u0151bb a liber\u00e1lisok oldal\u00e1n egyed\u00fcli szen\u00e1tora volt Kisk\u00fck\u00fcll\u0151 vm. -nek a parlamentben (1937\u2013). Irod.: Pan\u0103<\/p>\n","protected":false},"featured_media":0,"comment_status":"open","ping_status":"closed","template":"","meta":[],"product_brand":[],"product_cat":[137],"product_tag":[],"class_list":{"0":"post-12508","1":"product","2":"type-product","3":"status-publish","5":"product_cat-maros-megyei-eletrajzi-lexikon","7":"first","8":"instock","9":"shipping-taxable","10":"product-type-simple"},"_links":{"self":[{"href":"https:\/\/uj.adatbank.ro\/lexikon\/wp-json\/wp\/v2\/product\/12508","targetHints":{"allow":["GET"]}}],"collection":[{"href":"https:\/\/uj.adatbank.ro\/lexikon\/wp-json\/wp\/v2\/product"}],"about":[{"href":"https:\/\/uj.adatbank.ro\/lexikon\/wp-json\/wp\/v2\/types\/product"}],"replies":[{"embeddable":true,"href":"https:\/\/uj.adatbank.ro\/lexikon\/wp-json\/wp\/v2\/comments?post=12508"}],"wp:attachment":[{"href":"https:\/\/uj.adatbank.ro\/lexikon\/wp-json\/wp\/v2\/media?parent=12508"}],"wp:term":[{"taxonomy":"product_brand","embeddable":true,"href":"https:\/\/uj.adatbank.ro\/lexikon\/wp-json\/wp\/v2\/product_brand?post=12508"},{"taxonomy":"product_cat","embeddable":true,"href":"https:\/\/uj.adatbank.ro\/lexikon\/wp-json\/wp\/v2\/product_cat?post=12508"},{"taxonomy":"product_tag","embeddable":true,"href":"https:\/\/uj.adatbank.ro\/lexikon\/wp-json\/wp\/v2\/product_tag?post=12508"}],"curies":[{"name":"wp","href":"https:\/\/api.w.org\/{rel}","templated":true}]}}