{"id":12509,"date":"2025-06-29T14:29:40","date_gmt":"2025-06-29T12:29:40","guid":{"rendered":"https:\/\/uj.adatbank.ro\/lexikon\/termek\/konnert-mihaly\/"},"modified":"2025-06-29T14:29:40","modified_gmt":"2025-06-29T12:29:40","slug":"konnert-mihaly","status":"publish","type":"product","link":"https:\/\/uj.adatbank.ro\/lexikon\/termek\/konnert-mihaly\/","title":{"rendered":"KONNERT Mih\u00e1ly"},"content":{"rendered":"<p>? \u2020 ?: f\u00e9nyk\u00e9p\u00e9sz, rajztan\u00e1r. \u2013 M\u0171terme volt Sz\u00e1szr\u00e9genben; A b\u00e9csi ki\u00e1ll\u00edt\u00e1son erd\u00e9lyi n\u00e9pviseleteket \u00e1br\u00e1zol\u00f3 f\u00e9nyk\u00e9pekkel szerepelt (1873). <br \/><strong>Irod.:<\/strong> Mikl\u00f3si-Sikes<\/br><\/p>\n","protected":false},"excerpt":{"rendered":"<p>? \u2020 ?: f\u00e9nyk\u00e9p\u00e9sz, rajztan\u00e1r. \u2013 M\u0171terme volt Sz\u00e1szr\u00e9genben; A b\u00e9csi ki\u00e1ll\u00edt\u00e1son erd\u00e9lyi n\u00e9pviseleteket \u00e1br\u00e1zol\u00f3 f\u00e9nyk\u00e9pekkel szerepelt (1873). Irod.: Mikl\u00f3si-Sikes<\/p>\n","protected":false},"featured_media":0,"comment_status":"open","ping_status":"closed","template":"","meta":[],"product_brand":[],"product_cat":[137],"product_tag":[],"class_list":{"0":"post-12509","1":"product","2":"type-product","3":"status-publish","5":"product_cat-maros-megyei-eletrajzi-lexikon","7":"first","8":"instock","9":"shipping-taxable","10":"product-type-simple"},"_links":{"self":[{"href":"https:\/\/uj.adatbank.ro\/lexikon\/wp-json\/wp\/v2\/product\/12509","targetHints":{"allow":["GET"]}}],"collection":[{"href":"https:\/\/uj.adatbank.ro\/lexikon\/wp-json\/wp\/v2\/product"}],"about":[{"href":"https:\/\/uj.adatbank.ro\/lexikon\/wp-json\/wp\/v2\/types\/product"}],"replies":[{"embeddable":true,"href":"https:\/\/uj.adatbank.ro\/lexikon\/wp-json\/wp\/v2\/comments?post=12509"}],"wp:attachment":[{"href":"https:\/\/uj.adatbank.ro\/lexikon\/wp-json\/wp\/v2\/media?parent=12509"}],"wp:term":[{"taxonomy":"product_brand","embeddable":true,"href":"https:\/\/uj.adatbank.ro\/lexikon\/wp-json\/wp\/v2\/product_brand?post=12509"},{"taxonomy":"product_cat","embeddable":true,"href":"https:\/\/uj.adatbank.ro\/lexikon\/wp-json\/wp\/v2\/product_cat?post=12509"},{"taxonomy":"product_tag","embeddable":true,"href":"https:\/\/uj.adatbank.ro\/lexikon\/wp-json\/wp\/v2\/product_tag?post=12509"}],"curies":[{"name":"wp","href":"https:\/\/api.w.org\/{rel}","templated":true}]}}