{"id":12515,"date":"2025-06-29T14:29:50","date_gmt":"2025-06-29T12:29:50","guid":{"rendered":"https:\/\/uj.adatbank.ro\/lexikon\/termek\/konrad-arthur\/"},"modified":"2025-06-29T14:29:50","modified_gmt":"2025-06-29T12:29:50","slug":"konrad-arthur","status":"publish","type":"product","link":"https:\/\/uj.adatbank.ro\/lexikon\/termek\/konrad-arthur\/","title":{"rendered":"KONR\u00c1D Arthur"},"content":{"rendered":"<p>Mv., 1872. j\u00fan. 24. \u2020 Bp-, 1953. j\u00fan. 2.: M. kir. honv\u00e9dezds., hadbiztos. \u2013 Feles\u00e9ge Faflik Gabriella. Esk\u00fcv\u0151 Brass\u00f3 1902. nov. 26. <br \/><strong>Irod.:<\/strong> Gudenus<\/br><\/p>\n","protected":false},"excerpt":{"rendered":"<p>Mv., 1872. j\u00fan. 24. \u2020 Bp-, 1953. j\u00fan. 2.: M. kir. honv\u00e9dezds., hadbiztos. \u2013 Feles\u00e9ge Faflik Gabriella. Esk\u00fcv\u0151 Brass\u00f3 1902. nov. 26. Irod.: Gudenus<\/p>\n","protected":false},"featured_media":0,"comment_status":"open","ping_status":"closed","template":"","meta":[],"product_brand":[],"product_cat":[137],"product_tag":[],"class_list":{"0":"post-12515","1":"product","2":"type-product","3":"status-publish","5":"product_cat-maros-megyei-eletrajzi-lexikon","7":"first","8":"instock","9":"shipping-taxable","10":"product-type-simple"},"_links":{"self":[{"href":"https:\/\/uj.adatbank.ro\/lexikon\/wp-json\/wp\/v2\/product\/12515","targetHints":{"allow":["GET"]}}],"collection":[{"href":"https:\/\/uj.adatbank.ro\/lexikon\/wp-json\/wp\/v2\/product"}],"about":[{"href":"https:\/\/uj.adatbank.ro\/lexikon\/wp-json\/wp\/v2\/types\/product"}],"replies":[{"embeddable":true,"href":"https:\/\/uj.adatbank.ro\/lexikon\/wp-json\/wp\/v2\/comments?post=12515"}],"wp:attachment":[{"href":"https:\/\/uj.adatbank.ro\/lexikon\/wp-json\/wp\/v2\/media?parent=12515"}],"wp:term":[{"taxonomy":"product_brand","embeddable":true,"href":"https:\/\/uj.adatbank.ro\/lexikon\/wp-json\/wp\/v2\/product_brand?post=12515"},{"taxonomy":"product_cat","embeddable":true,"href":"https:\/\/uj.adatbank.ro\/lexikon\/wp-json\/wp\/v2\/product_cat?post=12515"},{"taxonomy":"product_tag","embeddable":true,"href":"https:\/\/uj.adatbank.ro\/lexikon\/wp-json\/wp\/v2\/product_tag?post=12515"}],"curies":[{"name":"wp","href":"https:\/\/api.w.org\/{rel}","templated":true}]}}