{"id":12516,"date":"2025-06-29T14:29:52","date_gmt":"2025-06-29T12:29:52","guid":{"rendered":"https:\/\/uj.adatbank.ro\/lexikon\/termek\/konrad-geza-karoly-erno\/"},"modified":"2025-06-29T14:29:52","modified_gmt":"2025-06-29T12:29:52","slug":"konrad-geza-karoly-erno","status":"publish","type":"product","link":"https:\/\/uj.adatbank.ro\/lexikon\/termek\/konrad-geza-karoly-erno\/","title":{"rendered":"KONR\u00c1D G\u00e9za K\u00e1roly Ern\u0151"},"content":{"rendered":"<p>Cs\u00edkszentm\u00e1rton, 1932., \u2020 Karlsruhe W\u00f6rt (N\u00e9meto.), 1994.: gy\u00f3gyszer\u00e9szasszisztens. \u2013 K. K\u00e1lm\u00e1n \u00e9s M\u00f3rik Margit fia. Testv\u00e9rei: K\u00e1lm\u00e1n, Ilona, M\u00e1rta. Feles\u00e9ge: Bart\u00f3k Anna, gy\u00f3gyszer\u00e9szn\u0151. Gyermekeik: Katalin Hajnal (1985\u2013), Konr\u00e1d L\u00e1szl\u00f3 (1960). \u2013 Sz\u00fcl\u0151faluj\u00e1ban, mad a cs\u00edkszeredai R. K. F\u0151gimn.-ban tanult. Koncepci\u00f3s perben letart\u00f3ztatt\u00e1k, n\u00e9gy \u00e9vre it\u00e9lt\u00e9k (16 \u00e9v\u00e9t\u0151l h\u00fasz\u00e9vesen szabadult, \u00fagy hogy elvesztette f\u00e9l szem\u00e9t \u00e9s eg\u00e9szs\u00e9gileg le\u00e9p\u00fclt. Egyetemre nem mehetett. Mv.-en tanult az Eg\u00e9szs\u00e9g\u00fcgyi Technikumban \u00e9s gy\u00f3gyszer\u00e9szasszisztens diplom\u00e1t szerzett (1956), vezet\u0151 gy\u00f3gyszer\u00e9sz asszisztens vizsg\u00e1t tett (1957). Feles\u00e9g\u00e9vel egy\u00fctt Marosh\u00e9v\u00edzen kezdtek dolgozni, D\u00e9d\u00e1n folytatt\u00e1k, 10 \u00e9vig vizsg\u00e1lt\u00e1k a Lycoperdon hyemale antibiotikus hat\u00e1s\u00e1t. B\u00e1nd k\u00f6zs\u00e9g gy\u00f3gyszert\u00e1r\u00e1ban dolgozott (1978\u201383), gy\u00f3gyn\u00f6v\u00e9nyeket termesztett, saj\u00e1t k\u00e9sz\u00edtm\u00e9ny\u0171 te\u00e1kat, p\u00e1rlatokat, ill\u00f3olajokat, ken\u0151cs\u00f6ket k\u00e9sz\u00edtett. N\u00e9meto. -ba telep\u00fcltek (1983), gy\u00f3gyszert\u00e1rat v\u00e1s\u00e1roltak. <br \/><strong>Irod.:<\/strong> P\u00e9ter H. M. 2013<\/br><\/p>\n","protected":false},"excerpt":{"rendered":"<p>Cs\u00edkszentm\u00e1rton, 1932., \u2020 Karlsruhe W\u00f6rt (N\u00e9meto.), 1994.: gy\u00f3gyszer\u00e9szasszisztens. \u2013 K. K\u00e1lm\u00e1n \u00e9s M\u00f3rik Margit fia. Testv\u00e9rei: K\u00e1lm\u00e1n, Ilona, M\u00e1rta. Feles\u00e9ge: Bart\u00f3k Anna, gy\u00f3gyszer\u00e9szn\u0151. Gyermekeik: Katalin Hajnal (1985\u2013), Konr\u00e1d L\u00e1szl\u00f3 (1960). \u2013 Sz\u00fcl\u0151faluj\u00e1ban, mad a cs\u00edkszeredai R. K. F\u0151gimn.-ban tanult. Koncepci\u00f3s perben letart\u00f3ztatt\u00e1k, n\u00e9gy \u00e9vre it\u00e9lt\u00e9k (16 \u00e9v\u00e9t\u0151l h\u00fasz\u00e9vesen szabadult, \u00fagy hogy elvesztette f\u00e9l szem\u00e9t \u00e9s [&hellip;]<\/p>\n","protected":false},"featured_media":0,"comment_status":"open","ping_status":"closed","template":"","meta":[],"product_brand":[],"product_cat":[137],"product_tag":[],"class_list":{"0":"post-12516","1":"product","2":"type-product","3":"status-publish","5":"product_cat-maros-megyei-eletrajzi-lexikon","7":"first","8":"instock","9":"shipping-taxable","10":"product-type-simple"},"_links":{"self":[{"href":"https:\/\/uj.adatbank.ro\/lexikon\/wp-json\/wp\/v2\/product\/12516","targetHints":{"allow":["GET"]}}],"collection":[{"href":"https:\/\/uj.adatbank.ro\/lexikon\/wp-json\/wp\/v2\/product"}],"about":[{"href":"https:\/\/uj.adatbank.ro\/lexikon\/wp-json\/wp\/v2\/types\/product"}],"replies":[{"embeddable":true,"href":"https:\/\/uj.adatbank.ro\/lexikon\/wp-json\/wp\/v2\/comments?post=12516"}],"wp:attachment":[{"href":"https:\/\/uj.adatbank.ro\/lexikon\/wp-json\/wp\/v2\/media?parent=12516"}],"wp:term":[{"taxonomy":"product_brand","embeddable":true,"href":"https:\/\/uj.adatbank.ro\/lexikon\/wp-json\/wp\/v2\/product_brand?post=12516"},{"taxonomy":"product_cat","embeddable":true,"href":"https:\/\/uj.adatbank.ro\/lexikon\/wp-json\/wp\/v2\/product_cat?post=12516"},{"taxonomy":"product_tag","embeddable":true,"href":"https:\/\/uj.adatbank.ro\/lexikon\/wp-json\/wp\/v2\/product_tag?post=12516"}],"curies":[{"name":"wp","href":"https:\/\/api.w.org\/{rel}","templated":true}]}}