{"id":12517,"date":"2025-06-29T14:29:56","date_gmt":"2025-06-29T12:29:56","guid":{"rendered":"https:\/\/uj.adatbank.ro\/lexikon\/termek\/konrad-gyula\/"},"modified":"2025-06-29T14:29:56","modified_gmt":"2025-06-29T12:29:56","slug":"konrad-gyula","status":"publish","type":"product","link":"https:\/\/uj.adatbank.ro\/lexikon\/termek\/konrad-gyula\/","title":{"rendered":"KONR\u00c1D Gyula"},"content":{"rendered":"<p>? \u2020 N\u00e9metorsz\u00e1g ? : gyermekgy\u00f3gy\u00e1sz. \u2013 Feles\u00e9ge: Szabadi Ilona. mv.-i., itt tanult a k\u00f6z\u00e9piskol\u00e1ban \u00e9s az OGYI-ban. &#8211; Orvos, n\u00e9met sz\u00e1rmaz\u00e1s\u00fa, Mv.-en v\u00e9gzett. N\u00e9meto.-ban \u00e9lt. <br \/><strong>Irod.:<\/strong> Genersich; Nagy L.<\/br><\/p>\n","protected":false},"excerpt":{"rendered":"<p>? \u2020 N\u00e9metorsz\u00e1g ? : gyermekgy\u00f3gy\u00e1sz. \u2013 Feles\u00e9ge: Szabadi Ilona. mv.-i., itt tanult a k\u00f6z\u00e9piskol\u00e1ban \u00e9s az OGYI-ban. &#8211; Orvos, n\u00e9met sz\u00e1rmaz\u00e1s\u00fa, Mv.-en v\u00e9gzett. N\u00e9meto.-ban \u00e9lt. Irod.: Genersich; Nagy L.<\/p>\n","protected":false},"featured_media":0,"comment_status":"open","ping_status":"closed","template":"","meta":[],"product_brand":[],"product_cat":[137],"product_tag":[],"class_list":{"0":"post-12517","1":"product","2":"type-product","3":"status-publish","5":"product_cat-maros-megyei-eletrajzi-lexikon","7":"first","8":"instock","9":"shipping-taxable","10":"product-type-simple"},"_links":{"self":[{"href":"https:\/\/uj.adatbank.ro\/lexikon\/wp-json\/wp\/v2\/product\/12517","targetHints":{"allow":["GET"]}}],"collection":[{"href":"https:\/\/uj.adatbank.ro\/lexikon\/wp-json\/wp\/v2\/product"}],"about":[{"href":"https:\/\/uj.adatbank.ro\/lexikon\/wp-json\/wp\/v2\/types\/product"}],"replies":[{"embeddable":true,"href":"https:\/\/uj.adatbank.ro\/lexikon\/wp-json\/wp\/v2\/comments?post=12517"}],"wp:attachment":[{"href":"https:\/\/uj.adatbank.ro\/lexikon\/wp-json\/wp\/v2\/media?parent=12517"}],"wp:term":[{"taxonomy":"product_brand","embeddable":true,"href":"https:\/\/uj.adatbank.ro\/lexikon\/wp-json\/wp\/v2\/product_brand?post=12517"},{"taxonomy":"product_cat","embeddable":true,"href":"https:\/\/uj.adatbank.ro\/lexikon\/wp-json\/wp\/v2\/product_cat?post=12517"},{"taxonomy":"product_tag","embeddable":true,"href":"https:\/\/uj.adatbank.ro\/lexikon\/wp-json\/wp\/v2\/product_tag?post=12517"}],"curies":[{"name":"wp","href":"https:\/\/api.w.org\/{rel}","templated":true}]}}