{"id":12518,"date":"2025-06-29T14:29:58","date_gmt":"2025-06-29T12:29:58","guid":{"rendered":"https:\/\/uj.adatbank.ro\/lexikon\/termek\/konrad-ilona-franciska-rozalia\/"},"modified":"2025-06-29T14:29:58","modified_gmt":"2025-06-29T12:29:58","slug":"konrad-ilona-franciska-rozalia","status":"publish","type":"product","link":"https:\/\/uj.adatbank.ro\/lexikon\/termek\/konrad-ilona-franciska-rozalia\/","title":{"rendered":"KONR\u00c1D Ilona Franciska Roz\u00e1lia"},"content":{"rendered":"<p>Mv.,., 1874. okt. 10. \u2020 Graz, 1953. m\u00e1j. 6.: F\u00e9rje Wayda J\u00e1nos, cs. k. ezredes. (esk\u00fcv\u0151 Szeged 1898. m\u00e1j. 6). <br \/><strong>Irod.:<\/strong> Gudenus<\/br><\/p>\n","protected":false},"excerpt":{"rendered":"<p>Mv.,., 1874. okt. 10. \u2020 Graz, 1953. m\u00e1j. 6.: F\u00e9rje Wayda J\u00e1nos, cs. k. ezredes. (esk\u00fcv\u0151 Szeged 1898. m\u00e1j. 6). Irod.: Gudenus<\/p>\n","protected":false},"featured_media":0,"comment_status":"open","ping_status":"closed","template":"","meta":[],"product_brand":[],"product_cat":[137],"product_tag":[],"class_list":{"0":"post-12518","1":"product","2":"type-product","3":"status-publish","5":"product_cat-maros-megyei-eletrajzi-lexikon","7":"first","8":"instock","9":"shipping-taxable","10":"product-type-simple"},"_links":{"self":[{"href":"https:\/\/uj.adatbank.ro\/lexikon\/wp-json\/wp\/v2\/product\/12518","targetHints":{"allow":["GET"]}}],"collection":[{"href":"https:\/\/uj.adatbank.ro\/lexikon\/wp-json\/wp\/v2\/product"}],"about":[{"href":"https:\/\/uj.adatbank.ro\/lexikon\/wp-json\/wp\/v2\/types\/product"}],"replies":[{"embeddable":true,"href":"https:\/\/uj.adatbank.ro\/lexikon\/wp-json\/wp\/v2\/comments?post=12518"}],"wp:attachment":[{"href":"https:\/\/uj.adatbank.ro\/lexikon\/wp-json\/wp\/v2\/media?parent=12518"}],"wp:term":[{"taxonomy":"product_brand","embeddable":true,"href":"https:\/\/uj.adatbank.ro\/lexikon\/wp-json\/wp\/v2\/product_brand?post=12518"},{"taxonomy":"product_cat","embeddable":true,"href":"https:\/\/uj.adatbank.ro\/lexikon\/wp-json\/wp\/v2\/product_cat?post=12518"},{"taxonomy":"product_tag","embeddable":true,"href":"https:\/\/uj.adatbank.ro\/lexikon\/wp-json\/wp\/v2\/product_tag?post=12518"}],"curies":[{"name":"wp","href":"https:\/\/api.w.org\/{rel}","templated":true}]}}