{"id":12519,"date":"2025-06-29T14:29:59","date_gmt":"2025-06-29T12:29:59","guid":{"rendered":"https:\/\/uj.adatbank.ro\/lexikon\/termek\/konrad-ilona-szabadi-ilona\/"},"modified":"2025-06-29T14:29:59","modified_gmt":"2025-06-29T12:29:59","slug":"konrad-ilona-szabadi-ilona","status":"publish","type":"product","link":"https:\/\/uj.adatbank.ro\/lexikon\/termek\/konrad-ilona-szabadi-ilona\/","title":{"rendered":"KONR\u00c1D Ilona, Szabadi Ilona"},"content":{"rendered":"<p>1933., \u2020 Aschaffenburg (N\u00e9meto.), 1999. jan. 2.: orvos. \u2013 Mv.-i sz\u00fcl\u0151k gyermeke. Elemi iskol\u00e1t \u00e9s az egyetemet is Mv.-en v\u00e9gezte (1952). Orvos a mv.-i Sanepidn\u00e9l. Kor\u00e1n emigr\u00e1lt. Konr\u00e1d Gyula n\u00e9met sz\u00e1rmaz\u00e1s\u00fa. <br \/><strong>Irod.:<\/strong> [Nekrol\u00f3g] (N\u00fa., 1999. jan. 4.); Nagy L.<\/br><\/p>\n","protected":false},"excerpt":{"rendered":"<p>1933., \u2020 Aschaffenburg (N\u00e9meto.), 1999. jan. 2.: orvos. \u2013 Mv.-i sz\u00fcl\u0151k gyermeke. Elemi iskol\u00e1t \u00e9s az egyetemet is Mv.-en v\u00e9gezte (1952). Orvos a mv.-i Sanepidn\u00e9l. Kor\u00e1n emigr\u00e1lt. Konr\u00e1d Gyula n\u00e9met sz\u00e1rmaz\u00e1s\u00fa. Irod.: [Nekrol\u00f3g] (N\u00fa., 1999. jan. 4.); Nagy L.<\/p>\n","protected":false},"featured_media":0,"comment_status":"open","ping_status":"closed","template":"","meta":[],"product_brand":[],"product_cat":[137],"product_tag":[],"class_list":{"0":"post-12519","1":"product","2":"type-product","3":"status-publish","5":"product_cat-maros-megyei-eletrajzi-lexikon","7":"first","8":"instock","9":"shipping-taxable","10":"product-type-simple"},"_links":{"self":[{"href":"https:\/\/uj.adatbank.ro\/lexikon\/wp-json\/wp\/v2\/product\/12519","targetHints":{"allow":["GET"]}}],"collection":[{"href":"https:\/\/uj.adatbank.ro\/lexikon\/wp-json\/wp\/v2\/product"}],"about":[{"href":"https:\/\/uj.adatbank.ro\/lexikon\/wp-json\/wp\/v2\/types\/product"}],"replies":[{"embeddable":true,"href":"https:\/\/uj.adatbank.ro\/lexikon\/wp-json\/wp\/v2\/comments?post=12519"}],"wp:attachment":[{"href":"https:\/\/uj.adatbank.ro\/lexikon\/wp-json\/wp\/v2\/media?parent=12519"}],"wp:term":[{"taxonomy":"product_brand","embeddable":true,"href":"https:\/\/uj.adatbank.ro\/lexikon\/wp-json\/wp\/v2\/product_brand?post=12519"},{"taxonomy":"product_cat","embeddable":true,"href":"https:\/\/uj.adatbank.ro\/lexikon\/wp-json\/wp\/v2\/product_cat?post=12519"},{"taxonomy":"product_tag","embeddable":true,"href":"https:\/\/uj.adatbank.ro\/lexikon\/wp-json\/wp\/v2\/product_tag?post=12519"}],"curies":[{"name":"wp","href":"https:\/\/api.w.org\/{rel}","templated":true}]}}