{"id":12520,"date":"2025-06-29T14:30:01","date_gmt":"2025-06-29T12:30:01","guid":{"rendered":"https:\/\/uj.adatbank.ro\/lexikon\/termek\/konrad-kalman-%c2%a7-vitez-konrad-kalman\/"},"modified":"2025-06-29T14:30:01","modified_gmt":"2025-06-29T12:30:01","slug":"konrad-kalman-%c2%a7-vitez-konrad-kalman","status":"publish","type":"product","link":"https:\/\/uj.adatbank.ro\/lexikon\/termek\/konrad-kalman-%c2%a7-vitez-konrad-kalman\/","title":{"rendered":"KONR\u00c1D K\u00e1lm\u00e1n, \u00a7 Vit\u00e9z Konr\u00e1d K\u00e1lm\u00e1n"},"content":{"rendered":"<p>Sz\u00e9kelykereszt\u00far, 1893. m\u00e1j. 28., \u2020 Cs\u00edkkarcfalva, 1970. m\u00e1j. 28. Mv.-en temett\u00e9k el: gy\u00f3gyszer\u00e9sz. \u2013 Feles\u00e9ge: bar\u00f3ti, tusn\u00e1di M\u00f3rik Margit Berta Anna (esk\u00fcv\u0151 1923. okt.). Gyermekeik: K\u00e1lm\u00e1n, Ilona, G\u00e9za, M\u00e1rta. \u2013 Sz\u00e9kelyudvarhelyen \u00e9retts\u00e9gizett, Sz\u00e9kelykereszt\u00faron gy\u00f3gyszer\u00e9sz gyakornok a J\u00e4ger J\u00f3zsef patik\u00e1j\u00e1ban, majd Bar\u00f3ton Debitzky Mih\u00e1ly gy\u00f3gyszert\u00e1r\u00e1ban, harct\u00e9ri szabads\u00e1ga idej\u00e9n tette le a gyakornoki vizsg\u00e1t (1915). Katona (1914\u2013), az 52. hadoszt\u00e1ly eg\u00e9szs\u00e9g\u00fcgyi csapat\u00e1val Gal\u00edci\u00e1ban, tifuszos lett, majd a K\u0151r\u00f6smez\u0151i T\u00e1bori k\u00f3rh\u00e1z gy\u00f3gyszer\u00e9sz kad\u00e9tja. <strong>Kit\u00fcntet\u00e9sei:<\/strong> A\u00e9k. vit. szalagon, ez\u00fcst \u00e9rem a V\u00f6r\u00f6skeresztt\u0151l; a piros-feh\u00e9r-z\u00f6ld had\u00e9rem szalagj\u00e1n, karddal \u00e9s sisakkal H\u00e1bor\u00fas eml\u00e9k\u00e9rem. Kv.-on a FJTE rendk\u00edv\u00fcli gy\u00f3gyszer\u00e9szhallgat\u00f3ja (1919. jan. 1. \u2013), Bp.-en folytatta \u00e9s Szegeden szerzett gy\u00f3gyszer\u00e9sz oklevelet (1921. dec. 10.), mik\u00f6zben gyakorlatait folytatta Mv.-en Weinrich K\u00e1roly, Citrom Vilma \u00e9s Osv\u00e1th K\u00e1roly gy\u00f3gyszer\u00e9szekn\u00e9l \u00e9s k\u00e9s\u00f6bb Bar\u00f3ton Jeney Istv\u00e1n (1880\u20131958) gy\u00f3gyszert\u00e1r\u00e1ban. Mv.-en kezel\u0151je az \u0150rangyal Gy\u00f3gyszert\u00e1rnak (\u20131926). A Rom\u00e1niai Gy\u00f3gyszer\u00e9szek \u00c1ltal\u00e1nos Egyes\u00fclete keret\u00e9ben ker\u00fcleti p\u00e1nzt\u00e1ros tiszts\u00e9get viselt. Az Attila gy\u00f3gyszert\u00e1r tulajdonosa Cs\u00edkszentm\u00e1rtonban (1926. okt. \u2013) \u00e9s a Tusn\u00e1dg\u00fcrd\u0151n m\u0171k\u00f6d\u0151 id\u00e9nygy\u00f3gyszert\u00e1r is tulajdon\u00e1ba volt. Gyakornok volt n\u00e1la ifj. Horv\u00e1th Tibor (1947) a k\u00e9s\u0151bbi mv.-i f\u0151gy\u00f3gyszer\u00e9sz. Vezet\u00e9s\u00e9vel megalap\u00edtott\u00e1k Cs\u00edkszentm\u00e1rtonban a Vegyes K\u00f3rh\u00e1zat (1945), amely a kv.-i BTE Orvosi Kar\u00e1nak aloszt\u00e1lyak\u00e9nt m\u0171k\u00f6d\u00f6tt. A 418. sz. Dekr\u00e9tum alapj\u00e1n \u00e1llamos\u00edtott\u00e1k gy\u00f3gyszert\u00e1r\u00e1t (1953. m\u00e1j. 8.). Az \u00e1llamos\u00edt\u00e1s ut\u00e1n dolgozott az \u00e1ltla alap\u00edtott k\u00f3rh\u00e1z patik\u00e1j\u00e1ban, Cs\u00edkkarcfalv\u00e1ra helyezt\u00e9k nyugd\u00edjaz\u00e1s\u00e1ig (1969. nov. 1.). <br \/><strong>Irod.:<\/strong> P\u00e9ter H. M.; P\u00e9ter H. M. 2013<\/br><\/p>\n","protected":false},"excerpt":{"rendered":"<p>Sz\u00e9kelykereszt\u00far, 1893. m\u00e1j. 28., \u2020 Cs\u00edkkarcfalva, 1970. m\u00e1j. 28. Mv.-en temett\u00e9k el: gy\u00f3gyszer\u00e9sz. \u2013 Feles\u00e9ge: bar\u00f3ti, tusn\u00e1di M\u00f3rik Margit Berta Anna (esk\u00fcv\u0151 1923. okt.). Gyermekeik: K\u00e1lm\u00e1n, Ilona, G\u00e9za, M\u00e1rta. \u2013 Sz\u00e9kelyudvarhelyen \u00e9retts\u00e9gizett, Sz\u00e9kelykereszt\u00faron gy\u00f3gyszer\u00e9sz gyakornok a J\u00e4ger J\u00f3zsef patik\u00e1j\u00e1ban, majd Bar\u00f3ton Debitzky Mih\u00e1ly gy\u00f3gyszert\u00e1r\u00e1ban, harct\u00e9ri szabads\u00e1ga idej\u00e9n tette le a gyakornoki vizsg\u00e1t (1915). Katona (1914\u2013), [&hellip;]<\/p>\n","protected":false},"featured_media":0,"comment_status":"open","ping_status":"closed","template":"","meta":[],"product_brand":[],"product_cat":[137],"product_tag":[],"class_list":{"0":"post-12520","1":"product","2":"type-product","3":"status-publish","5":"product_cat-maros-megyei-eletrajzi-lexikon","7":"first","8":"instock","9":"shipping-taxable","10":"product-type-simple"},"_links":{"self":[{"href":"https:\/\/uj.adatbank.ro\/lexikon\/wp-json\/wp\/v2\/product\/12520","targetHints":{"allow":["GET"]}}],"collection":[{"href":"https:\/\/uj.adatbank.ro\/lexikon\/wp-json\/wp\/v2\/product"}],"about":[{"href":"https:\/\/uj.adatbank.ro\/lexikon\/wp-json\/wp\/v2\/types\/product"}],"replies":[{"embeddable":true,"href":"https:\/\/uj.adatbank.ro\/lexikon\/wp-json\/wp\/v2\/comments?post=12520"}],"wp:attachment":[{"href":"https:\/\/uj.adatbank.ro\/lexikon\/wp-json\/wp\/v2\/media?parent=12520"}],"wp:term":[{"taxonomy":"product_brand","embeddable":true,"href":"https:\/\/uj.adatbank.ro\/lexikon\/wp-json\/wp\/v2\/product_brand?post=12520"},{"taxonomy":"product_cat","embeddable":true,"href":"https:\/\/uj.adatbank.ro\/lexikon\/wp-json\/wp\/v2\/product_cat?post=12520"},{"taxonomy":"product_tag","embeddable":true,"href":"https:\/\/uj.adatbank.ro\/lexikon\/wp-json\/wp\/v2\/product_tag?post=12520"}],"curies":[{"name":"wp","href":"https:\/\/api.w.org\/{rel}","templated":true}]}}