{"id":12521,"date":"2025-06-29T14:30:03","date_gmt":"2025-06-29T12:30:03","guid":{"rendered":"https:\/\/uj.adatbank.ro\/lexikon\/termek\/konrad-mihaly\/"},"modified":"2025-06-29T14:30:03","modified_gmt":"2025-06-29T12:30:03","slug":"konrad-mihaly","status":"publish","type":"product","link":"https:\/\/uj.adatbank.ro\/lexikon\/termek\/konrad-mihaly\/","title":{"rendered":"KONR\u00c1D Mih\u00e1ly"},"content":{"rendered":"<p>? \u2020 ?: tan\u00e1r, biol\u00f3gus. \u2013 A segesv\u00e1ri 3. sz. \u00c1ltal\u00e1nos iskol\u00e1ban tan\u00edtott \u00e9s igazgat\u00f3 volt (1960-as \u00e9vekben). Lepkegy\u0171jt\u0151. <br \/><strong>Irod.:<\/strong> <strong>F. m.:<\/strong> Pillang\u00f3k (V. Z., 1968. m\u00e1rc. 3.)<\/br><\/p>\n","protected":false},"excerpt":{"rendered":"<p>? \u2020 ?: tan\u00e1r, biol\u00f3gus. \u2013 A segesv\u00e1ri 3. sz. \u00c1ltal\u00e1nos iskol\u00e1ban tan\u00edtott \u00e9s igazgat\u00f3 volt (1960-as \u00e9vekben). Lepkegy\u0171jt\u0151. Irod.: F. m.: Pillang\u00f3k (V. Z., 1968. m\u00e1rc. 3.)<\/p>\n","protected":false},"featured_media":0,"comment_status":"open","ping_status":"closed","template":"","meta":[],"product_brand":[],"product_cat":[137],"product_tag":[],"class_list":{"0":"post-12521","1":"product","2":"type-product","3":"status-publish","5":"product_cat-maros-megyei-eletrajzi-lexikon","7":"first","8":"instock","9":"shipping-taxable","10":"product-type-simple"},"_links":{"self":[{"href":"https:\/\/uj.adatbank.ro\/lexikon\/wp-json\/wp\/v2\/product\/12521","targetHints":{"allow":["GET"]}}],"collection":[{"href":"https:\/\/uj.adatbank.ro\/lexikon\/wp-json\/wp\/v2\/product"}],"about":[{"href":"https:\/\/uj.adatbank.ro\/lexikon\/wp-json\/wp\/v2\/types\/product"}],"replies":[{"embeddable":true,"href":"https:\/\/uj.adatbank.ro\/lexikon\/wp-json\/wp\/v2\/comments?post=12521"}],"wp:attachment":[{"href":"https:\/\/uj.adatbank.ro\/lexikon\/wp-json\/wp\/v2\/media?parent=12521"}],"wp:term":[{"taxonomy":"product_brand","embeddable":true,"href":"https:\/\/uj.adatbank.ro\/lexikon\/wp-json\/wp\/v2\/product_brand?post=12521"},{"taxonomy":"product_cat","embeddable":true,"href":"https:\/\/uj.adatbank.ro\/lexikon\/wp-json\/wp\/v2\/product_cat?post=12521"},{"taxonomy":"product_tag","embeddable":true,"href":"https:\/\/uj.adatbank.ro\/lexikon\/wp-json\/wp\/v2\/product_tag?post=12521"}],"curies":[{"name":"wp","href":"https:\/\/api.w.org\/{rel}","templated":true}]}}