{"id":12522,"date":"2025-06-29T14:30:05","date_gmt":"2025-06-29T12:30:05","guid":{"rendered":"https:\/\/uj.adatbank.ro\/lexikon\/termek\/konrad-chunradus\/"},"modified":"2025-06-29T14:30:05","modified_gmt":"2025-06-29T12:30:05","slug":"konrad-chunradus","status":"publish","type":"product","link":"https:\/\/uj.adatbank.ro\/lexikon\/termek\/konrad-chunradus\/","title":{"rendered":"KONR\u00c1D, Chunradus"},"content":{"rendered":"<p>?, \u2020 ?: r. k. pap. \u2013 Als\u00f3idecsen szolg\u00e1lt \u00e9s fizette a p\u00e1pai tizedet (1333\u201335). <br \/><strong>Irod.:<\/strong> Ferenczi S\u00e1ndor 2009; L\u00e9sty\u00e1n \u2013 templomok 1.<\/br><\/p>\n","protected":false},"excerpt":{"rendered":"<p>?, \u2020 ?: r. k. pap. \u2013 Als\u00f3idecsen szolg\u00e1lt \u00e9s fizette a p\u00e1pai tizedet (1333\u201335). Irod.: Ferenczi S\u00e1ndor 2009; L\u00e9sty\u00e1n \u2013 templomok 1.<\/p>\n","protected":false},"featured_media":0,"comment_status":"open","ping_status":"closed","template":"","meta":[],"product_brand":[],"product_cat":[137],"product_tag":[],"class_list":{"0":"post-12522","1":"product","2":"type-product","3":"status-publish","5":"product_cat-maros-megyei-eletrajzi-lexikon","7":"first","8":"instock","9":"shipping-taxable","10":"product-type-simple"},"_links":{"self":[{"href":"https:\/\/uj.adatbank.ro\/lexikon\/wp-json\/wp\/v2\/product\/12522","targetHints":{"allow":["GET"]}}],"collection":[{"href":"https:\/\/uj.adatbank.ro\/lexikon\/wp-json\/wp\/v2\/product"}],"about":[{"href":"https:\/\/uj.adatbank.ro\/lexikon\/wp-json\/wp\/v2\/types\/product"}],"replies":[{"embeddable":true,"href":"https:\/\/uj.adatbank.ro\/lexikon\/wp-json\/wp\/v2\/comments?post=12522"}],"wp:attachment":[{"href":"https:\/\/uj.adatbank.ro\/lexikon\/wp-json\/wp\/v2\/media?parent=12522"}],"wp:term":[{"taxonomy":"product_brand","embeddable":true,"href":"https:\/\/uj.adatbank.ro\/lexikon\/wp-json\/wp\/v2\/product_brand?post=12522"},{"taxonomy":"product_cat","embeddable":true,"href":"https:\/\/uj.adatbank.ro\/lexikon\/wp-json\/wp\/v2\/product_cat?post=12522"},{"taxonomy":"product_tag","embeddable":true,"href":"https:\/\/uj.adatbank.ro\/lexikon\/wp-json\/wp\/v2\/product_tag?post=12522"}],"curies":[{"name":"wp","href":"https:\/\/api.w.org\/{rel}","templated":true}]}}