{"id":12524,"date":"2025-06-29T14:30:09","date_gmt":"2025-06-29T12:30:09","guid":{"rendered":"https:\/\/uj.adatbank.ro\/lexikon\/termek\/konya-1943-ig-konja-sandor\/"},"modified":"2025-06-29T14:30:09","modified_gmt":"2025-06-29T12:30:09","slug":"konya-1943-ig-konja-sandor","status":"publish","type":"product","link":"https:\/\/uj.adatbank.ro\/lexikon\/termek\/konya-1943-ig-konja-sandor\/","title":{"rendered":"K\u00d3NYA (1943-ig KONJA) S\u00e1ndor"},"content":{"rendered":"<p>Przemysl, 1902. \u00e1pr. 22. \u2020 1992. dec. 28.: \u0151rnagy. Alakulata: M. Kir. Mv.-i Csaba Kir\u00e1lyfi Honv\u00e9d Gyorsfegyvernemi Hadapr\u00f3diskola. <strong>Kit\u00fcntet\u00e9sei:<\/strong> M\u00c9R lovagkeresztje hadiszalagon kardokkal, Felvid\u00e9ki Eml\u00e9k\u00e9rem, Erd\u00e9lyi Eml\u00e9k\u00e9rem, Tiszti Katonai Szolg\u00e1lati Jel II. oszt. Vit\u00e9zi avat\u00e1sa. 1943. j\u00fan. 11. <br \/><strong>Irod.:<\/strong> Berekm\u00e9ri\u2013Nemes<\/br><\/p>\n","protected":false},"excerpt":{"rendered":"<p>Przemysl, 1902. \u00e1pr. 22. \u2020 1992. dec. 28.: \u0151rnagy. Alakulata: M. Kir. Mv.-i Csaba Kir\u00e1lyfi Honv\u00e9d Gyorsfegyvernemi Hadapr\u00f3diskola. Kit\u00fcntet\u00e9sei: M\u00c9R lovagkeresztje hadiszalagon kardokkal, Felvid\u00e9ki Eml\u00e9k\u00e9rem, Erd\u00e9lyi Eml\u00e9k\u00e9rem, Tiszti Katonai Szolg\u00e1lati Jel II. oszt. Vit\u00e9zi avat\u00e1sa. 1943. j\u00fan. 11. Irod.: Berekm\u00e9ri\u2013Nemes<\/p>\n","protected":false},"featured_media":0,"comment_status":"open","ping_status":"closed","template":"","meta":[],"product_brand":[],"product_cat":[137],"product_tag":[],"class_list":{"0":"post-12524","1":"product","2":"type-product","3":"status-publish","5":"product_cat-maros-megyei-eletrajzi-lexikon","7":"first","8":"instock","9":"shipping-taxable","10":"product-type-simple"},"_links":{"self":[{"href":"https:\/\/uj.adatbank.ro\/lexikon\/wp-json\/wp\/v2\/product\/12524","targetHints":{"allow":["GET"]}}],"collection":[{"href":"https:\/\/uj.adatbank.ro\/lexikon\/wp-json\/wp\/v2\/product"}],"about":[{"href":"https:\/\/uj.adatbank.ro\/lexikon\/wp-json\/wp\/v2\/types\/product"}],"replies":[{"embeddable":true,"href":"https:\/\/uj.adatbank.ro\/lexikon\/wp-json\/wp\/v2\/comments?post=12524"}],"wp:attachment":[{"href":"https:\/\/uj.adatbank.ro\/lexikon\/wp-json\/wp\/v2\/media?parent=12524"}],"wp:term":[{"taxonomy":"product_brand","embeddable":true,"href":"https:\/\/uj.adatbank.ro\/lexikon\/wp-json\/wp\/v2\/product_brand?post=12524"},{"taxonomy":"product_cat","embeddable":true,"href":"https:\/\/uj.adatbank.ro\/lexikon\/wp-json\/wp\/v2\/product_cat?post=12524"},{"taxonomy":"product_tag","embeddable":true,"href":"https:\/\/uj.adatbank.ro\/lexikon\/wp-json\/wp\/v2\/product_tag?post=12524"}],"curies":[{"name":"wp","href":"https:\/\/api.w.org\/{rel}","templated":true}]}}