{"id":12526,"date":"2025-06-29T14:30:12","date_gmt":"2025-06-29T12:30:12","guid":{"rendered":"https:\/\/uj.adatbank.ro\/lexikon\/termek\/konya-elemer\/"},"modified":"2025-06-29T14:30:12","modified_gmt":"2025-06-29T12:30:12","slug":"konya-elemer","status":"publish","type":"product","link":"https:\/\/uj.adatbank.ro\/lexikon\/termek\/konya-elemer\/","title":{"rendered":"K\u00d3NYA Elem\u00e9r"},"content":{"rendered":"<p>?, \u2020 Mv., 1986. m\u00e1j. 17.: tan\u00e1r. \u2013 A mv.-i Ref. Koll. ill. a Bolyai Farkas L\u00edc. magyartan\u00e1ra (1942\u201348). <br \/><strong>Irod.:<\/strong> Mv. t\u00f6rt. 2., [Nekrol\u00f3g] (V. Z., 1986. m\u00e1j. 18.)<\/br><\/p>\n","protected":false},"excerpt":{"rendered":"<p>?, \u2020 Mv., 1986. m\u00e1j. 17.: tan\u00e1r. \u2013 A mv.-i Ref. Koll. ill. a Bolyai Farkas L\u00edc. magyartan\u00e1ra (1942\u201348). Irod.: Mv. t\u00f6rt. 2., [Nekrol\u00f3g] (V. Z., 1986. m\u00e1j. 18.)<\/p>\n","protected":false},"featured_media":0,"comment_status":"open","ping_status":"closed","template":"","meta":[],"product_brand":[],"product_cat":[137],"product_tag":[],"class_list":{"0":"post-12526","1":"product","2":"type-product","3":"status-publish","5":"product_cat-maros-megyei-eletrajzi-lexikon","7":"first","8":"instock","9":"shipping-taxable","10":"product-type-simple"},"_links":{"self":[{"href":"https:\/\/uj.adatbank.ro\/lexikon\/wp-json\/wp\/v2\/product\/12526","targetHints":{"allow":["GET"]}}],"collection":[{"href":"https:\/\/uj.adatbank.ro\/lexikon\/wp-json\/wp\/v2\/product"}],"about":[{"href":"https:\/\/uj.adatbank.ro\/lexikon\/wp-json\/wp\/v2\/types\/product"}],"replies":[{"embeddable":true,"href":"https:\/\/uj.adatbank.ro\/lexikon\/wp-json\/wp\/v2\/comments?post=12526"}],"wp:attachment":[{"href":"https:\/\/uj.adatbank.ro\/lexikon\/wp-json\/wp\/v2\/media?parent=12526"}],"wp:term":[{"taxonomy":"product_brand","embeddable":true,"href":"https:\/\/uj.adatbank.ro\/lexikon\/wp-json\/wp\/v2\/product_brand?post=12526"},{"taxonomy":"product_cat","embeddable":true,"href":"https:\/\/uj.adatbank.ro\/lexikon\/wp-json\/wp\/v2\/product_cat?post=12526"},{"taxonomy":"product_tag","embeddable":true,"href":"https:\/\/uj.adatbank.ro\/lexikon\/wp-json\/wp\/v2\/product_tag?post=12526"}],"curies":[{"name":"wp","href":"https:\/\/api.w.org\/{rel}","templated":true}]}}