{"id":12530,"date":"2025-06-29T14:30:22","date_gmt":"2025-06-29T12:30:22","guid":{"rendered":"https:\/\/uj.adatbank.ro\/lexikon\/termek\/konya-imre\/"},"modified":"2025-06-29T14:30:22","modified_gmt":"2025-06-29T12:30:22","slug":"konya-imre","status":"publish","type":"product","link":"https:\/\/uj.adatbank.ro\/lexikon\/termek\/konya-imre\/","title":{"rendered":"K\u00d3NYA Imre"},"content":{"rendered":"<p>Karcag., 1887 \u2020 Mv., 1969.: tan\u00e1r. \u2013 Fia. K. Istv\u00e1n B\u00e9la 1956 m\u00e1rt\u00edrja. \u2013 F\u00f6ldm\u0171ves nagycsal\u00e1d gyermeke. A sz\u00e1szv\u00e1rosi Kun Koll.-ban v\u00e9gezte a k\u00f6z\u00e9piskol\u00e1t. A kv.-i egyetemen szerzett latin-g\u00f6r\u00f6g nyelv \u00e9s irodalom szakos tan\u00e1ri diplom\u00e1t (1911). El\u0151bb a szamos\u00fajv\u00e1ri, s\u00e1rospataki, nagyenyedi, gyergy\u00f3szentmikl\u00f3si iskol\u00e1kban tan\u00edtott, a feh\u00e9rtemplomi (most Szerbia) gimn\u00e1ziumban tan\u00edtott (\u20131921), onnan j\u00f6tt Mv. -re a Ref. Koll.-ban latin-g\u00f6r\u00f6g \u00e9s m. nyelv tan\u00e1ra (1921\u201348), az intern\u00e1tus fel\u00fcgyel\u0151je (1939), a koll. k\u00f6nyvt\u00e1rosa (\u20131950 nov.), az elemi iskola igazgat\u00f3ja, majd a Teleki T\u00e9ka k\u00f6nyvt\u00e1rosa (1951\u201360). Hozz\u00e1\u00e9rt\u00e9ssel v\u00e9gzett feldolgoz\u00f3, bibliogr\u00e1fiai tev\u00e9kenys\u00e9g\u00e9nek nyomait sz\u00e1mos katal\u00f3gus \u0151rzi. \u00c9veken kereszt\u00fcl f\u0151 feladata a T\u00e9ka k\u00e9ziratos anyag\u00e1nak feldolgoz\u00e1sa, sajnos nem ker\u00fclt sor a k\u00e9zirat-katal\u00f3gus v\u00e9gleges\u00edt\u00e9s\u00e9re, sajt\u00f3 al\u00e1 rendez\u00e9s\u00e9re, pedig val\u00f3sz\u00edn\u0171leg a t\u00f6bb sz\u00e1z oldalas anyag \u00f6ssze\u00e1ll\u00edt\u00e1sakor egy majdani kiad\u00e1s lehet\u0151s\u00e9g\u00e9re is gondolt. Ezt jelzi a k\u00e9ziratok szakszer\u0171 le\u00edr\u00e1sa, ismertet\u00e9se mellett a szakirodalmi utal\u00e1sok, \u00e9s az hogy esetenk\u00e9nt a k\u00f6zl\u00e9s hely\u00e9t is felt\u0171ntette. Az Erd\u00e9lyi Helikon mv.-i tagjai k\u00f6zt szerepelt (1930). A mv.-i ref. egyh\u00e1zk\u00f6zs\u00e9g presbitere, az ellen\u0151rz\u0151 bizotts\u00e1g eln\u00f6ke. Cikkei : S\u00e1rospataki Ref. Lapok ( 1912, 38\/52 sz. P\u00f3sah\u00e1zi J\u00e1nos \u00e9lete \u00e9s m\u0171k\u00f6d\u00e9se), M. N. M\u00fazeum N\u00e9pr. O. \u00c9rtes\u00edt\u0151je (1914). K\u00f6nyvt\u00e1ross\u00e1ga idej\u00e9n a mv.-i OGYI kiadv\u00e1ny\u00e1ban, az Orvosi Szeml\u00e9ben a k\u00f6nyvt\u00e1r 16. sz. K\u00e9ziratos orvosi k\u00f6nyv\u00e9t ismertette m. \u00e9s rom\u00e1n nyelven. <br \/><strong>Irod.:<\/strong> Csekme; De\u00e9; Guly\u00e1s; Id\u0151t\u00e1r 3; Marosi-Helikon; Mv. t\u00f6rt. 2.; Nagy Lajos: Mindenre van er\u0151m a Krisztusban (Mv., 2005.); Sebesty\u00e9n<\/br><\/p>\n","protected":false},"excerpt":{"rendered":"<p>Karcag., 1887 \u2020 Mv., 1969.: tan\u00e1r. \u2013 Fia. K. Istv\u00e1n B\u00e9la 1956 m\u00e1rt\u00edrja. \u2013 F\u00f6ldm\u0171ves nagycsal\u00e1d gyermeke. A sz\u00e1szv\u00e1rosi Kun Koll.-ban v\u00e9gezte a k\u00f6z\u00e9piskol\u00e1t. A kv.-i egyetemen szerzett latin-g\u00f6r\u00f6g nyelv \u00e9s irodalom szakos tan\u00e1ri diplom\u00e1t (1911). El\u0151bb a szamos\u00fajv\u00e1ri, s\u00e1rospataki, nagyenyedi, gyergy\u00f3szentmikl\u00f3si iskol\u00e1kban tan\u00edtott, a feh\u00e9rtemplomi (most Szerbia) gimn\u00e1ziumban tan\u00edtott (\u20131921), onnan j\u00f6tt Mv. -re [&hellip;]<\/p>\n","protected":false},"featured_media":0,"comment_status":"open","ping_status":"closed","template":"","meta":[],"product_brand":[],"product_cat":[137],"product_tag":[],"class_list":{"0":"post-12530","1":"product","2":"type-product","3":"status-publish","5":"product_cat-maros-megyei-eletrajzi-lexikon","7":"first","8":"instock","9":"shipping-taxable","10":"product-type-simple"},"_links":{"self":[{"href":"https:\/\/uj.adatbank.ro\/lexikon\/wp-json\/wp\/v2\/product\/12530","targetHints":{"allow":["GET"]}}],"collection":[{"href":"https:\/\/uj.adatbank.ro\/lexikon\/wp-json\/wp\/v2\/product"}],"about":[{"href":"https:\/\/uj.adatbank.ro\/lexikon\/wp-json\/wp\/v2\/types\/product"}],"replies":[{"embeddable":true,"href":"https:\/\/uj.adatbank.ro\/lexikon\/wp-json\/wp\/v2\/comments?post=12530"}],"wp:attachment":[{"href":"https:\/\/uj.adatbank.ro\/lexikon\/wp-json\/wp\/v2\/media?parent=12530"}],"wp:term":[{"taxonomy":"product_brand","embeddable":true,"href":"https:\/\/uj.adatbank.ro\/lexikon\/wp-json\/wp\/v2\/product_brand?post=12530"},{"taxonomy":"product_cat","embeddable":true,"href":"https:\/\/uj.adatbank.ro\/lexikon\/wp-json\/wp\/v2\/product_cat?post=12530"},{"taxonomy":"product_tag","embeddable":true,"href":"https:\/\/uj.adatbank.ro\/lexikon\/wp-json\/wp\/v2\/product_tag?post=12530"}],"curies":[{"name":"wp","href":"https:\/\/api.w.org\/{rel}","templated":true}]}}