{"id":12531,"date":"2025-06-29T14:30:24","date_gmt":"2025-06-29T12:30:24","guid":{"rendered":"https:\/\/uj.adatbank.ro\/lexikon\/termek\/konya-istvan\/"},"modified":"2025-06-29T14:30:24","modified_gmt":"2025-06-29T12:30:24","slug":"konya-istvan","status":"publish","type":"product","link":"https:\/\/uj.adatbank.ro\/lexikon\/termek\/konya-istvan\/","title":{"rendered":"K\u00d3NYA Istv\u00e1n"},"content":{"rendered":"<p>Gyergy\u00f3szentmikl\u00f3s, 1926. jan. 16., \u2020 Mv., 2003. febr. 13.: tan\u00e1r, m\u00fazeol\u00f3gus. \u2013 K\u00f6z\u00e9piskol\u00e1t (2 \u00e9v h\u00e1bor\u00fas megszak\u00edt\u00e1ssal) Kv.-on ill. Mv.-en v\u00e9gezte, itt \u00e9retts\u00e9gizett (1948); a kv.-i BTE en term\u00e9szetrajztan\u00e1ri oklevelet szerzett (1948\u201352). A mv.-i Tartom\u00e1nyi \/ Megyei M\u00fazeumban muzeol\u00f3gus nyugd\u00edjaz\u00e1s\u00e1ig (1952\u201386), a term\u00e9szetrajzi oszt\u00e1ly megalap\u00edt\u00f3ja \u00e9s vezet\u0151je. Kutat\u00e1si ter\u00fclete : mad\u00e1r \u00e9s rovartan; az Orsz\u00e1gos Ornitol\u00f3giai K\u00f6zpont k\u00fcls\u0151 munkat\u00e1rsa (1958\u2013). Dragom\u00e1n P\u00e1llal elk\u00e9sz\u00edtette a szabadt\u00e9ri falum\u00fazeum terv\u00e9t (1960), a mv.-i M\u00fazeum r\u00e9sz\u00e9re a M. Autonom Tartom\u00e1ny ter\u00fclet\u00e9r\u0151l n\u00e9prajzi anyagot gy\u0171jt\u00f6ttek (viselet, h\u00e1zi sz\u0151ttesek, gazdas\u00e1gi eszk\u00f6z\u00f6k, n\u00e9pi m\u0171v\u00e9szeti alkot\u00e1sok), v\u00e9g\u00fcl a k\u00f6zponti szervek visszavont\u00e1k a falum\u00fazeum enged\u00e9lyez\u00e9s\u00e9t. Helyismereti \u00e9s k\u00f6rnyezet-, mad\u00e1r- \u00e9s term\u00e9szetv\u00e9delmi, \u0151sl\u00e9nytani el\u0151ad\u00e1sokat tartott, amelyek sokszoros\u00edtva ker\u00fcltek forgalomba; mad\u00e1rfigyel\u0151 el\u0151ad\u00e1sokat szervezett. A Marosv\u00f6lgy\u00e9ben Kohl Istv\u00e1nnal rendszeres mad\u00e1rfigyel\u0151 szolg\u00e1latot szervezett; Fuchs Hermannal k\u00f6z\u00f6s tanulm\u00e1nyban dolgozta fel a Kisk\u00fck\u00fcll\u0151v\u00f6lgy\u00e9ben tal\u00e1lt negyedkori gyapjas orrszarv\u00fa k\u00f6v\u00fcleteit. A V\u00e1rtemplom presbitere volt. Cikkei : A Sepsiszentgy\u00f6rgyi M\u00fazeum \u00c9vk\u00f6nyve, Ifj\u00famunk\u00e1s, Nymphaea, Studii \u015fi Materiale, Tibiscus, Marisia, Analele Banatului, \u015etiin\u0163ele Naturii, Revista Muzeelor, Ziridava, V. Z., Falvak Dolgoz\u00f3 N\u00e9pe, Steaua Ro\u015fie. \u2013 <strong>F. m.:<\/strong> Rezerva\u0163ia natural\u0103 de la Z\u0103u de C\u00eempie \u2013 A mez\u0151z\u00e1hi term\u00e9szetv\u00e9delmi ter\u00fclet (Mv., 1974). <br \/><strong>Irod.:<\/strong> Bo\u00e9r Hunor: A Magyar Auton\u00f3m Tartom\u00e1ny M\u00fazeumainak Kollekt\u00edv Tan\u00e1csa (1956\u20131957) = Maros megyei m. 3.; EMKK; KKACS; Kusz\u00e1lik; P\u00e1l-Antal \u2013 Simon; RMIL; RMKK<\/br><\/p>\n","protected":false},"excerpt":{"rendered":"<p>Gyergy\u00f3szentmikl\u00f3s, 1926. jan. 16., \u2020 Mv., 2003. febr. 13.: tan\u00e1r, m\u00fazeol\u00f3gus. \u2013 K\u00f6z\u00e9piskol\u00e1t (2 \u00e9v h\u00e1bor\u00fas megszak\u00edt\u00e1ssal) Kv.-on ill. Mv.-en v\u00e9gezte, itt \u00e9retts\u00e9gizett (1948); a kv.-i BTE en term\u00e9szetrajztan\u00e1ri oklevelet szerzett (1948\u201352). A mv.-i Tartom\u00e1nyi \/ Megyei M\u00fazeumban muzeol\u00f3gus nyugd\u00edjaz\u00e1s\u00e1ig (1952\u201386), a term\u00e9szetrajzi oszt\u00e1ly megalap\u00edt\u00f3ja \u00e9s vezet\u0151je. Kutat\u00e1si ter\u00fclete : mad\u00e1r \u00e9s rovartan; az Orsz\u00e1gos [&hellip;]<\/p>\n","protected":false},"featured_media":0,"comment_status":"open","ping_status":"closed","template":"","meta":[],"product_brand":[],"product_cat":[137],"product_tag":[],"class_list":{"0":"post-12531","1":"product","2":"type-product","3":"status-publish","5":"product_cat-maros-megyei-eletrajzi-lexikon","7":"first","8":"instock","9":"shipping-taxable","10":"product-type-simple"},"_links":{"self":[{"href":"https:\/\/uj.adatbank.ro\/lexikon\/wp-json\/wp\/v2\/product\/12531","targetHints":{"allow":["GET"]}}],"collection":[{"href":"https:\/\/uj.adatbank.ro\/lexikon\/wp-json\/wp\/v2\/product"}],"about":[{"href":"https:\/\/uj.adatbank.ro\/lexikon\/wp-json\/wp\/v2\/types\/product"}],"replies":[{"embeddable":true,"href":"https:\/\/uj.adatbank.ro\/lexikon\/wp-json\/wp\/v2\/comments?post=12531"}],"wp:attachment":[{"href":"https:\/\/uj.adatbank.ro\/lexikon\/wp-json\/wp\/v2\/media?parent=12531"}],"wp:term":[{"taxonomy":"product_brand","embeddable":true,"href":"https:\/\/uj.adatbank.ro\/lexikon\/wp-json\/wp\/v2\/product_brand?post=12531"},{"taxonomy":"product_cat","embeddable":true,"href":"https:\/\/uj.adatbank.ro\/lexikon\/wp-json\/wp\/v2\/product_cat?post=12531"},{"taxonomy":"product_tag","embeddable":true,"href":"https:\/\/uj.adatbank.ro\/lexikon\/wp-json\/wp\/v2\/product_tag?post=12531"}],"curies":[{"name":"wp","href":"https:\/\/api.w.org\/{rel}","templated":true}]}}